{"id":127874,"date":"2019-08-09T19:47:52","date_gmt":"2019-08-09T19:47:52","guid":{"rendered":"https:\/\/lajverwine.com\/kozbeszerzesek\/"},"modified":"2021-05-18T02:42:39","modified_gmt":"2021-05-18T00:42:39","slug":"kozbeszerzesek","status":"publish","type":"page","link":"https:\/\/lajverwine.com\/de\/kozbeszerzesek\/","title":{"rendered":"K\u00f6zbeszerz\u00e9sek"},"content":{"rendered":"<div class=\"wpb-content-wrapper\"><p>[vc_row full_width=&#8220;stretch_row_content_no_spaces&#8220; css=&#8220;.vc_custom_1573654575793{margin-top: 0px !important;margin-right: 0px !important;margin-bottom: 0px !important;margin-left: 0px !important;border-top-width: 0px !important;border-right-width: 0px !important;border-bottom-width: 0px !important;border-left-width: 0px !important;padding-top: 0px !important;padding-right: 0px !important;padding-bottom: 0px !important;padding-left: 0px !important;background-image: url(https:\/\/lajverwine.com\/wp-content\/uploads\/2019\/11\/2019-07-13-Lajver-Viharos-2.jpg?id=2251) !important;}&#8220; el_class=&#8220;top-image&#8220; el_id=&#8220;head-img&#8220;][vc_column css=&#8220;.vc_custom_1565384926316{margin-top: 0px !important;margin-right: 0px !important;margin-bottom: 0px !important;margin-left: 0px !important;border-top-width: 0px !important;border-right-width: 0px !important;border-bottom-width: 0px !important;border-left-width: 0px !important;padding-top: 0px !important;padding-right: 0px !important;padding-bottom: 0px !important;padding-left: 0px !important;}&#8220;][vc_single_image image=&#8220;127885&#8243; alignment=&#8220;center&#8220; css=&#8220;.vc_custom_1573654585909{margin-top: 0px !important;margin-right: 0px !important;margin-bottom: 0px !important;margin-left: 0px !important;border-top-width: 0px !important;border-right-width: 0px !important;border-bottom-width: 0px !important;border-left-width: 0px !important;padding-top: 0px !important;padding-right: 0px !important;padding-bottom: 0px !important;padding-left: 0px !important;}&#8220;][\/vc_column][\/vc_row][vc_row el_class=&#8220;kozbeszerzes-content&#8220;][vc_column][vc_column_text]<\/p>\n<h2>K\u00d6ZBESZERZ\u00c9SEK<\/h2>\n<p>Az al\u00e1bbi oldalon el\u00e9rhet\u0151k a Lajver Borha\u0301z Kft. k\u00f6zbeszerz\u00e9si elj\u00e1r\u00e1sainak adatai.<\/p>\n<p><strong>Dokumentumok:<\/strong><\/p>\n<p><a href=\"\/wp-content\/uploads\/2019\/08\/osszegezes_az_ajanlatok_elbiralasarol.pdf\" target=\"_blank\" rel=\"noopener noreferrer\"><i class=\"fa fa-file-pdf-o fa- \"><\/i>\u00a0A\u0301RUBESZERZE\u0301S VP3-4.2.2-16 \u2013 \u00d6sszegz\u00e9s<\/a>[\/vc_column_text][\/vc_column][\/vc_row]<\/p>\n<\/div>","protected":false},"excerpt":{"rendered":"<p>[vc_row full_width=&#8220;stretch_row_content_no_spaces&#8220; css=&#8220;.vc_custom_1573654575793{margin-top: 0px !important;margin-right: 0px !important;margin-bottom: 0px !important;margin-left: 0px !important;border-top-width: 0px !important;border-right-width: 0px !important;border-bottom-width: 0px !important;border-left-width: 0px !important;padding-top: 0px !important;padding-right: 0px !important;padding-bottom: 0px !important;padding-left: 0px !important;background-image: url(https:\/\/lajverwine.com\/wp-content\/uploads\/2019\/11\/2019-07-13-Lajver-Viharos-2.jpg?id=2251) !important;}&#8220; el_class=&#8220;top-image&#8220; el_id=&#8220;head-img&#8220;][vc_column css=&#8220;.vc_custom_1565384926316{margin-top: 0px !important;margin-right: 0px !important;margin-bottom: 0px !important;margin-left: 0px !important;border-top-width: 0px !important;border-right-width: 0px !important;border-bottom-width: 0px !important;border-left-width: 0px !important;padding-top: 0px !important;padding-right: 0px !important;padding-bottom: 0px !important;padding-left: 0px [&hellip;]<\/p>\n","protected":false},"author":361,"featured_media":0,"parent":0,"menu_order":0,"comment_status":"closed","ping_status":"closed","template":"","meta":{"_acf_changed":false,"footnotes":""},"class_list":["post-127874","page","type-page","status-publish","hentry"],"acf":[],"_links":{"self":[{"href":"https:\/\/lajverwine.com\/de\/wp-json\/wp\/v2\/pages\/127874","targetHints":{"allow":["GET"]}}],"collection":[{"href":"https:\/\/lajverwine.com\/de\/wp-json\/wp\/v2\/pages"}],"about":[{"href":"https:\/\/lajverwine.com\/de\/wp-json\/wp\/v2\/types\/page"}],"author":[{"embeddable":true,"href":"https:\/\/lajverwine.com\/de\/wp-json\/wp\/v2\/users\/361"}],"replies":[{"embeddable":true,"href":"https:\/\/lajverwine.com\/de\/wp-json\/wp\/v2\/comments?post=127874"}],"version-history":[{"count":2,"href":"https:\/\/lajverwine.com\/de\/wp-json\/wp\/v2\/pages\/127874\/revisions"}],"predecessor-version":[{"id":129290,"href":"https:\/\/lajverwine.com\/de\/wp-json\/wp\/v2\/pages\/127874\/revisions\/129290"}],"wp:attachment":[{"href":"https:\/\/lajverwine.com\/de\/wp-json\/wp\/v2\/media?parent=127874"}],"curies":[{"name":"wp","href":"https:\/\/api.w.org\/{rel}","templated":true}]}}