{"id":132282,"date":"2022-03-10T05:17:54","date_gmt":"2022-03-10T04:17:54","guid":{"rendered":"https:\/\/lajverwine.com\/lajver-boraszat\/"},"modified":"2022-03-10T05:28:18","modified_gmt":"2022-03-10T04:28:18","slug":"lajver-boraszat","status":"publish","type":"page","link":"https:\/\/lajverwine.com\/de\/lajver-boraszat\/","title":{"rendered":"WEINGUT"},"content":{"rendered":"<div class=\"wpb-content-wrapper\"><p>[vc_row full_width=&#8220;stretch_row_content_no_spaces&#8220; css=&#8220;.vc_custom_1569586321675{margin-top: 0px !important;margin-right: 0px !important;margin-bottom: 0px !important;margin-left: 0px !important;border-top-width: 0px !important;border-right-width: 0px !important;border-bottom-width: 0px !important;border-left-width: 0px !important;padding-top: 0px !important;padding-right: 0px !important;padding-bottom: 0px !important;padding-left: 0px !important;background-image: url(https:\/\/lajverwine.com\/wp-content\/uploads\/2019\/09\/lajverbirotk-legi.jpg?id=1494) !important;}&#8220; el_class=&#8220;top-image&#8220; el_id=&#8220;head-img&#8220;][vc_column css=&#8220;.vc_custom_1565384926316{margin-top: 0px !important;margin-right: 0px !important;margin-bottom: 0px !important;margin-left: 0px !important;border-top-width: 0px !important;border-right-width: 0px !important;border-bottom-width: 0px !important;border-left-width: 0px !important;padding-top: 0px !important;padding-right: 0px !important;padding-bottom: 0px !important;padding-left: 0px !important;}&#8220;][vc_single_image image=&#8220;129433&#8243; add_caption=&#8220;yes&#8220; alignment=&#8220;center&#8220; css=&#8220;.vc_custom_1573224905110{margin-top: 0px !important;margin-right: 0px !important;margin-bottom: 0px !important;margin-left: 0px !important;border-top-width: 0px !important;border-right-width: 0px !important;border-bottom-width: 0px !important;border-left-width: 0px !important;padding-top: 0px !important;padding-right: 0px !important;padding-bottom: 0px !important;padding-left: 0px !important;}&#8220;][\/vc_column][\/vc_row][vc_row luv_animation=&#8220;c-animate-bottom&#8220; el_id=&#8220;boraszat&#8220; css=&#8220;.vc_custom_1565536322583{margin-top: -100px !important;margin-right: 0px !important;margin-left: 0px !important;padding-right: 0px !important;padding-left: 0px !important;background-color: #231f20 !important;}&#8220;][vc_column][vc_raw_html]JTNDaDIlMjBzdHlsZSUzRCUyMnRleHQtYWxpZ24lM0ElMjBjZW50ZXIlM0IlMjIlM0UyNiUyMEhFS1RBUiUyMCUzQ3NwYW4lM0UlN0MlM0MlMkZzcGFuJTNFJTIwNCUyMFBBUlpFTExFTiUyMCUzQ3NwYW4lM0UlN0MlM0MlMkZzcGFuJTNFJTIwMzMwJTIwVEVSUkFTU0VOJTNDJTJGaDIlM0U=[\/vc_raw_html][vc_column_text css=&#8220;.vc_custom_1621868915003{padding-top: 25px !important;padding-right: 35px !important;padding-bottom: 25px !important;padding-left: 35px !important;}&#8220;]<\/p>\n<h4 style=\"text-align: center;\">EIN WESENTLICHER ASPEKT BEI DER GESTALTUNG DES WEINGUTS WAR, DIE NAT\u00dcRLICHE UMGEBUNG ZU RESPEKTIEREN UND SICH IHR ANZUPASSEN, DAMIT SICH DAS WEINGUT SO HARMONISCH WIE M\u00d6GLICH IN DIE UMGEBUNG EINF\u00dcGT.<\/h4>\n<p style=\"text-align: center;\">Die Anpflanzungen, die auf vier Parzellen durch drei\u00dfig Terrassen gegliedert sind, f\u00fcgen sich perfekt in das Tal des Lajv\u00e9r-Baches ein und ergeben ein einzigartiges und nat\u00fcrliches Mikroklima f\u00fcr das Weingut. Das bedeutet nicht nur, dass es im Laufe des Jahres einen Temperaturunterschied von mehreren Grad zwischen den unteren und oberen Terrassen gibt, sondern auch, dass sich der Wassergehalt des Bodens ver\u00e4ndert. Das Tal wirkt wie ein nat\u00fcrlicher Windkanal, der das Laub und die Trauben der Weinh\u00e4nge bel\u00fcftet und so zu einem umweltfreundlichen Weinbau beitr\u00e4gt. Diese Vielfalt erm\u00f6glicht, dass alle unsere zw\u00f6lf Rebsorten bestens gedeihen.<\/p>\n<p>[\/vc_column_text][\/vc_column][\/vc_row][vc_row luv_animation=&#8220;c-animate-bottom&#8220; css=&#8220;.vc_custom_1565538729446{background-image: url(https:\/\/lajverwine.com\/wp-content\/uploads\/2019\/08\/funkcio-bg.png?id=137) !important;}&#8220; el_id=&#8220;boraszat-mini&#8220;][vc_column width=&#8220;5\/6&#8243; el_class=&#8220;boraszat-mini-vontent&#8220;][vc_row_inner][vc_column_inner el_class=&#8220;boraszat-mini-content-left&#8220; luv_animation=&#8220;c-animate-left&#8220; width=&#8220;1\/4&#8243; css=&#8220;.vc_custom_1565538914122{background-color: #f26c4f !important;}&#8220;][vc_single_image image=&#8220;129424&#8243; alignment=&#8220;center&#8220;][vc_column_text]<\/p>\n<h5 style=\"text-align: center;\"><strong>5 Funktionen<br \/>\n3 Fl\u00fcgel<\/strong><\/h5>\n<p>[\/vc_column_text][\/vc_column_inner][vc_column_inner width=&#8220;3\/4&#8243;][vc_column_text]Das moderne, geradlinige Geb\u00e4ude wurde nach dem Konzept der kompromisslosen Verarbeitung aufgebaut. Unser Ziel war es, ein architektonisch markantes Geb\u00e4ude zu schaffen, das sich gut in die Landschaft einf\u00fcgt, wobei ein gro\u00dfer Teil des Geb\u00e4udes unterhalb des\u00a0 Erdbodens liegt. Beim Bauen waren wir bestrebt, nat\u00fcrliche Materialien wie Holz, Beton, Stein, Metall und Glas zu verwenden. Das Objekt\u00a0 entspricht allen notwendigen Funktionen perfekt: es ist zugleich Besucherzentrum, Weinbistro, Industriegeb\u00e4ude, Lager und Weinkeller. Bei der nat\u00fcrlichen Weinerzeugung geht es um die schonende Verarbeitung der Trauben, die auf der modernen Gravitationstechnik basiert.[\/vc_column_text][\/vc_column_inner][\/vc_row_inner][\/vc_column][\/vc_row][vc_row full_width=&#8220;stretch_row&#8220; content_placement=&#8220;middle&#8220; luv_text_alignment=&#8220;center&#8220; css=&#8220;.vc_custom_1565539021466{margin-top: 0px !important;margin-right: 0px !important;margin-bottom: 0px !important;margin-left: 0px !important;background: #231f20 url(https:\/\/lajverwine.com\/wp-content\/uploads\/2019\/08\/alnyomat2.png?id=82) !important;background-position: center !important;background-repeat: no-repeat !important;background-size: contain !important;}&#8220; el_class=&#8220;page-gray-separator&#8220;][vc_column][vc_text_separator title=&#8220;DER WEG DER TRAUBEN&#8220; color=&#8220;custom&#8220; style=&#8220;shadow&#8220; css=&#8220;.vc_custom_1621868964249{margin-top: 0px !important;margin-right: 0px !important;margin-bottom: 0px !important;margin-left: 0px !important;padding-top: 0px !important;padding-right: 30px !important;padding-bottom: 30px !important;padding-left: 30px !important;}&#8220; accent_color=&#8220;#ffffff&#8220; el_class=&#8220;whitetext&#8220;][\/vc_column][\/vc_row][vc_row full_width=&#8220;stretch_row_content_no_spaces&#8220; content_placement=&#8220;middle&#8220; luv_text_alignment=&#8220;center&#8220; css=&#8220;.vc_custom_1565537756022{background-position: center !important;background-repeat: no-repeat !important;background-size: contain !important;}&#8220; el_id=&#8220;szolok-utja-row1&#8243;][vc_column width=&#8220;1\/2&#8243;][\/vc_column][vc_column width=&#8220;1\/2&#8243; el_class=&#8220;szolok-utja-text&#8220;][vc_column_text]Zw\u00f6lf Rebsorten wurden angepflanzt, dennoch wird nicht aus jeder ein spezielles Produkt erzeugt. Einige Sorten sind unserer Auffassung nach ansprechender, wenn sie nicht separat abgef\u00fcllt werden. Oft sind es ungew\u00f6hnliche, neuartige Mischungen, mit denen wir am besten ausdr\u00fccken k\u00f6nnen, wie wir \u00fcber den Anbau von Trauben und die Herstellung von Wein denken.<\/p>\n<h4>48 Preise<\/h4>\n<p>Bei der Auswahl der Sorten\u00a0 war die Qualit\u00e4t das ausschlaggebende Kriterium. Jede Terrasse wird mit den Sorten bepflanzt, die ihr Potenzial dort am besten entfalten k\u00f6nnen, was uns eine einzigartige Vielfalt beschert. Diese Vielfalt erm\u00f6glicht es, in k\u00fchleren Jahrg\u00e4ngen hervorragende Weine zu erzeugen und auch das Potenzial hei\u00dfer Jahrg\u00e4nge auszunutzen. Der Beweis daf\u00fcr sind 48 nationale und internationale Auszeichnungen, die den Lajv\u00e9r-Weinen in den vergangenen f\u00fcnf Jahren zuerkannt wurden.<\/p>\n<h4>12 WEINSORTEN<\/h4>\n<p>[\/vc_column_text][vc_raw_html]UmhlaW5pc2NoZXIlMjBSaWVzbGluZyUyMCUzQ3NwYW4lM0UlN0MlM0MlMkZzcGFuJTNFJTIwV2Vsc2Nocmllc2xpbmclMjAlM0NzcGFuJTNFJTdDJTNDJTJGc3BhbiUzRSUyMENoYXJkb25uYXklMjAlM0NzcGFuJTNFJTdDJTNDJTJGc3BhbiUzRSUyMFNhdXZpZ25vbiUyMGJsYW5jJTIwJTNDc3BhbiUzRSU3QyUzQyUyRnNwYW4lM0UlMjBDc2Vyc3plZ2klMjBmJUM1JUIxc3plcmVzJTIwJTNDc3BhbiUzRSU3QyUzQyUyRnNwYW4lM0UlMjBLYWRhcmthJTIwJTNDc3BhbiUzRSU3QyUzQyUyRnNwYW4lM0UlMjBCbGF1ZnIlQzMlQTRua2lzY2glMjAlM0NzcGFuJTNFJTdDJTNDJTJGc3BhbiUzRSUyMFBpbm90JTIwTm9pciUyMCUzQ3NwYW4lM0UlN0MlM0MlMkZzcGFuJTNFJTIwTWVybG90JTIwJTNDc3BhbiUzRSU3QyUzQyUyRnNwYW4lM0UlMjBDYWJlcm5ldCUyMEZyYW5jJTIwJTNDc3BhbiUzRSU3QyUzQyUyRnNwYW4lM0UlMjBDYWJlcm5ldCUyMFNhdXZpZ25vbiUyMCUzQ3NwYW4lM0UlN0MlM0MlMkZzcGFuJTNFJTIwU3lyYWg=[\/vc_raw_html][\/vc_column][\/vc_row][vc_row full_width=&#8220;stretch_row_content_no_spaces&#8220; content_placement=&#8220;middle&#8220; css=&#8220;.vc_custom_1568983181044{background-position: center !important;background-repeat: no-repeat !important;background-size: contain !important;}&#8220; el_id=&#8220;szolok-utja-row2&#8243;][vc_column width=&#8220;1\/2&#8243; el_class=&#8220;szolok-utja-text&#8220;][vc_column_text]Anerkannte ungarische und ausl\u00e4ndische Experten unterst\u00fctzten uns bei der Schaffung des Weinguts in den H\u00fcgeln von Szeksz\u00e1rd, das die naturgegebenen M\u00f6glichkeiten mit Hilfe modernster Technologien vollst\u00e4ndig ausnutzt. Der 30 Meter tief in den Boden eingelassene Verarbeitungs- und Kellerraum nutzt die Gravitationsenergie der Erde und die nat\u00fcrliche W\u00e4rmespeicherkapazit\u00e4t f\u00fcr eine m\u00f6glichst schonende Verarbeitung.<\/p>\n<p>Sorgf\u00e4ltig am Rebstock verlesene Trauben gelangen w\u00e4hrend der Verarbeitung in Kisten an den h\u00f6chsten Punkt des Weinkellers. Hier werden die gesunden Trauben auf einen R\u00fctteltisch gelegt, wo die sanfte Vibration die Trauben von den meisten Verunreinigungen befreit. Der Rest wird durch Verlesen von Hand entfernt. Hier werden auch die Beeren aussortiert, die nicht reif oder schadhaft sind. Die Beeren gelangen dann durch Gravitation in die Tanks oder die Presse.<\/p>\n<p>Die G\u00e4rung erfolgt bei einer auf Zehntelgrad genau kontrollierten Temperatur und unter 24-st\u00fcndiger \u00dcberwachung.<\/p>\n<p>Unsere F\u00e4sser sind aus hochwertiger ungarischer und amerikanischer Eiche mit einem Fassungsverm\u00f6gen von 225, 300, 500 Litern und werden mit unterschiedlicher R\u00f6stung hergestellt. Auf diese Weise erhalten alle unsere Weine die angemessene Reife, um Schritt f\u00fcr Schritt das Ziel, die Erzeugung des\u00a0 perfekten Lajv\u00e9r-Weins, zu erreichen.[\/vc_column_text][\/vc_column][vc_column width=&#8220;1\/2&#8243;][\/vc_column][\/vc_row][vc_row full_width=&#8220;stretch_row&#8220; css=&#8220;.vc_custom_1569330932524{background-image: url(https:\/\/lajverwine.com\/wp-content\/uploads\/2019\/08\/sikereink.png?id=167) !important;background-position: center !important;background-repeat: no-repeat !important;background-size: cover !important;}&#8220; el_id=&#8220;sikereink&#8220; font_color=&#8220;#5d5d5d&#8220;][vc_column][vc_column_text]<\/p>\n<h2 style=\"text-align: left;\"><strong>UNSERE ERFOLGE<\/strong><\/h2>\n<p>[\/vc_column_text]<div class=\"luv-tabs \"><ul class=\"luv-tabs-nav\"><\/ul><\/div>\t[\/vc_column][\/vc_row]<\/p>\n<\/div>","protected":false},"excerpt":{"rendered":"<p>[vc_row full_width=&#8220;stretch_row_content_no_spaces&#8220; css=&#8220;.vc_custom_1569586321675{margin-top: 0px !important;margin-right: 0px !important;margin-bottom: 0px !important;margin-left: 0px !important;border-top-width: 0px !important;border-right-width: 0px !important;border-bottom-width: 0px !important;border-left-width: 0px !important;padding-top: 0px !important;padding-right: 0px !important;padding-bottom: 0px !important;padding-left: 0px !important;background-image: url(https:\/\/lajverwine.com\/wp-content\/uploads\/2019\/09\/lajverbirotk-legi.jpg?id=1494) !important;}&#8220; el_class=&#8220;top-image&#8220; el_id=&#8220;head-img&#8220;][vc_column css=&#8220;.vc_custom_1565384926316{margin-top: 0px !important;margin-right: 0px !important;margin-bottom: 0px !important;margin-left: 0px !important;border-top-width: 0px !important;border-right-width: 0px !important;border-bottom-width: 0px !important;border-left-width: 0px !important;padding-top: 0px !important;padding-right: 0px !important;padding-bottom: 0px !important;padding-left: 0px [&hellip;]<\/p>\n","protected":false},"author":361,"featured_media":0,"parent":0,"menu_order":0,"comment_status":"closed","ping_status":"closed","template":"","meta":{"_acf_changed":false,"footnotes":""},"class_list":["post-132282","page","type-page","status-publish","hentry"],"acf":[],"_links":{"self":[{"href":"https:\/\/lajverwine.com\/de\/wp-json\/wp\/v2\/pages\/132282","targetHints":{"allow":["GET"]}}],"collection":[{"href":"https:\/\/lajverwine.com\/de\/wp-json\/wp\/v2\/pages"}],"about":[{"href":"https:\/\/lajverwine.com\/de\/wp-json\/wp\/v2\/types\/page"}],"author":[{"embeddable":true,"href":"https:\/\/lajverwine.com\/de\/wp-json\/wp\/v2\/users\/361"}],"replies":[{"embeddable":true,"href":"https:\/\/lajverwine.com\/de\/wp-json\/wp\/v2\/comments?post=132282"}],"version-history":[{"count":6,"href":"https:\/\/lajverwine.com\/de\/wp-json\/wp\/v2\/pages\/132282\/revisions"}],"predecessor-version":[{"id":132306,"href":"https:\/\/lajverwine.com\/de\/wp-json\/wp\/v2\/pages\/132282\/revisions\/132306"}],"wp:attachment":[{"href":"https:\/\/lajverwine.com\/de\/wp-json\/wp\/v2\/media?parent=132282"}],"curies":[{"name":"wp","href":"https:\/\/api.w.org\/{rel}","templated":true}]}}