{"id":129929,"date":"2021-03-18T09:40:48","date_gmt":"2021-03-18T08:40:48","guid":{"rendered":"https:\/\/lajverwine.com\/termek\/l-5\/"},"modified":"2022-05-12T13:18:37","modified_gmt":"2022-05-12T12:18:37","slug":"lajver_batonnage_chardonnay","status":"publish","type":"product","link":"https:\/\/lajverwine.com\/de\/termek\/lajver_batonnage_chardonnay\/","title":{"rendered":"Lajver Batonnage Chardonnay"},"content":{"rendered":"<h3>\u00dcBER DEN WEIN<\/h3>\n<p>Das Aroma wird dominiert von Karamell, Kokosnussnoten von zarter Reifung. Wenn sich der Wein \u00f6ffnet, tun dies auch die Aromen von Ananas, Zitrusfr\u00fcchten und Mandeln. Er zeichnet sich durch eine harmonische S\u00e4urestruktur, gelbes Fruchtfleisch und W\u00fcrze aus, begleitet von einem mittellangen holzigen Abgang.<\/p>\n<p><strong><em>Wie es gemacht wird?<\/em><\/strong><\/p>\n<p>Ernte Mitte September, alkoholische G\u00e4rung im reduktiven Raum ohne Apfels\u00e4ureabbau. Nach 4-monatiger G\u00e4rung zweimal w\u00f6chentlich mit B\u00e2tonnage feinfegen. Er ruhte 12 Monate in der Flasche.<\/p>\n","protected":false},"excerpt":{"rendered":"<p>TROCKENER WEISSWEIN MIT\u00a0GESCH\u00dcTZTER URSPRUNGSBEZEICHNUNG PANNON<\/p>\n","protected":false},"featured_media":129932,"template":"","meta":{"_acf_changed":false},"product_brand":[],"product_cat":[148],"product_tag":[],"class_list":{"0":"post-129929","1":"product","2":"type-product","3":"status-publish","4":"has-post-thumbnail","6":"product_cat-szaraz-feher-de","8":"first","9":"instock","10":"shipping-taxable","11":"purchasable","12":"product-type-simple"},"acf":[],"_links":{"self":[{"href":"https:\/\/lajverwine.com\/de\/wp-json\/wp\/v2\/product\/129929","targetHints":{"allow":["GET"]}}],"collection":[{"href":"https:\/\/lajverwine.com\/de\/wp-json\/wp\/v2\/product"}],"about":[{"href":"https:\/\/lajverwine.com\/de\/wp-json\/wp\/v2\/types\/product"}],"wp:featuredmedia":[{"embeddable":true,"href":"https:\/\/lajverwine.com\/de\/wp-json\/wp\/v2\/media\/129932"}],"wp:attachment":[{"href":"https:\/\/lajverwine.com\/de\/wp-json\/wp\/v2\/media?parent=129929"}],"wp:term":[{"taxonomy":"product_brand","embeddable":true,"href":"https:\/\/lajverwine.com\/de\/wp-json\/wp\/v2\/product_brand?post=129929"},{"taxonomy":"product_cat","embeddable":true,"href":"https:\/\/lajverwine.com\/de\/wp-json\/wp\/v2\/product_cat?post=129929"},{"taxonomy":"product_tag","embeddable":true,"href":"https:\/\/lajverwine.com\/de\/wp-json\/wp\/v2\/product_tag?post=129929"}],"curies":[{"name":"wp","href":"https:\/\/api.w.org\/{rel}","templated":true}]}}