{"id":129934,"date":"2021-02-19T10:38:53","date_gmt":"2021-02-19T09:38:53","guid":{"rendered":"https:\/\/lajverwine.com\/termek\/l-6\/"},"modified":"2022-05-10T15:08:03","modified_gmt":"2022-05-10T14:08:03","slug":"lajver-szekszardi-cuvee-blanc-2021","status":"publish","type":"product","link":"https:\/\/lajverwine.com\/de\/termek\/lajver-szekszardi-cuvee-blanc-2021\/","title":{"rendered":"LAJVER SZEKSZ\u00c1RDI CUV\u00c9E BLANC 2021"},"content":{"rendered":"<h4>\u00dcBER DEN WEIN<\/h4>\n<p>Ein echtes Bouquet von Duftmolek\u00fclen, Holunder und frisch gem\u00e4htes Gras verbinden sich zu einer bitters\u00fc\u00dfen Wolke von \u00fcberw\u00e4ltigender Intensit\u00e4t.\u00a0 Zugleich gr\u00fcn und fruchtig, saftig und knackig, appetitanregend frisch. Als wenn man sich auf einem Markt inmitten vollgepackter Stiegen mit Obst bef\u00e4nde. Im Schluck entfalten sich lebhafte S\u00e4uren, erscheint die leicht herbe Saftigkeit von Zitrusfr\u00fcchten wie auch eine Spur von Brennnesselsirup. Pulsierend lebhafter, einladender sommerlicher Wein, der am besten bequem auf der Terrasse in guter Gesellschaft zu trinken ist.<\/p>\n<p><strong><em>\u00a0Herstellung <\/em><\/strong><br \/>\nDie Trauben werden handverlesen. Die alkoholische G\u00e4rung erfolgt nach Sorten getrennt in einem Edelstahltank mit reduktiver Wirkung.\u00a0\u00a0 Nach der getrennten Reifung werden die Sorten verschnitten, um die beste Harmonie von Aromen und Bouquet zu erreichen.<\/p>\n<p><strong><em>Anteile der Rebsorten <\/em><\/strong><strong>\u00a0<\/strong><\/p>\n<ul>\n<li>60%\u00a0Sauvignon\u00a0Blanc<\/li>\n<li>40%\u00a0Cserszegi\u00a0F\u0171szeres<\/li>\n<\/ul>\n<p><strong><em>Preise, Auszeichnungen<\/em><\/strong>:<\/p>\n<ul>\n<li>Challenge International du Vin \u2013 Goldmedaille, 2014<\/li>\n<li>Szegeder Weinfestival \u2013 Goldmedaille, 2016<\/li>\n<li>Weinwettbewerb der Szeksz\u00e1rder Weinregion \u2013 Goldmedaille, 2018<\/li>\n<\/ul>\n<p>Alkohol: 12,5%, S\u00e4ure: 6 g\/l<\/p>\n","protected":false},"excerpt":{"rendered":"<p>TROCKENER WEISSWEIN MIT\u00a0GESCH\u00dcTZTER URSPRUNGSBEZEICHNUNG<\/p>\n","protected":false},"featured_media":134220,"template":"","meta":{"_acf_changed":false},"product_brand":[],"product_cat":[241,148,130],"product_tag":[],"class_list":{"0":"post-129934","1":"product","2":"type-product","3":"status-publish","4":"has-post-thumbnail","6":"product_cat-kiemelt-termekek-de","7":"product_cat-szaraz-feher-de","8":"product_cat-dijnyertes-borok-de","10":"first","11":"instock","12":"shipping-taxable","13":"purchasable","14":"product-type-simple"},"acf":[],"_links":{"self":[{"href":"https:\/\/lajverwine.com\/de\/wp-json\/wp\/v2\/product\/129934","targetHints":{"allow":["GET"]}}],"collection":[{"href":"https:\/\/lajverwine.com\/de\/wp-json\/wp\/v2\/product"}],"about":[{"href":"https:\/\/lajverwine.com\/de\/wp-json\/wp\/v2\/types\/product"}],"wp:featuredmedia":[{"embeddable":true,"href":"https:\/\/lajverwine.com\/de\/wp-json\/wp\/v2\/media\/134220"}],"wp:attachment":[{"href":"https:\/\/lajverwine.com\/de\/wp-json\/wp\/v2\/media?parent=129934"}],"wp:term":[{"taxonomy":"product_brand","embeddable":true,"href":"https:\/\/lajverwine.com\/de\/wp-json\/wp\/v2\/product_brand?post=129934"},{"taxonomy":"product_cat","embeddable":true,"href":"https:\/\/lajverwine.com\/de\/wp-json\/wp\/v2\/product_cat?post=129934"},{"taxonomy":"product_tag","embeddable":true,"href":"https:\/\/lajverwine.com\/de\/wp-json\/wp\/v2\/product_tag?post=129934"}],"curies":[{"name":"wp","href":"https:\/\/api.w.org\/{rel}","templated":true}]}}