{"id":129942,"date":"2021-02-19T10:27:05","date_gmt":"2021-02-19T09:27:05","guid":{"rendered":"https:\/\/lajverwine.com\/termek\/l-7\/"},"modified":"2022-05-10T15:10:48","modified_gmt":"2022-05-10T14:10:48","slug":"lajver-incognito-2021","status":"publish","type":"product","link":"https:\/\/lajverwine.com\/de\/termek\/lajver-incognito-2021\/","title":{"rendered":"LAJVER INCOGNITO 2021"},"content":{"rendered":"<p>Blaufr\u00e4nkisch ist die farbenpr\u00e4chtigste Rebsorte des Karpatenbeckens mit dem gr\u00f6\u00dften Potential, gemessen daran ist sie eine wenig anerkannte Sorte.<\/p>\n<p>Wei\u00df. Und Blaufr\u00e4nkisch. Sein Duft erinnert an einen leichten, luftigen Ros\u00e9, es k\u00f6nnte aber auch ein frischer Riesling mit einer Note Cserszeger sein.\u00a0 Im Schluck entfaltet sich die Mischung,\u00a0 es sind frische, knackige, fr\u00fche Himbeeren, Pfirsiche, wei\u00dfe Maulbeeren und ein wenig Cremigkeit zu sp\u00fcren. Von frischen Sauerkirschen bis hin zu exotischen Fr\u00fcchten erinnert er an eine breite Palette von Geschmacksrichtungen und Aromen. Ein reiner, lieblicher, schmeichelnder Wein. Er enth\u00e4lt Energie, Reinheit, Lieblichkeit und Finesse. Daran erkennt man, dass es wirklich ein Blaufr\u00e4nkisch ist.<\/p>\n<p>Herstellung:<br \/>\nDie Trauben werden handverlesen. Der Most aus der Presse wird sofort abgezogen, gekl\u00e4rt und kalt im Edelstahlbeh\u00e4lter vergoren. Daraus\u00a0 entsteht ein fast perfekter Wei\u00dfwein, die leichte Ros\u00e9f\u00e4rbung wurde durch Kl\u00e4rung korrigiert und das Ergebnis ist ein einzigartiger, wei\u00dfer Blaufr\u00e4nkisch.<\/p>\n<p>Alkohol: 12%<\/p>\n","protected":false},"excerpt":{"rendered":"<p>BLAUFR\u00c4NKISCH IN WEISS<\/p>\n","protected":false},"featured_media":131519,"template":"","meta":{"_acf_changed":false},"product_brand":[],"product_cat":[148],"product_tag":[],"class_list":{"0":"post-129942","1":"product","2":"type-product","3":"status-publish","4":"has-post-thumbnail","6":"product_cat-szaraz-feher-de","8":"first","9":"instock","10":"shipping-taxable","11":"purchasable","12":"product-type-simple"},"acf":[],"_links":{"self":[{"href":"https:\/\/lajverwine.com\/de\/wp-json\/wp\/v2\/product\/129942","targetHints":{"allow":["GET"]}}],"collection":[{"href":"https:\/\/lajverwine.com\/de\/wp-json\/wp\/v2\/product"}],"about":[{"href":"https:\/\/lajverwine.com\/de\/wp-json\/wp\/v2\/types\/product"}],"wp:featuredmedia":[{"embeddable":true,"href":"https:\/\/lajverwine.com\/de\/wp-json\/wp\/v2\/media\/131519"}],"wp:attachment":[{"href":"https:\/\/lajverwine.com\/de\/wp-json\/wp\/v2\/media?parent=129942"}],"wp:term":[{"taxonomy":"product_brand","embeddable":true,"href":"https:\/\/lajverwine.com\/de\/wp-json\/wp\/v2\/product_brand?post=129942"},{"taxonomy":"product_cat","embeddable":true,"href":"https:\/\/lajverwine.com\/de\/wp-json\/wp\/v2\/product_cat?post=129942"},{"taxonomy":"product_tag","embeddable":true,"href":"https:\/\/lajverwine.com\/de\/wp-json\/wp\/v2\/product_tag?post=129942"}],"curies":[{"name":"wp","href":"https:\/\/api.w.org\/{rel}","templated":true}]}}