{"id":129956,"date":"2021-02-01T09:07:42","date_gmt":"2021-02-01T08:07:42","guid":{"rendered":"https:\/\/lajverwine.com\/termek\/l-9\/"},"modified":"2025-05-18T00:01:20","modified_gmt":"2025-05-17T23:01:20","slug":"lajver-szekszard-rose-2021","status":"publish","type":"product","link":"https:\/\/lajverwine.com\/de\/termek\/lajver-szekszard-rose-2021\/","title":{"rendered":"Lajver Szekszard Rose 2021"},"content":{"rendered":"<h4>\u00dcBER DEN WEIN<\/h4>\n<p>Wie ein loser, sommerlicher Himbeersirup beginnt es mit einer Farbe und dann sind wir vom Geruch nicht entt\u00e4uscht. Reife Himbeeren, w\u00e4hrend wir sie vom stacheligen Busch pfl\u00fccken und der Saft herausspringt. Hinter der Fruchtigkeit verbirgt sich ein leichter Duft nach ger\u00f6stetem Zucker, der ihn schmeichelhafter und freundlicher macht. Es kommt auch vom Schluck zur\u00fcck, wo der kr\u00e4ftige S\u00e4urecharakter und das cremige Alkoholgef\u00fchl, die frische Fruchtigkeit und die schmeichelnde, s\u00fc\u00dfe Saftigkeit spielerisch ineinandergreifen. Es ist noch ein bisschen Schampus drin, der zweite Schluck ist noch frisch, die Fruchtigkeit ist knackig und es tut gut, darauf zu klicken und dann einen weiteren Schluck zu nehmen.<\/p>\n<p><em><strong>Wie es gemacht wird?<\/strong><\/em><\/p>\n<p>Manuelle Clusterauswahl. Alkoholische G\u00e4rung in einem Edelstahltank in einem reduktiven Raum nach Sorte. Nach separater Reifung mischen wir uns ein, um die beste Harmonie von Geschmack und Aroma zu finden.<\/p>\n","protected":false},"excerpt":{"rendered":"<p>TROCKENER ROS\u00c9 MIT\u00a0GESCH\u00dcTZTER URSPRUNGSBEZEICHNUNG<\/p>\n","protected":false},"featured_media":137264,"template":"","meta":{"_acf_changed":false},"product_brand":[],"product_cat":[155],"product_tag":[],"class_list":{"0":"post-129956","1":"product","2":"type-product","3":"status-publish","4":"has-post-thumbnail","6":"product_cat-szaraz-rose-de","8":"first","9":"instock","10":"shipping-taxable","11":"purchasable","12":"product-type-simple"},"acf":[],"_links":{"self":[{"href":"https:\/\/lajverwine.com\/de\/wp-json\/wp\/v2\/product\/129956","targetHints":{"allow":["GET"]}}],"collection":[{"href":"https:\/\/lajverwine.com\/de\/wp-json\/wp\/v2\/product"}],"about":[{"href":"https:\/\/lajverwine.com\/de\/wp-json\/wp\/v2\/types\/product"}],"wp:featuredmedia":[{"embeddable":true,"href":"https:\/\/lajverwine.com\/de\/wp-json\/wp\/v2\/media\/137264"}],"wp:attachment":[{"href":"https:\/\/lajverwine.com\/de\/wp-json\/wp\/v2\/media?parent=129956"}],"wp:term":[{"taxonomy":"product_brand","embeddable":true,"href":"https:\/\/lajverwine.com\/de\/wp-json\/wp\/v2\/product_brand?post=129956"},{"taxonomy":"product_cat","embeddable":true,"href":"https:\/\/lajverwine.com\/de\/wp-json\/wp\/v2\/product_cat?post=129956"},{"taxonomy":"product_tag","embeddable":true,"href":"https:\/\/lajverwine.com\/de\/wp-json\/wp\/v2\/product_tag?post=129956"}],"curies":[{"name":"wp","href":"https:\/\/api.w.org\/{rel}","templated":true}]}}