{"id":129972,"date":"2020-12-14T14:37:27","date_gmt":"2020-12-14T13:37:27","guid":{"rendered":"https:\/\/lajverwine.com\/termek\/l-11\/"},"modified":"2021-11-27T00:00:19","modified_gmt":"2021-11-26T22:00:19","slug":"lajver-cserszegi-fuszeres-szolo-palinka","status":"publish","type":"product","link":"https:\/\/lajverwine.com\/de\/termek\/lajver-cserszegi-fuszeres-szolo-palinka\/","title":{"rendered":"LAJVER CSERSZEGI F\u0170SZERES SZ\u0150L\u0150 P\u00c1LINKA"},"content":{"rendered":"<p>W\u00fcrziger Weinbrand aus Cserszeg<\/p>\n<p>Die Sorteneigenschaften der w\u00fcrzigen Cserszeger-Trauben sind im Glas zu sp\u00fcren. Sein Duft ist von feiner Fruchtigkeit und f\u00fcr die Sorte typischer W\u00fcrzigkeit, erg\u00e4nzt durch Zitrus- und Kr\u00e4uternoten gepr\u00e4gt. Im Mund schmeckt er voll und komplex, begleitet von der Blumigkeit der Sorte und von der angenehmen Herbheit der Zitrusfr\u00fcchte. Jugendlich lebendiger Weinbrand, ein echtes Sommergetr\u00e4nk.<\/p>\n<p>Alkohol: 43 \u00b0<br \/>\nInhalt: 0,5 l<br \/>\nJahrgang: 2020<\/p>\n","protected":false},"excerpt":{"rendered":"<p>Alkohol: 43 \u00b0<br \/>\nInhalt: 0,5 l<br \/>\nJahrgang: 2020<\/p>\n","protected":false},"featured_media":129973,"template":"","meta":{"_acf_changed":false},"product_brand":[],"product_cat":[241,141],"product_tag":[],"class_list":{"0":"post-129972","1":"product","2":"type-product","3":"status-publish","4":"has-post-thumbnail","6":"product_cat-kiemelt-termekek-de","7":"product_cat-limited-de","9":"first","10":"instock","11":"shipping-taxable","12":"purchasable","13":"product-type-simple"},"acf":[],"_links":{"self":[{"href":"https:\/\/lajverwine.com\/de\/wp-json\/wp\/v2\/product\/129972","targetHints":{"allow":["GET"]}}],"collection":[{"href":"https:\/\/lajverwine.com\/de\/wp-json\/wp\/v2\/product"}],"about":[{"href":"https:\/\/lajverwine.com\/de\/wp-json\/wp\/v2\/types\/product"}],"wp:featuredmedia":[{"embeddable":true,"href":"https:\/\/lajverwine.com\/de\/wp-json\/wp\/v2\/media\/129973"}],"wp:attachment":[{"href":"https:\/\/lajverwine.com\/de\/wp-json\/wp\/v2\/media?parent=129972"}],"wp:term":[{"taxonomy":"product_brand","embeddable":true,"href":"https:\/\/lajverwine.com\/de\/wp-json\/wp\/v2\/product_brand?post=129972"},{"taxonomy":"product_cat","embeddable":true,"href":"https:\/\/lajverwine.com\/de\/wp-json\/wp\/v2\/product_cat?post=129972"},{"taxonomy":"product_tag","embeddable":true,"href":"https:\/\/lajverwine.com\/de\/wp-json\/wp\/v2\/product_tag?post=129972"}],"curies":[{"name":"wp","href":"https:\/\/api.w.org\/{rel}","templated":true}]}}