{"id":130008,"date":"2020-12-08T09:34:17","date_gmt":"2020-12-08T08:34:17","guid":{"rendered":"https:\/\/lajverwine.com\/termek\/l-15\/"},"modified":"2022-05-10T15:33:04","modified_gmt":"2022-05-10T14:33:04","slug":"lajver-merlot-2019-szekszard","status":"publish","type":"product","link":"https:\/\/lajverwine.com\/de\/termek\/lajver-merlot-2019-szekszard\/","title":{"rendered":"LAJVER MERLOT 2019 SZEKSZ\u00c1RD"},"content":{"rendered":"<h3>\u00dcBER DEN WEIN<\/h3>\n<p>Er duftet wie der echte Merlot, nach Waldbeeren und Blumen, ein wenig mit Gew\u00fcrzen angereichert. Alles ist harmonisch, alles passt zusammen. Es gibt keine \u00dcbertreibung im Schluck, die Pflaumen-Brombeer-Fruchtigkeit wird durch das s\u00fc\u00df-w\u00fcrzige Fass nicht unterdr\u00fcckt, die S\u00e4uren steigern die Vitalit\u00e4t angemessen, das Tannin ist zu sp\u00fcren, doch der gesamte Schluck fasziniert durch seine Sanftheit und Samtigkeit. Ganz am Ende klingt der letzte Schluck von Sauerkirsche-Pflaume etwas herber nach, aber das wird den Genie\u00dfer nur reizen, noch einen zu trinken, denn ein weiterer Schluck Samt hat bisher noch niemandem geschadet.<\/p>\n<p><em><strong>Herstellung\u00a0<\/strong><\/em><br \/>\nDie Trauben und Beeren werden handverlesen. Die alkoholische G\u00e4rung erfolgt in einem Edelstahltank mit reduktiver Wirkung.\u00a0\u00a0 Reifung in Eichenf\u00e4ssern f\u00fcr 12 Monate.<\/p>\n<p><em><strong>Anteile der Rebsorten<\/strong><\/em><\/p>\n<ul>\n<li>100%\u00a0Merlot<\/li>\n<\/ul>\n<p><strong>Preise, Auszeichnungen:<\/strong><\/p>\n<ul>\n<li>Berliner Wine Trophy \u2013 Goldmedaille 2018<\/li>\n<li>Weinwettbewerb der Szeksz\u00e1rder Weinregion \u2013 Goldmedaille, 2018<\/li>\n<\/ul>\n<p>Alkohol: 13%, S\u00e4ure: 5.1 g\/l<\/p>\n","protected":false},"excerpt":{"rendered":"<p>TROCKENER ROTWEIN MIT\u00a0GESCH\u00dcTZTER URSPRUNGSBEZEICHNUNG<\/p>\n","protected":false},"featured_media":130009,"template":"","meta":{"_acf_changed":false},"product_brand":[],"product_cat":[160],"product_tag":[],"class_list":{"0":"post-130008","1":"product","2":"type-product","3":"status-publish","4":"has-post-thumbnail","6":"product_cat-szaraz-voros-de","8":"first","9":"instock","10":"shipping-taxable","11":"purchasable","12":"product-type-simple"},"acf":[],"_links":{"self":[{"href":"https:\/\/lajverwine.com\/de\/wp-json\/wp\/v2\/product\/130008","targetHints":{"allow":["GET"]}}],"collection":[{"href":"https:\/\/lajverwine.com\/de\/wp-json\/wp\/v2\/product"}],"about":[{"href":"https:\/\/lajverwine.com\/de\/wp-json\/wp\/v2\/types\/product"}],"wp:featuredmedia":[{"embeddable":true,"href":"https:\/\/lajverwine.com\/de\/wp-json\/wp\/v2\/media\/130009"}],"wp:attachment":[{"href":"https:\/\/lajverwine.com\/de\/wp-json\/wp\/v2\/media?parent=130008"}],"wp:term":[{"taxonomy":"product_brand","embeddable":true,"href":"https:\/\/lajverwine.com\/de\/wp-json\/wp\/v2\/product_brand?post=130008"},{"taxonomy":"product_cat","embeddable":true,"href":"https:\/\/lajverwine.com\/de\/wp-json\/wp\/v2\/product_cat?post=130008"},{"taxonomy":"product_tag","embeddable":true,"href":"https:\/\/lajverwine.com\/de\/wp-json\/wp\/v2\/product_tag?post=130008"}],"curies":[{"name":"wp","href":"https:\/\/api.w.org\/{rel}","templated":true}]}}