{"id":130060,"date":"2020-05-14T10:48:39","date_gmt":"2020-05-14T09:48:39","guid":{"rendered":"https:\/\/lajverwine.com\/termek\/l-23\/"},"modified":"2021-11-27T00:00:18","modified_gmt":"2021-11-26T22:00:18","slug":"lajver-szekszardi-bikaver-limited-2012","status":"publish","type":"product","link":"https:\/\/lajverwine.com\/de\/termek\/lajver-szekszardi-bikaver-limited-2012\/","title":{"rendered":"LAJVER SZEKSZ\u00c1RDI BIKAV\u00c9R LIMITED 2012"},"content":{"rendered":"<h3>\u00dcBER DEN WEIN<\/h3>\n<p>In der Flasche steckt die gesamte Geschmackspalette von Szeksz\u00e1rd. 2012 trug alles zur Herstellung fantastischer Weine bei. In diesem Jahr wurden die sorgf\u00e4ltig gelagerten Flaschen ge\u00f6ffnet, verkostet und neu abgef\u00fcllt. Wir taten alles im richtigen Moment, um einen Spitzenwein zu erzeugen. Der Lajv\u00e9r-Wein ist\u00a0 limitiert und mit individuellen Seriennummern f\u00fcr die echten Gourmets versehen.<\/p>\n<p>Der Stierblut wurde aus begrenzter Erzeugung aus Blaufr\u00e4nkischem, Merlot, Kadarka und Cabarnet Sauvignon hergestellt.<br \/>\nEin k\u00f6rperreicher, rubinroter Wein, in dem sich Fruchtigkeit und W\u00fcrzigkeit gut vermischen.<\/p>\n<p><em><strong>Herstellung<\/strong><\/em><\/p>\n<p>Nach der G\u00e4rung im Stahltank reifte er 12 Monate nach Sorten getrennt als Erstf\u00fcllung in amerikanischen Eichenf\u00e4ssern. Es wurde aus den besten gereiften Weinen verschnitten und ruhte danach 20 Monate in der Flasche.<\/p>\n<p>Alkohol: 13,5%<\/p>\n","protected":false},"excerpt":{"rendered":"<p>TROCKENER ROTWEIN MIT\u00a0GESCH\u00dcTZTER URSPRUNGSBEZEICHNUNG SZEKSZ\u00c1RD<\/p>\n","protected":false},"featured_media":130061,"template":"","meta":{"_acf_changed":false},"product_brand":[],"product_cat":[141],"product_tag":[],"class_list":{"0":"post-130060","1":"product","2":"type-product","3":"status-publish","4":"has-post-thumbnail","6":"product_cat-limited-de","8":"first","9":"outofstock","10":"shipping-taxable","11":"purchasable","12":"product-type-simple"},"acf":[],"_links":{"self":[{"href":"https:\/\/lajverwine.com\/de\/wp-json\/wp\/v2\/product\/130060","targetHints":{"allow":["GET"]}}],"collection":[{"href":"https:\/\/lajverwine.com\/de\/wp-json\/wp\/v2\/product"}],"about":[{"href":"https:\/\/lajverwine.com\/de\/wp-json\/wp\/v2\/types\/product"}],"wp:featuredmedia":[{"embeddable":true,"href":"https:\/\/lajverwine.com\/de\/wp-json\/wp\/v2\/media\/130061"}],"wp:attachment":[{"href":"https:\/\/lajverwine.com\/de\/wp-json\/wp\/v2\/media?parent=130060"}],"wp:term":[{"taxonomy":"product_brand","embeddable":true,"href":"https:\/\/lajverwine.com\/de\/wp-json\/wp\/v2\/product_brand?post=130060"},{"taxonomy":"product_cat","embeddable":true,"href":"https:\/\/lajverwine.com\/de\/wp-json\/wp\/v2\/product_cat?post=130060"},{"taxonomy":"product_tag","embeddable":true,"href":"https:\/\/lajverwine.com\/de\/wp-json\/wp\/v2\/product_tag?post=130060"}],"curies":[{"name":"wp","href":"https:\/\/api.w.org\/{rel}","templated":true}]}}