{"id":130069,"date":"2020-10-07T11:23:29","date_gmt":"2020-10-07T10:23:29","guid":{"rendered":"https:\/\/lajverwine.com\/termek\/l-25\/"},"modified":"2021-11-27T00:00:18","modified_gmt":"2021-11-26T22:00:18","slug":"lajver-cabernet-sauvignon-limited-2017","status":"publish","type":"product","link":"https:\/\/lajverwine.com\/de\/termek\/lajver-cabernet-sauvignon-limited-2017\/","title":{"rendered":"LAJVER CABERNET SAUVIGNON LIMITED 2017"},"content":{"rendered":"<h3>\u00dcBER DEN WEIN:<\/h3>\n<p>Das Tal des Lajv\u00e9r-Baches ist aufgrund seines besonderen Mikroklimas, der l\u00f6ssreichen B\u00f6den und der s\u00fcdlichen Weinh\u00e4nge eine Lage mit speziellem Potenzial. Dieser ausgesprochen tanninhaltige, intensive Cabernet Sauvignon wurde in diesem hervorragenden Weinanbaugebiet erzeugt. Er ist k\u00f6rperreich, von einer tief burgunderroten Farbe, im Geschmack von schwarzen Beeren mit s\u00fc\u00dfen Gew\u00fcrzen gepr\u00e4gt. Ein Wein mit Charakter und langem Reifungspotential.<\/p>\n<p>Wein mit individueller Seriennummer, der in Kleinserien erzeugt wird, es wurden nur 1179 Flaschen abgef\u00fcllt, die ausschlie\u00dflich im Lajv\u00e9r Weinbistro und in unserem Webshop erh\u00e4ltlich sind.<\/p>\n<p><em><strong>Herstellung\u00a0<\/strong><\/em><\/p>\n<p>Die sorgf\u00e4ltig ausgew\u00e4hlten Trauben wurden nach der Verarbeitung im Stahltank vergoren und f\u00fcr 12 Monate in ungarischen und franz\u00f6sischen, aus Eichenholz gefertigten\u00a0 Barriquef\u00e4ssern gereift.<\/p>\n<p><em><strong>Anteile der Rebsorten<\/strong><\/em><br \/>\n100% Cabernet Sauvignon<\/p>\n<p><em><strong>Preise, Auszeichnungen:<\/strong><\/em><\/p>\n<ul>\n<li>Woman\u2019s Wine &amp; Spirits Awards \u2013 Goldmedaille, 2020<\/li>\n<\/ul>\n<p>AWC Vienna \u2013 Goldmedaille, 2020<\/p>\n<p>Alkohol: 14%, S\u00e4ure: 5.4 g\/l<\/p>\n","protected":false},"excerpt":{"rendered":"<p>TROCKENER ROTWEIN MIT\u00a0GESCH\u00dcTZTER URSPRUNGSBEZEICHNUNG SZEKSZ\u00c1RD<\/p>\n","protected":false},"featured_media":130070,"template":"","meta":{"_acf_changed":false},"product_brand":[],"product_cat":[141],"product_tag":[],"class_list":{"0":"post-130069","1":"product","2":"type-product","3":"status-publish","4":"has-post-thumbnail","6":"product_cat-limited-de","8":"first","9":"instock","10":"shipping-taxable","11":"purchasable","12":"product-type-simple"},"acf":[],"_links":{"self":[{"href":"https:\/\/lajverwine.com\/de\/wp-json\/wp\/v2\/product\/130069","targetHints":{"allow":["GET"]}}],"collection":[{"href":"https:\/\/lajverwine.com\/de\/wp-json\/wp\/v2\/product"}],"about":[{"href":"https:\/\/lajverwine.com\/de\/wp-json\/wp\/v2\/types\/product"}],"wp:featuredmedia":[{"embeddable":true,"href":"https:\/\/lajverwine.com\/de\/wp-json\/wp\/v2\/media\/130070"}],"wp:attachment":[{"href":"https:\/\/lajverwine.com\/de\/wp-json\/wp\/v2\/media?parent=130069"}],"wp:term":[{"taxonomy":"product_brand","embeddable":true,"href":"https:\/\/lajverwine.com\/de\/wp-json\/wp\/v2\/product_brand?post=130069"},{"taxonomy":"product_cat","embeddable":true,"href":"https:\/\/lajverwine.com\/de\/wp-json\/wp\/v2\/product_cat?post=130069"},{"taxonomy":"product_tag","embeddable":true,"href":"https:\/\/lajverwine.com\/de\/wp-json\/wp\/v2\/product_tag?post=130069"}],"curies":[{"name":"wp","href":"https:\/\/api.w.org\/{rel}","templated":true}]}}