{"id":130119,"date":"2020-05-27T10:26:31","date_gmt":"2020-05-27T09:26:31","guid":{"rendered":"https:\/\/lajverwine.com\/termek\/l-30\/"},"modified":"2022-05-10T15:29:01","modified_gmt":"2022-05-10T14:29:01","slug":"lajver-cabernet-franc-frank-2019-szekszard","status":"publish","type":"product","link":"https:\/\/lajverwine.com\/de\/termek\/lajver-cabernet-franc-frank-2019-szekszard\/","title":{"rendered":"LAJVER CABERNET FRANC \u2013 FRANK 2019 SZEKSZ\u00c1RD"},"content":{"rendered":"<h5>\u00dcBER DEN WEIN<\/h5>\n<p>Das Tal des Lajv\u00e9r-Baches bietet ein einzigartiges Mikroklima f\u00fcr unsere nach S\u00fcden ausgerichteten Terrassenweinberge. Auf dem L\u00f6ssboden entfaltet jede Sorte Jahr f\u00fcr Jahr ihr maximales Potenzial. Der Duft nach Waldbeeren, S\u00fc\u00dfkirschen und etwas Schokolade sowie samtige Tannine und das angenehme S\u00e4uregef\u00fchl im Schluck machen den Wein unwiderstehlich.\u00a0Passt perfekt zu rotem, saftigem Fleisch, Pasteten und Schokoladedesserts.<\/p>\n<p><em>Herstellung<\/em><\/p>\n<p>Nach gr\u00fcndlicher Auslese und sorgf\u00e4ltiger Verarbeitung wird der Most von Cabarnet Franc im Stahltank vergoren. Ein Teil davon reift 12 Monate in ungarischen Eichenf\u00e4ssern. Das Ergebnis ist ein eleganter, zur\u00fcckhaltender Wein.<\/p>\n<p><em>Anteile der Rebsorten<\/em><\/p>\n<p>100% Cabernet franc<\/p>\n<p>Alkohol: 13,5%<\/p>\n","protected":false},"excerpt":{"rendered":"<p>TROCKENER ROTWEIN MIT\u00a0GESCH\u00dcTZTER URSPRUNGSBEZEICHNUNG SZEKSZ\u00c1RD<\/p>\n","protected":false},"featured_media":130121,"template":"","meta":{"_acf_changed":false},"product_brand":[],"product_cat":[160],"product_tag":[],"class_list":{"0":"post-130119","1":"product","2":"type-product","3":"status-publish","4":"has-post-thumbnail","6":"product_cat-szaraz-voros-de","8":"first","9":"instock","10":"shipping-taxable","11":"purchasable","12":"product-type-simple"},"acf":[],"_links":{"self":[{"href":"https:\/\/lajverwine.com\/de\/wp-json\/wp\/v2\/product\/130119","targetHints":{"allow":["GET"]}}],"collection":[{"href":"https:\/\/lajverwine.com\/de\/wp-json\/wp\/v2\/product"}],"about":[{"href":"https:\/\/lajverwine.com\/de\/wp-json\/wp\/v2\/types\/product"}],"wp:featuredmedia":[{"embeddable":true,"href":"https:\/\/lajverwine.com\/de\/wp-json\/wp\/v2\/media\/130121"}],"wp:attachment":[{"href":"https:\/\/lajverwine.com\/de\/wp-json\/wp\/v2\/media?parent=130119"}],"wp:term":[{"taxonomy":"product_brand","embeddable":true,"href":"https:\/\/lajverwine.com\/de\/wp-json\/wp\/v2\/product_brand?post=130119"},{"taxonomy":"product_cat","embeddable":true,"href":"https:\/\/lajverwine.com\/de\/wp-json\/wp\/v2\/product_cat?post=130119"},{"taxonomy":"product_tag","embeddable":true,"href":"https:\/\/lajverwine.com\/de\/wp-json\/wp\/v2\/product_tag?post=130119"}],"curies":[{"name":"wp","href":"https:\/\/api.w.org\/{rel}","templated":true}]}}