{"id":130221,"date":"2020-01-10T13:15:24","date_gmt":"2020-01-10T12:15:24","guid":{"rendered":"https:\/\/lajverwine.com\/termek\/l-39\/"},"modified":"2021-11-27T00:00:19","modified_gmt":"2021-11-26T22:00:19","slug":"lajver-kekfrankos-limited-2015","status":"publish","type":"product","link":"https:\/\/lajverwine.com\/de\/termek\/lajver-kekfrankos-limited-2015\/","title":{"rendered":"LAJVER K\u00c9KFRANKOS LIMITED 2015"},"content":{"rendered":"<p>Trockener Rotwein mit\u00a0gesch\u00fctzter Ursprungsbezeichnung Pannon<\/p>\n<p>Der Blaufr\u00e4nkisch wurde von Rebst\u00f6cken mit niedriger Belastung geerntet, aus ausgew\u00e4hltem Grundstoff erzeugter, perfekt gereifter\u00a0 Blaufr\u00e4nkisch. Mittlerer K\u00f6rper mit charakteristischem Aroma. Ein wahrer Genuss, dem Wein verleihen die Fassnoten eine harmonische Erg\u00e4nzung und Abrundung.<\/p>\n<p>Kleinserienwein mit individuellen Seriennummern, es wurden nur 696 Flaschen hergestellt und ist nur im Lajver Weinbistro und in unserem Webshop zu erhalten.<\/p>\n<p><strong>Herstellung<\/strong><br \/>\nNach schonender Verarbeitung wurde er von Hand gepresst in Bottichen vergoren. Die Reifung erfolgt 18 Monate als Erst- oder Zweitf\u00fcllung in ungarischen Barriquef\u00e4ssern.<\/p>\n<p>Alkohol: 12,5%, S\u00e4ure: 5.5 g\/l<\/p>\n","protected":false},"excerpt":{"rendered":"<p>TROCKENER ROTWEIN MIT\u00a0GESCH\u00dcTZTER URSPRUNGSBEZEICHNUNG PANNON<\/p>\n","protected":false},"featured_media":130222,"template":"","meta":{"_acf_changed":false},"product_brand":[],"product_cat":[141],"product_tag":[],"class_list":{"0":"post-130221","1":"product","2":"type-product","3":"status-publish","4":"has-post-thumbnail","6":"product_cat-limited-de","8":"first","9":"instock","10":"shipping-taxable","11":"purchasable","12":"product-type-simple"},"acf":[],"_links":{"self":[{"href":"https:\/\/lajverwine.com\/de\/wp-json\/wp\/v2\/product\/130221","targetHints":{"allow":["GET"]}}],"collection":[{"href":"https:\/\/lajverwine.com\/de\/wp-json\/wp\/v2\/product"}],"about":[{"href":"https:\/\/lajverwine.com\/de\/wp-json\/wp\/v2\/types\/product"}],"wp:featuredmedia":[{"embeddable":true,"href":"https:\/\/lajverwine.com\/de\/wp-json\/wp\/v2\/media\/130222"}],"wp:attachment":[{"href":"https:\/\/lajverwine.com\/de\/wp-json\/wp\/v2\/media?parent=130221"}],"wp:term":[{"taxonomy":"product_brand","embeddable":true,"href":"https:\/\/lajverwine.com\/de\/wp-json\/wp\/v2\/product_brand?post=130221"},{"taxonomy":"product_cat","embeddable":true,"href":"https:\/\/lajverwine.com\/de\/wp-json\/wp\/v2\/product_cat?post=130221"},{"taxonomy":"product_tag","embeddable":true,"href":"https:\/\/lajverwine.com\/de\/wp-json\/wp\/v2\/product_tag?post=130221"}],"curies":[{"name":"wp","href":"https:\/\/api.w.org\/{rel}","templated":true}]}}