{"id":130226,"date":"2020-01-08T12:36:23","date_gmt":"2020-01-08T11:36:23","guid":{"rendered":"https:\/\/lajverwine.com\/termek\/l-40\/"},"modified":"2021-11-27T00:00:19","modified_gmt":"2021-11-26T22:00:19","slug":"lajver-pinot-noir-limited-2017","status":"publish","type":"product","link":"https:\/\/lajverwine.com\/de\/termek\/lajver-pinot-noir-limited-2017\/","title":{"rendered":"LAJVER PINOT NOIR LIMITED 2017"},"content":{"rendered":"<p>Trockener Rotwein mit\u00a0gesch\u00fctzter Ursprungsbezeichnung aus Szeksz\u00e1rd<\/p>\n<p>Rote Beerenfr\u00fcchte im Bouquet, weiche Tannine im Geschmack machen diesen Pinot Noir liebenswert leicht und elegant. Seine lebendigen S\u00e4uren wurden durch die sorgf\u00e4ltige Wahl des Erntedatums erhalten. Nat\u00fcrlich sch\u00f6n, raffiniert harmonisch.<\/p>\n<p>Wein mit individueller Seriennummer, der in Kleinserien erzeugt wird, es wurden nur 1331 Flaschen abgef\u00fcllt, die ausschlie\u00dflich im Lajv\u00e9r Weinbistro und in unserem Webshop erh\u00e4ltlich sind.<\/p>\n<p><strong>Herstellung\u00a0<\/strong><\/p>\n<p>Die Trauben werden handverlesen. Die alkoholische G\u00e4rung erfolgt in einem Edelstahltank mit reduktiver Wirkung.\u00a0\u00a0 Die Reifung erfolgt 16 Monate als Erst- oder Zweitf\u00fcllung in franz\u00f6sischen und ungarischen, mittelm\u00e4\u00dfig ger\u00f6steten 500-Liter-Eichenf\u00e4ssern.<\/p>\n<p><strong>Preise, Auszeichnungen:<\/strong><\/p>\n<p>Woman\u2019s Wine &amp; Spirits Awards \u2013 Goldmedaille, 2020<\/p>\n<p>Wein und Markt, Pinot-Noir-Weinprobe \u2013 Goldmedaille, 2020<\/p>\n<p>Alkohol: 12%, S\u00e4ure: 5.2 g\/l<\/p>\n","protected":false},"excerpt":{"rendered":"<p>TROCKENER ROTWEIN MIT\u00a0GESCH\u00dcTZTER URSPRUNGSBEZEICHNUNG SZEKSZ\u00c1RD<\/p>\n","protected":false},"featured_media":130227,"template":"","meta":{"_acf_changed":false},"product_brand":[],"product_cat":[141],"product_tag":[],"class_list":{"0":"post-130226","1":"product","2":"type-product","3":"status-publish","4":"has-post-thumbnail","6":"product_cat-limited-de","8":"first","9":"instock","10":"shipping-taxable","11":"purchasable","12":"product-type-simple"},"acf":[],"_links":{"self":[{"href":"https:\/\/lajverwine.com\/de\/wp-json\/wp\/v2\/product\/130226","targetHints":{"allow":["GET"]}}],"collection":[{"href":"https:\/\/lajverwine.com\/de\/wp-json\/wp\/v2\/product"}],"about":[{"href":"https:\/\/lajverwine.com\/de\/wp-json\/wp\/v2\/types\/product"}],"wp:featuredmedia":[{"embeddable":true,"href":"https:\/\/lajverwine.com\/de\/wp-json\/wp\/v2\/media\/130227"}],"wp:attachment":[{"href":"https:\/\/lajverwine.com\/de\/wp-json\/wp\/v2\/media?parent=130226"}],"wp:term":[{"taxonomy":"product_brand","embeddable":true,"href":"https:\/\/lajverwine.com\/de\/wp-json\/wp\/v2\/product_brand?post=130226"},{"taxonomy":"product_cat","embeddable":true,"href":"https:\/\/lajverwine.com\/de\/wp-json\/wp\/v2\/product_cat?post=130226"},{"taxonomy":"product_tag","embeddable":true,"href":"https:\/\/lajverwine.com\/de\/wp-json\/wp\/v2\/product_tag?post=130226"}],"curies":[{"name":"wp","href":"https:\/\/api.w.org\/{rel}","templated":true}]}}