{"id":130335,"date":"2019-08-22T10:15:02","date_gmt":"2019-08-22T09:15:02","guid":{"rendered":"https:\/\/lajverwine.com\/termek\/l-52\/"},"modified":"2022-05-10T15:30:50","modified_gmt":"2022-05-10T14:30:50","slug":"lajver-infinity-cuvee-selection-2017-szekszard","status":"publish","type":"product","link":"https:\/\/lajverwine.com\/de\/termek\/lajver-infinity-cuvee-selection-2017-szekszard\/","title":{"rendered":"LAJVER INFINITY CUV\u00c9E SELECTION 2017 SZEKSZ\u00c1RD"},"content":{"rendered":"<h3>\u00dcBER DEN WEIN<\/h3>\n<p>Ein kr\u00e4ftiger Szeksz\u00e1rder Cuv\u00e9e mit dominantem Cabernet Franc ist das Erste, was im Bouquet zu sp\u00fcren ist. Im Schluck machen ihn die Beerenfr\u00fcchte und reife Himbeeren, elegante Fassmerkmale, s\u00fc\u00dfe Gew\u00fcrze, R\u00f6staromen, angenehme Tannine gehaltvoll. Er enth\u00e4lt Kraft, Spannung, Fr\u00fcchte und Gew\u00fcrze und nachhaltige Aromen. Es ist robuster Wein mit viel Potenzial. Er wird zu Gerichten Glas f\u00fcr Glas getrunken, doch im Keller gelagert wird er noch \u00fcber Jahre\u00a0 ein bleibendes Erlebnis sein.<\/p>\n<p><em><strong>Herstellung\u00a0<\/strong><\/em><br \/>\nDie Trauben werden handverlesen. Die alkoholische G\u00e4rung erfolgt in einem Edelstahltank mit reduktiver Wirkung.\u00a0 Alle Anteile reifen separat, die Besten werden ausgew\u00e4hlt und verschnitten. Die Reifung in Eichenf\u00e4ssern erfolgt in der Regel f\u00fcr 12 Monate, bei Cabernet Franc kann sie auch 14 Monate dauern.<\/p>\n<p><em><strong>Anteile der Rebsorten\u00a0<\/strong><\/em><\/p>\n<ul>\n<li>60% Cabernet Franc<\/li>\n<li>30%\u00a0Merlot<\/li>\n<li>10%\u00a0Cabernet\u00a0Sauvignon<\/li>\n<\/ul>\n<p><strong>Preise, Auszeichnungen:<\/strong><\/p>\n<ul>\n<li>B\u00e1tasz\u00e9ker Weinwettbewerb \u2013 Goldmedaille, 2018<\/li>\n<\/ul>\n<p>Alkohol: 13,5%, S\u00e4ure:\u00a05.4 g\/l<\/p>\n","protected":false},"excerpt":{"rendered":"<p>TROCKENER ROTWEIN MIT\u00a0GESCH\u00dcTZTER URSPRUNGSBEZEICHNUNG<\/p>\n","protected":false},"featured_media":132161,"template":"","meta":{"_acf_changed":false},"product_brand":[],"product_cat":[130,145],"product_tag":[],"class_list":{"0":"post-130335","1":"product","2":"type-product","3":"status-publish","4":"has-post-thumbnail","6":"product_cat-dijnyertes-borok-de","7":"product_cat-premium-de","9":"first","10":"instock","11":"shipping-taxable","12":"purchasable","13":"product-type-simple"},"acf":[],"_links":{"self":[{"href":"https:\/\/lajverwine.com\/de\/wp-json\/wp\/v2\/product\/130335","targetHints":{"allow":["GET"]}}],"collection":[{"href":"https:\/\/lajverwine.com\/de\/wp-json\/wp\/v2\/product"}],"about":[{"href":"https:\/\/lajverwine.com\/de\/wp-json\/wp\/v2\/types\/product"}],"wp:featuredmedia":[{"embeddable":true,"href":"https:\/\/lajverwine.com\/de\/wp-json\/wp\/v2\/media\/132161"}],"wp:attachment":[{"href":"https:\/\/lajverwine.com\/de\/wp-json\/wp\/v2\/media?parent=130335"}],"wp:term":[{"taxonomy":"product_brand","embeddable":true,"href":"https:\/\/lajverwine.com\/de\/wp-json\/wp\/v2\/product_brand?post=130335"},{"taxonomy":"product_cat","embeddable":true,"href":"https:\/\/lajverwine.com\/de\/wp-json\/wp\/v2\/product_cat?post=130335"},{"taxonomy":"product_tag","embeddable":true,"href":"https:\/\/lajverwine.com\/de\/wp-json\/wp\/v2\/product_tag?post=130335"}],"curies":[{"name":"wp","href":"https:\/\/api.w.org\/{rel}","templated":true}]}}