{"id":130357,"date":"2019-08-22T10:15:01","date_gmt":"2019-08-22T09:15:01","guid":{"rendered":"https:\/\/lajverwine.com\/termek\/l-55\/"},"modified":"2021-11-27T00:00:16","modified_gmt":"2021-11-26T22:00:16","slug":"lajver-cabernet-sauvignon-2018-szekszard","status":"publish","type":"product","link":"https:\/\/lajverwine.com\/de\/termek\/lajver-cabernet-sauvignon-2018-szekszard\/","title":{"rendered":"LAJVER CABERNET SAUVIGNON 2018 SZEKSZ\u00c1RD"},"content":{"rendered":"<h3>\u00dcBER DEN WEIN<\/h3>\n<p>Heidelbeeren, Schwarze Johannisbeeren, k\u00fchle Minze und frisch gemahlener Pfeffer entfalten sich auch im Bouquet und dann f\u00fcgt die lederige Note im Schluck eine weitere Nuance hinzu, nicht aufdringlich, gerade genug, um ihn exotischer zu machen.\u00a0 Die Tannine treten hervor, die Aromen von Kakao und ger\u00f6steten K\u00f6rnern tragen zwar nicht massiv, doch intensiv zum Geschmackserlebnis bei. Ein haltbarer, lebendiger Wein, der noch reifen k\u00f6nnte, doch es ist kein Fehler, schon jetzt einen Schluck davon zu trinken, er ist pr\u00e4sent, fast perfekt.<\/p>\n<p><em><strong>Herstellung<\/strong><\/em><br \/>\nNach der G\u00e4rung im Stahltank reift er 12 Monate in Eichenf\u00e4ssern. Ein k\u00f6rperreicher Wein, tief burgunderrot, bei dem das gut ausgew\u00e4hlte Erntedatum, die sorgf\u00e4ltige Verarbeitung und Fassauswahl einen wirklich charakteristischen, reifen Wein ergeben.<\/p>\n<p><em><strong>Anteile der Rebsorten<\/strong><\/em><\/p>\n<p>100%\u00a0Cabernet\u00a0Sauvignon<\/p>\n<p>Alkohol: 13,5%, S\u00e4ure: 5.5 g\/l<\/p>\n<p>&nbsp;<\/p>\n","protected":false},"excerpt":{"rendered":"<p>TROCKENER ROTWEIN MIT\u00a0GESCH\u00dcTZTER URSPRUNGSBEZEICHNUNG<\/p>\n","protected":false},"featured_media":130361,"template":"","meta":{"_acf_changed":false},"product_brand":[],"product_cat":[241,160],"product_tag":[],"class_list":{"0":"post-130357","1":"product","2":"type-product","3":"status-publish","4":"has-post-thumbnail","6":"product_cat-kiemelt-termekek-de","7":"product_cat-szaraz-voros-de","9":"first","10":"instock","11":"shipping-taxable","12":"purchasable","13":"product-type-simple"},"acf":[],"_links":{"self":[{"href":"https:\/\/lajverwine.com\/de\/wp-json\/wp\/v2\/product\/130357","targetHints":{"allow":["GET"]}}],"collection":[{"href":"https:\/\/lajverwine.com\/de\/wp-json\/wp\/v2\/product"}],"about":[{"href":"https:\/\/lajverwine.com\/de\/wp-json\/wp\/v2\/types\/product"}],"wp:featuredmedia":[{"embeddable":true,"href":"https:\/\/lajverwine.com\/de\/wp-json\/wp\/v2\/media\/130361"}],"wp:attachment":[{"href":"https:\/\/lajverwine.com\/de\/wp-json\/wp\/v2\/media?parent=130357"}],"wp:term":[{"taxonomy":"product_brand","embeddable":true,"href":"https:\/\/lajverwine.com\/de\/wp-json\/wp\/v2\/product_brand?post=130357"},{"taxonomy":"product_cat","embeddable":true,"href":"https:\/\/lajverwine.com\/de\/wp-json\/wp\/v2\/product_cat?post=130357"},{"taxonomy":"product_tag","embeddable":true,"href":"https:\/\/lajverwine.com\/de\/wp-json\/wp\/v2\/product_tag?post=130357"}],"curies":[{"name":"wp","href":"https:\/\/api.w.org\/{rel}","templated":true}]}}