{"id":130382,"date":"2019-08-22T10:13:27","date_gmt":"2019-08-22T09:13:27","guid":{"rendered":"https:\/\/lajverwine.com\/termek\/l-58\/"},"modified":"2021-11-27T00:00:17","modified_gmt":"2021-11-26T22:00:17","slug":"lajver-sound-gyongyozo-feher-cuvee-2018","status":"publish","type":"product","link":"https:\/\/lajverwine.com\/de\/termek\/lajver-sound-gyongyozo-feher-cuvee-2018\/","title":{"rendered":"Lajver Sound Gy\u00f6ngy\u00f6z\u0151 Feh\u00e9r Cuv\u00e9e 2018"},"content":{"rendered":"<h3>\u00dcBER DEN WEIN<\/h3>\n<p>Intensiver, zugleich gr\u00fcner und fruchtiger, knackiger Perlwein, der frische appetitanregende Duftnoten verbreitet. Im Schluck entfalten sich lebhafte S\u00e4uren, die von Saftigkeit begleitet werden. Durch Hinzuf\u00fcgen von Kohlens\u00e4ure wird die knackige Fruchtigkeit noch frischer und aufregender erlebt. Pulsierend lebhafter, einladender sommerlicher Wein, der am besten bequem auf der Terrasse in guter Gesellschaft zu trinken ist.<\/p>\n<p><em><strong>Herstellung<\/strong><\/em><\/p>\n<p>Die Trauben werden handverlesen. Die alkoholische G\u00e4rung erfolgt nach Sorten getrennt in einem Edelstahltank mit reduktiver Wirkung.\u00a0\u00a0 Nach der getrennten Reifung werden die Sorten verschnitten, um die beste Harmonie von Aromen und Bouquet zu erreichen. W\u00e4hrend der Flaschenabf\u00fcllung wird Kohlens\u00e4ure hinzugef\u00fcgt, um einen Perlwein zu erzeugen.<\/p>\n<p><em><strong>Anteile der Rebsorten<\/strong><\/em><\/p>\n<p>Cserszegi F\u0171szeres 90%<\/p>\n<p>Welschriesling 4,5%<\/p>\n<p>Chardonnay 3,5%<\/p>\n<p>Rheinischer Riesling 2%<\/p>\n<p>Alkohol: 11,5%, S\u00e4ure: 6.2 g\/l<\/p>\n","protected":false},"excerpt":{"rendered":"<p>HALBTROCKENER WEISSER PERLWEIN MIT KOHLENS\u00c4UREZUSATZ, MIT GESCH\u00dcTZTER URSPRUNGSBEZEICHNUNG PANNON<\/p>\n","protected":false},"featured_media":133189,"template":"","meta":{"_acf_changed":false},"product_brand":[],"product_cat":[148],"product_tag":[],"class_list":{"0":"post-130382","1":"product","2":"type-product","3":"status-publish","4":"has-post-thumbnail","6":"product_cat-szaraz-feher-de","8":"first","9":"instock","10":"shipping-taxable","11":"purchasable","12":"product-type-simple"},"acf":[],"_links":{"self":[{"href":"https:\/\/lajverwine.com\/de\/wp-json\/wp\/v2\/product\/130382","targetHints":{"allow":["GET"]}}],"collection":[{"href":"https:\/\/lajverwine.com\/de\/wp-json\/wp\/v2\/product"}],"about":[{"href":"https:\/\/lajverwine.com\/de\/wp-json\/wp\/v2\/types\/product"}],"wp:featuredmedia":[{"embeddable":true,"href":"https:\/\/lajverwine.com\/de\/wp-json\/wp\/v2\/media\/133189"}],"wp:attachment":[{"href":"https:\/\/lajverwine.com\/de\/wp-json\/wp\/v2\/media?parent=130382"}],"wp:term":[{"taxonomy":"product_brand","embeddable":true,"href":"https:\/\/lajverwine.com\/de\/wp-json\/wp\/v2\/product_brand?post=130382"},{"taxonomy":"product_cat","embeddable":true,"href":"https:\/\/lajverwine.com\/de\/wp-json\/wp\/v2\/product_cat?post=130382"},{"taxonomy":"product_tag","embeddable":true,"href":"https:\/\/lajverwine.com\/de\/wp-json\/wp\/v2\/product_tag?post=130382"}],"curies":[{"name":"wp","href":"https:\/\/api.w.org\/{rel}","templated":true}]}}