{"id":132848,"date":"2022-03-04T09:30:09","date_gmt":"2022-03-04T08:30:09","guid":{"rendered":"https:\/\/lajverwine.com\/?post_type=product&#038;p=132848"},"modified":"2025-05-18T00:01:20","modified_gmt":"2025-05-17T23:01:20","slug":"lajver-sauvignon-blanc-2021","status":"publish","type":"product","link":"https:\/\/lajverwine.com\/de\/termek\/lajver-sauvignon-blanc-2021\/","title":{"rendered":"Lajver Sauvignon Blanc 2021"},"content":{"rendered":"<h3>\u00dcBER DEN WEIN<\/h3>\n<p>Ab dem Jahrgang 2021 haben wir erstmal Sauvignon blanc hergestellt. Bei der Wahl des idealen Lesezeitpunkts haben wir auf die Harmonie von Aromastoffen und S\u00e4uren geachtet, denn unser Hauptziel war es, den Sortencharakter der Trauben so gut wie m\u00f6glich hervorzuheben. Das Endergebnis spricht f\u00fcr sich. Das Aroma zeigt komplexe, reife Zitrus- und gr\u00fcne, grasige Aromen. Der Schluck ist voller Lebendigkeit, lebendiger S\u00e4ure und einem langen Grapefruit-Finish. Lajver ist vielleicht der bisher herausragendste Wei\u00dfwein, der f\u00fcr ein intensives Erlebnis sorgt, das den Mund mit sich selbst und zur Paarung ausf\u00fcllt.<\/p>\n<p><strong><em>Wie es gemacht wird?<\/em><\/strong><\/p>\n<p>Nach pr\u00e4ziser und strenger Technologie wurde es in einem Stahltank bei 16 \u00b0 C fermentiert und dann vier Monate lang auf einem feinen Besen gereift, wobei mehrmals pro Woche ger\u00fchrt wurde.<\/p>\n","protected":false},"excerpt":{"rendered":"<p>TROCKENER WEISSWEIN MIT\u00a0GESCH\u00dcTZTER URSPRUNGSBEZEICHNUNG PANNON<\/p>\n","protected":false},"featured_media":132716,"template":"","meta":{"_acf_changed":false},"product_brand":[],"product_cat":[148],"product_tag":[],"class_list":{"0":"post-132848","1":"product","2":"type-product","3":"status-publish","4":"has-post-thumbnail","6":"product_cat-szaraz-feher-de","8":"first","9":"instock","10":"shipping-taxable","11":"purchasable","12":"product-type-simple"},"acf":[],"_links":{"self":[{"href":"https:\/\/lajverwine.com\/de\/wp-json\/wp\/v2\/product\/132848","targetHints":{"allow":["GET"]}}],"collection":[{"href":"https:\/\/lajverwine.com\/de\/wp-json\/wp\/v2\/product"}],"about":[{"href":"https:\/\/lajverwine.com\/de\/wp-json\/wp\/v2\/types\/product"}],"wp:featuredmedia":[{"embeddable":true,"href":"https:\/\/lajverwine.com\/de\/wp-json\/wp\/v2\/media\/132716"}],"wp:attachment":[{"href":"https:\/\/lajverwine.com\/de\/wp-json\/wp\/v2\/media?parent=132848"}],"wp:term":[{"taxonomy":"product_brand","embeddable":true,"href":"https:\/\/lajverwine.com\/de\/wp-json\/wp\/v2\/product_brand?post=132848"},{"taxonomy":"product_cat","embeddable":true,"href":"https:\/\/lajverwine.com\/de\/wp-json\/wp\/v2\/product_cat?post=132848"},{"taxonomy":"product_tag","embeddable":true,"href":"https:\/\/lajverwine.com\/de\/wp-json\/wp\/v2\/product_tag?post=132848"}],"curies":[{"name":"wp","href":"https:\/\/api.w.org\/{rel}","templated":true}]}}