{"id":132857,"date":"2021-06-30T14:35:58","date_gmt":"2021-06-30T13:35:58","guid":{"rendered":"https:\/\/lajverwine.com\/termek\/lajver-kadarka-2020-szekszard-palackban\/"},"modified":"2022-05-12T13:38:38","modified_gmt":"2022-05-12T12:38:38","slug":"lajver-kadarka-2020-szekszard-flasche","status":"publish","type":"product","link":"https:\/\/lajverwine.com\/de\/termek\/lajver-kadarka-2020-szekszard-flasche\/","title":{"rendered":"Lajver Kadarka 2020 Szeksz\u00e1rd Flasche"},"content":{"rendered":"<div class=\"wpb-content-wrapper\"><p>[vc_row][vc_column][vc_column_text]<\/p>\n<h3>\u00dcBER DEN WEIN<\/h3>\n<p>Als Ergebnis des gemeinsamen Denkens wurde die Szeksz\u00e1rder Flasche geboren, die nur mit den hervorragenden Weinen der Szeksz\u00e1rder Weinregion, dem Szeksz\u00e1rder Stierblut, K\u00e9kfrankos und Kadarka, gef\u00fcllt werden kann. Die Auswahl der Weine erfolgt auf Basis einer Blindverkostung, wodurch sichergestellt wird, dass Weine mit charakteristischem Sorten- bzw. Weinstilcharakter entstehen.<\/p>\n<p>Es bringt die leicht adstringierenden roten Beerennoten und das w\u00fcrzige Aroma der Sorte in seinen Duft. Leichtigkeit und Eleganz erscheinen darin. Haltbare, jungfr\u00e4uliche S\u00e4uren dominieren und machen diesen Rotwein unvergesslich.<\/p>\n<p><b><i>Wie es gemacht wird?<br \/>\n<\/i><\/b><\/p>\n<p>Handverlesen und dann Beeren gepfl\u00fcckt. Alkoholische G\u00e4rung und Apfels\u00e4ureabbau in Edelstahltanks. Er reifte sechs Monate im Tank.[\/vc_column_text][\/vc_column][\/vc_row]<\/p>\n<\/div>","protected":false},"excerpt":{"rendered":"<p>TROCKENER ROTWEIN MIT\u00a0GESCH\u00dcTZTER URSPRUNGSBEZEICHNUNG<\/p>\n","protected":false},"featured_media":130869,"template":"","meta":{"_acf_changed":false},"product_brand":[],"product_cat":[253,160],"product_tag":[],"class_list":{"0":"post-132857","1":"product","2":"type-product","3":"status-publish","4":"has-post-thumbnail","6":"product_cat-kadarka-de","7":"product_cat-szaraz-voros-de","9":"first","10":"instock","11":"shipping-taxable","12":"purchasable","13":"product-type-simple"},"acf":[],"_links":{"self":[{"href":"https:\/\/lajverwine.com\/de\/wp-json\/wp\/v2\/product\/132857","targetHints":{"allow":["GET"]}}],"collection":[{"href":"https:\/\/lajverwine.com\/de\/wp-json\/wp\/v2\/product"}],"about":[{"href":"https:\/\/lajverwine.com\/de\/wp-json\/wp\/v2\/types\/product"}],"wp:featuredmedia":[{"embeddable":true,"href":"https:\/\/lajverwine.com\/de\/wp-json\/wp\/v2\/media\/130869"}],"wp:attachment":[{"href":"https:\/\/lajverwine.com\/de\/wp-json\/wp\/v2\/media?parent=132857"}],"wp:term":[{"taxonomy":"product_brand","embeddable":true,"href":"https:\/\/lajverwine.com\/de\/wp-json\/wp\/v2\/product_brand?post=132857"},{"taxonomy":"product_cat","embeddable":true,"href":"https:\/\/lajverwine.com\/de\/wp-json\/wp\/v2\/product_cat?post=132857"},{"taxonomy":"product_tag","embeddable":true,"href":"https:\/\/lajverwine.com\/de\/wp-json\/wp\/v2\/product_tag?post=132857"}],"curies":[{"name":"wp","href":"https:\/\/api.w.org\/{rel}","templated":true}]}}