{"id":132861,"date":"2022-03-31T09:51:52","date_gmt":"2022-03-31T08:51:52","guid":{"rendered":"https:\/\/lajverwine.com\/termek\/lajver-kekfrankos-2019-szekszard-palackban\/"},"modified":"2022-05-12T14:07:26","modified_gmt":"2022-05-12T13:07:26","slug":"lajver-kekfrankos-2019-szekszard-flasche","status":"publish","type":"product","link":"https:\/\/lajverwine.com\/de\/termek\/lajver-kekfrankos-2019-szekszard-flasche\/","title":{"rendered":"Lajver K\u00e9kfrankos 2019 Szeksz\u00e1rd Flasche"},"content":{"rendered":"<div class=\"wpb-content-wrapper\"><p>[vc_row][vc_column][vc_column_text]<\/p>\n<h3>\u00dcBER DEN WEIN<\/h3>\n<p>Als Ergebnis des gemeinsamen Denkens wurde die Szeksz\u00e1rder Flasche geboren, die nur mit den hervorragenden Weinen der Szeksz\u00e1rder Weinregion, dem Szeksz\u00e1rder Stierblut, K\u00e9kfrankos und Kadarka gef\u00fcllt werden kann. Die Auswahl der Weine erfolgt auf Basis einer Blindverkostung, wodurch sichergestellt wird, dass Weine mit charakteristischem Sorten- bzw. Weinstilcharakter entstehen.<\/p>\n<p>In der Nase reife Waldfr\u00fcchte und etwas W\u00fcrze, mundige Tannine und eine spannende S\u00e4ure, die diesen Wein einfach gro\u00dfartig machen.<\/p>\n<h5>Wie es gemacht wird?<\/h5>\n<p>Nach gr\u00fcndlicher Sortierung und sorgf\u00e4ltiger Verarbeitung muss der blaue Traubenmost im Stahltank vergoren werden. Ein Teil davon wurde 12 Monate in ungarischen Eichenf\u00e4ssern gereift.<\/p>\n<p>Wir sind stolz darauf, dass unser Lajver K\u00e9kfrankos beim internationalen Weinwettbewerb Berliner Wine Trophy 2022 eine Goldmedaille gewonnen hat.[\/vc_column_text][\/vc_column][\/vc_row]<\/p>\n<\/div>","protected":false},"excerpt":{"rendered":"<p>TROCKENER ROTWEIN MIT\u00a0GESCH\u00dcTZTER URSPRUNGSBEZEICHNUNG<\/p>\n","protected":false},"featured_media":132560,"template":"","meta":{"_acf_changed":false},"product_brand":[],"product_cat":[160,130],"product_tag":[],"class_list":{"0":"post-132861","1":"product","2":"type-product","3":"status-publish","4":"has-post-thumbnail","6":"product_cat-szaraz-voros-de","7":"product_cat-dijnyertes-borok-de","9":"first","10":"instock","11":"shipping-taxable","12":"purchasable","13":"product-type-simple"},"acf":[],"_links":{"self":[{"href":"https:\/\/lajverwine.com\/de\/wp-json\/wp\/v2\/product\/132861","targetHints":{"allow":["GET"]}}],"collection":[{"href":"https:\/\/lajverwine.com\/de\/wp-json\/wp\/v2\/product"}],"about":[{"href":"https:\/\/lajverwine.com\/de\/wp-json\/wp\/v2\/types\/product"}],"wp:featuredmedia":[{"embeddable":true,"href":"https:\/\/lajverwine.com\/de\/wp-json\/wp\/v2\/media\/132560"}],"wp:attachment":[{"href":"https:\/\/lajverwine.com\/de\/wp-json\/wp\/v2\/media?parent=132861"}],"wp:term":[{"taxonomy":"product_brand","embeddable":true,"href":"https:\/\/lajverwine.com\/de\/wp-json\/wp\/v2\/product_brand?post=132861"},{"taxonomy":"product_cat","embeddable":true,"href":"https:\/\/lajverwine.com\/de\/wp-json\/wp\/v2\/product_cat?post=132861"},{"taxonomy":"product_tag","embeddable":true,"href":"https:\/\/lajverwine.com\/de\/wp-json\/wp\/v2\/product_tag?post=132861"}],"curies":[{"name":"wp","href":"https:\/\/api.w.org\/{rel}","templated":true}]}}