{"id":132865,"date":"2022-05-10T09:06:34","date_gmt":"2022-05-10T08:06:34","guid":{"rendered":"https:\/\/lajverwine.com\/termek\/lajver-bikaver-2019-szekszard-palackban\/"},"modified":"2022-05-13T16:56:12","modified_gmt":"2022-05-13T15:56:12","slug":"lajver-bikaver-2019-szekszard-flasche","status":"publish","type":"product","link":"https:\/\/lajverwine.com\/de\/termek\/lajver-bikaver-2019-szekszard-flasche\/","title":{"rendered":"Lajver Bikav\u00e9r 2019 Szeksz\u00e1rd Flasche"},"content":{"rendered":"<div class=\"wpb-content-wrapper\"><p>[vc_row][vc_column][vc_column_text]<\/p>\n<h3>\u00dcBER DEN WEIN<\/h3>\n<p>Als Ergebnis des gemeinsamen Denkens wurde die Szeksz\u00e1rder Flasche geboren, die nur mit den hervorragenden Weinen der Szeksz\u00e1rder Weinregion, dem Szeksz\u00e1rder Stierblut, K\u00e9kfrankos und Kadarka gef\u00fcllt werden kann. Die Auswahl der Weine erfolgt auf Basis einer Blindverkostung, wodurch sichergestellt wird, dass Weine mit charakteristischem Sorten- bzw. Weinstilcharakter entstehen.<\/p>\n<p>Aufgrund des besonderen Mikroklimas des Bachtals Lajv\u00e9r, seiner einzigartigen L\u00f6ssb\u00f6den und seiner Weinberge im S\u00fcden ist es auch eine Kuriosit\u00e4t innerhalb der Weinregion Szeksz\u00e1rd. Wir mussten nur unseren Maximalismus zu den hervorragenden Grundlagen hinzuf\u00fcgen, um dieses Bull&#8217;s Blood entstehen zu lassen. Das Endergebnis spricht f\u00fcr sich \u2013 duftend nach reifen roten Beeren, Kirschen, Hibiskus und s\u00fc\u00dfer Sch\u00e4rfe. Er zeichnet sich durch Eleganz, mittlere Intensit\u00e4t, harmonische S\u00e4urestruktur und runde Tannine aus.<\/p>\n<p><em><strong>Wie es gemacht wird?<br \/>\n<\/strong><\/em><\/p>\n<p>Handverlesen und dann Beeren gepfl\u00fcckt. Alkoholische G\u00e4rung in einem Edelstahltank in einem reduktiven Raum nach Sorten, gefolgt von einer 12-monatigen Reifung in Eichenf\u00e4ssern nach der G\u00e4rung. Nach separater Reifung mischen wir uns ein, um die beste Harmonie von Geschmack und Aroma zu finden.[\/vc_column_text][\/vc_column][\/vc_row]<\/p>\n<\/div>","protected":false},"excerpt":{"rendered":"<p>TROCKENER ROTWEIN MIT\u00a0GESCH\u00dcTZTER URSPRUNGSBEZEICHNUNG<\/p>\n","protected":false},"featured_media":132840,"template":"","meta":{"_acf_changed":false},"product_brand":[],"product_cat":[160],"product_tag":[],"class_list":{"0":"post-132865","1":"product","2":"type-product","3":"status-publish","4":"has-post-thumbnail","6":"product_cat-szaraz-voros-de","8":"first","9":"outofstock","10":"shipping-taxable","11":"purchasable","12":"product-type-simple"},"acf":[],"_links":{"self":[{"href":"https:\/\/lajverwine.com\/de\/wp-json\/wp\/v2\/product\/132865","targetHints":{"allow":["GET"]}}],"collection":[{"href":"https:\/\/lajverwine.com\/de\/wp-json\/wp\/v2\/product"}],"about":[{"href":"https:\/\/lajverwine.com\/de\/wp-json\/wp\/v2\/types\/product"}],"wp:featuredmedia":[{"embeddable":true,"href":"https:\/\/lajverwine.com\/de\/wp-json\/wp\/v2\/media\/132840"}],"wp:attachment":[{"href":"https:\/\/lajverwine.com\/de\/wp-json\/wp\/v2\/media?parent=132865"}],"wp:term":[{"taxonomy":"product_brand","embeddable":true,"href":"https:\/\/lajverwine.com\/de\/wp-json\/wp\/v2\/product_brand?post=132865"},{"taxonomy":"product_cat","embeddable":true,"href":"https:\/\/lajverwine.com\/de\/wp-json\/wp\/v2\/product_cat?post=132865"},{"taxonomy":"product_tag","embeddable":true,"href":"https:\/\/lajverwine.com\/de\/wp-json\/wp\/v2\/product_tag?post=132865"}],"curies":[{"name":"wp","href":"https:\/\/api.w.org\/{rel}","templated":true}]}}