{"id":127895,"date":"2019-08-09T12:06:25","date_gmt":"2019-08-09T11:06:25","guid":{"rendered":"https:\/\/lajverwine.com\/hirlevel-feliratkozas\/"},"modified":"2022-11-29T15:47:29","modified_gmt":"2022-11-29T14:47:29","slug":"hirlevel-feliratkozas","status":"publish","type":"page","link":"https:\/\/lajverwine.com\/en\/hirlevel-feliratkozas\/","title":{"rendered":"H\u00edrlev\u00e9l feliratkoz\u00e1s"},"content":{"rendered":"<div class=\"wpb-content-wrapper\"><p>[vc_row full_width=&#8221;stretch_row_content_no_spaces&#8221; css=&#8221;.vc_custom_1565384865215{margin-top: 0px !important;margin-right: 0px !important;margin-bottom: 0px !important;margin-left: 0px !important;border-top-width: 0px !important;border-right-width: 0px !important;border-bottom-width: 0px !important;border-left-width: 0px !important;padding-top: 0px !important;padding-right: 0px !important;padding-bottom: 0px !important;padding-left: 0px !important;background-image: url(https:\/\/lajverwine.com\/wp-content\/uploads\/2019\/08\/Slider_kep.png?id=66) !important;}&#8221;][vc_column css=&#8221;.vc_custom_1565384926316{margin-top: 0px !important;margin-right: 0px !important;margin-bottom: 0px !important;margin-left: 0px !important;border-top-width: 0px !important;border-right-width: 0px !important;border-bottom-width: 0px !important;border-left-width: 0px !important;padding-top: 0px !important;padding-right: 0px !important;padding-bottom: 0px !important;padding-left: 0px !important;}&#8221;][vc_single_image image=&#8221;125389&#8243; alignment=&#8221;center&#8221; css=&#8221;.vc_custom_1565385694908{margin-top: 0px !important;margin-right: 0px !important;margin-bottom: 0px !important;margin-left: 0px !important;border-top-width: 0px !important;border-right-width: 0px !important;border-bottom-width: 0px !important;border-left-width: 0px !important;padding-top: 0px !important;padding-right: 0px !important;padding-bottom: 0px !important;padding-left: 0px !important;}&#8221;][\/vc_column][\/vc_row][vc_row][vc_column][vc_column_text]<\/p>\n<h2 style=\"text-align: center;\">H\u00edrlev\u00e9l feliratkoz\u00e1s<\/h2>\n<p>[\/vc_column_text][\/vc_column][\/vc_row][vc_row][vc_column width=&#8221;2\/3&#8243; offset=&#8221;vc_col-lg-offset-2 vc_col-md-offset-2&#8243;]<div class=\"wpb-content-wrapper\"><p>[vc_row][vc_column][vc_raw_html]JTNDZm9ybSUyMGFjdGlvbiUzRCUyMmh0dHBzJTNBJTJGJTJGYXBwLm1vbW9jcm0uaHUlMkZmb3JtJTJGYzA4YmM4Yzg5N2RmZjNhZjM1YzczMWRlYWU5MzJmZjQ1OTc4MGM5YjY3MGQzNjhlYzU3ZjM4NzNiYTRhZjUzNCUyMiUyMGlkJTNEJTIybW9tb2Zvcm0lMjIlMjBtZXRob2QlM0QlMjJQT1NUJTIyJTIwY2xhc3NOYW1lJTNEJTIyJTIyJTNFJTBBJTIwJTIwJTIwJTIwJTNDZGl2JTIwY2xhc3NOYW1lJTNEJTIycm93JTIyJTNFJTBBJTIwJTIwJTIwJTIwJTIwJTIwJTIwJTIwJTIwJTIwJTIwJTIwJTNDZGl2JTIwY2xhc3NOYW1lJTNEJTIyZm9ybS1ncm91cCUyMiUyMHN0eWxlJTNEJTIyJTIyJTNFJTBBJTIwJTIwJTIwJTIwJTIwJTIwJTIwJTIwJTIwJTIwJTIwJTIwJTIwJTIwJTIwJTIwJTNDbGFiZWwlMjBodG1sRm9yJTNEJTIyY29udGFjdEZOYW1lJTIyJTNFTiVDMyVBOXYlM0MlMkZsYWJlbCUzRSUwQSUyMCUyMCUyMCUyMCUyMCUyMCUyMCUyMCUyMCUyMCUyMCUyMCUyMCUyMCUyMCUyMCUzQ2lucHV0JTIwZGF0YS1yZXF1aXJlZCUzRCUyMmZhbHNlJTIyJTIwY2xhc3NOYW1lJTNEJTIyZm9ybS1jb250cm9sJTIyJTIwdHlwZSUzRCUyMnRleHQlMjIlMjBuYW1lJTNEJTIyY29udGFjdEZOYW1lJTIyJTIwcGxhY2Vob2xkZXIlM0QlMjIlMjIlMjB2YWx1ZSUzRCUyMiUyMiUzRSUwQSUyMCUyMCUyMCUyMCUyMCUyMCUyMCUyMCUyMCUyMCUyMCUyMCUzQyUyRmRpdiUzRSUwQSUwQSUyMCUyMCUyMCUyMCUyMCUyMCUyMCUyMCUyMCUyMCUyMCUyMCUzQ2RpdiUyMGNsYXNzTmFtZSUzRCUyMmZvcm0tZ3JvdXAlMjIlMjBzdHlsZSUzRCUyMiUyMiUzRSUwQSUyMCUyMCUyMCUyMCUyMCUyMCUyMCUyMCUyMCUyMCUyMCUyMCUyMCUyMCUyMCUyMCUzQ2xhYmVsJTIwaHRtbEZvciUzRCUyMmNvbnRhY3RFbWFpbCUyMiUzRUUtbWFpbCUzQyUyRmxhYmVsJTNFJTBBJTIwJTIwJTIwJTIwJTIwJTIwJTIwJTIwJTIwJTIwJTIwJTIwJTIwJTIwJTIwJTIwJTNDaW5wdXQlMjByZXF1aXJlZCUzRCUyMiUyMiUyMGRhdGEtcmVxdWlyZWQlM0QlMjJ0cnVlJTIyJTIwY2xhc3NOYW1lJTNEJTIyZm9ybS1jb250cm9sJTIyJTIwdHlwZSUzRCUyMmVtYWlsJTIyJTIwbmFtZSUzRCUyMmNvbnRhY3RFbWFpbCUyMiUyMHBsYWNlaG9sZGVyJTNEJTIyJTIyJTIwdmFsdWUlM0QlMjIlMjIlM0UlMEElMjAlMjAlMjAlMjAlMjAlMjAlMjAlMjAlMjAlMjAlMjAlMjAlM0MlMkZkaXYlM0UlMEElMEElMjAlMjAlMjAlMjAlMjAlMjAlMjAlMjAlMjAlMjAlMjAlMjAlM0NkaXYlMjBjbGFzc05hbWUlM0QlMjJmb3JtLWdyb3VwJTIyJTIwc3R5bGUlM0QlMjJkaXNwbGF5JTNBbm9uZSUzQiUyMiUzRSUwQSUyMCUyMCUyMCUyMCUyMCUyMCUyMCUyMCUyMCUyMCUyMCUyMCUyMCUyMCUyMCUyMCUzQ2xhYmVsJTIwaHRtbEZvciUzRCUyMjIzNTAlMjIlM0VGZWxpcmF0a296b3R0JTNDJTJGbGFiZWwlM0UlMEElMjAlMjAlMjAlMjAlMjAlMjAlMjAlMjAlMjAlMjAlMjAlMjAlMjAlMjAlMjAlMjAlM0NpbnB1dCUyMGRhdGEtcmVxdWlyZWQlM0QlMjJmYWxzZSUyMiUyMGNsYXNzTmFtZSUzRCUyMmZvcm0tY29udHJvbCUyMiUyMHR5cGUlM0QlMjJ0ZXh0JTIyJTIwbmFtZSUzRCUyMjIzNTAlMjIlMjBwbGFjZWhvbGRlciUzRCUyMiUyMiUyMHZhbHVlJTNEJTIyaWdlbiUyMiUzRSUwQSUyMCUyMCUyMCUyMCUyMCUyMCUyMCUyMCUyMCUyMCUyMCUyMCUzQyUyRmRpdiUzRSUwQSUwQSUyMCUyMCUyMCUyMCUyMCUyMCUyMCUyMCUyMCUyMCUyMCUyMCUzQ2RpdiUyMGNsYXNzTmFtZSUzRCUyMmZvcm0tZ3JvdXAlMjIlMjBzdHlsZSUzRCUyMiUyMiUzRSUwQSUyMCUyMCUyMCUyMCUyMCUyMCUyMCUyMCUyMCUyMCUyMCUyMCUyMCUyMCUyMCUyMCUzQ2xhYmVsJTIwY2xhc3NOYW1lJTNEJTIyZm9ybS1jb250cm9sJTIyJTIwc3R5bGUlM0QlMjJkaXNwbGF5JTNBJTIwZmxleCUzQiUyMGFsaWduLWl0ZW1zJTNBJTIwY2VudGVyJTNCJTIyJTNFJTBBJTIwJTIwJTIwJTIwJTIwJTIwJTIwJTIwJTIwJTIwJTIwJTIwJTIwJTIwJTIwJTIwJTIwJTIwJTIwJTIwJTNDaW5wdXQlMjB0eXBlJTNEJTIyY2hlY2tib3glMjIlMjBuYW1lJTNEJTIyMzUyNyU1QiU1RCUyMiUyMHZhbHVlJTIwJTNEJTIwJTIyRWxmb2dhZG9tJTIwYXolMjBhZGF0diVDMyVBOWRlbG1pJTIwbnlpbGF0a296YXRvdCUyMiUyMHJlcXVpcmVkJTNFJTBBJTIwJTIwJTIwJTIwJTIwJTIwJTIwJTIwJTIwJTIwJTIwJTIwJTIwJTIwJTIwJTIwJTIwJTIwJTIwJTIwJTNDbGFiZWwlM0VFbGZvZ2Fkb20lMjBheiUyMCUzQ2ElMjBocmVmJTIwJTNEJTIwJTIyJTJGYWRhdHZlZGVsbWktbnlpbGF0a296YXQlMjIlMjB0YXJnZXQlM0QlMjJfYmxhbmslMjIlM0VhZGF0diVDMyVBOWRlbG1pJTIwbnlpbGF0a296YXRvdCUzQyUyRmElM0UlMEElMjAlMjAlMjAlMjAlMjAlMjAlMjAlMjAlMjAlMjAlMjAlMjAlMjAlMjAlMjAlMjAlMjAlMjAlMjAlMjAlM0MlMkZsYWJlbCUzRSUwQSUyMCUyMCUyMCUyMCUyMCUyMCUyMCUyMCUyMCUyMCUyMCUyMCUyMCUyMCUyMCUyMCUzQyUyRmxhYmVsJTNFJTBBJTIwJTIwJTIwJTIwJTIwJTIwJTIwJTIwJTIwJTIwJTIwJTIwJTNDJTJGZGl2JTNFJTBBJTIwJTIwJTIwJTIwJTIwJTIwJTIwJTIwJTNDJTJGZGl2JTNFJTBBJTIwJTIwJTIwJTIwJTIwJTIwJTIwJTIwJTBBJTIwJTIwJTIwJTIwJTIwJTIwJTIwJTIwJTNDYnV0dG9uJTIwc3R5bGUlMjAlM0QlMjAlMjJtYXJnaW4tdG9wJTNBJTIwMjBweCUzQiUyMiUyMHR5cGUlM0QlMjJzdWJtaXQlMjIlMjBjbGFzc05hbWUlM0QlMjJidG4lMjBidG4tZGVmYXVsdCUyMGJ0bi1zdWNjZXNzJTIyJTNFRmVsaXJhdGtvem9tJTNDJTJGYnV0dG9uJTNFJTBBJTIwJTIwJTIwJTIwJTIwJTIwJTIwJTIwJTBBJTNDJTJGZm9ybSUzRQ==[\/vc_raw_html][\/vc_column][\/vc_row]<\/p>\n<\/div>[\/vc_column][\/vc_row]<\/p>\n<\/div>","protected":false},"excerpt":{"rendered":"<p>[vc_row full_width=&#8221;stretch_row_content_no_spaces&#8221; css=&#8221;.vc_custom_1565384865215{margin-top: 0px !important;margin-right: 0px !important;margin-bottom: 0px !important;margin-left: 0px !important;border-top-width: 0px !important;border-right-width: 0px !important;border-bottom-width: 0px !important;border-left-width: 0px !important;padding-top: 0px !important;padding-right: 0px !important;padding-bottom: 0px !important;padding-left: 0px !important;background-image: url(https:\/\/lajverwine.com\/wp-content\/uploads\/2019\/08\/Slider_kep.png?id=66) !important;}&#8221;][vc_column css=&#8221;.vc_custom_1565384926316{margin-top: 0px !important;margin-right: 0px !important;margin-bottom: 0px !important;margin-left: 0px !important;border-top-width: 0px !important;border-right-width: 0px !important;border-bottom-width: 0px !important;border-left-width: 0px !important;padding-top: 0px !important;padding-right: 0px !important;padding-bottom: 0px !important;padding-left: 0px !important;}&#8221;][vc_single_image image=&#8221;125389&#8243; [&hellip;]<\/p>\n","protected":false},"author":361,"featured_media":0,"parent":0,"menu_order":0,"comment_status":"closed","ping_status":"closed","template":"","meta":{"_acf_changed":false,"footnotes":""},"class_list":["post-127895","page","type-page","status-publish","hentry"],"acf":[],"_links":{"self":[{"href":"https:\/\/lajverwine.com\/en\/wp-json\/wp\/v2\/pages\/127895","targetHints":{"allow":["GET"]}}],"collection":[{"href":"https:\/\/lajverwine.com\/en\/wp-json\/wp\/v2\/pages"}],"about":[{"href":"https:\/\/lajverwine.com\/en\/wp-json\/wp\/v2\/types\/page"}],"author":[{"embeddable":true,"href":"https:\/\/lajverwine.com\/en\/wp-json\/wp\/v2\/users\/361"}],"replies":[{"embeddable":true,"href":"https:\/\/lajverwine.com\/en\/wp-json\/wp\/v2\/comments?post=127895"}],"version-history":[{"count":7,"href":"https:\/\/lajverwine.com\/en\/wp-json\/wp\/v2\/pages\/127895\/revisions"}],"predecessor-version":[{"id":134001,"href":"https:\/\/lajverwine.com\/en\/wp-json\/wp\/v2\/pages\/127895\/revisions\/134001"}],"wp:attachment":[{"href":"https:\/\/lajverwine.com\/en\/wp-json\/wp\/v2\/media?parent=127895"}],"curies":[{"name":"wp","href":"https:\/\/api.w.org\/{rel}","templated":true}]}}