{"id":132856,"date":"2021-06-30T14:35:58","date_gmt":"2021-06-30T13:35:58","guid":{"rendered":"https:\/\/lajverwine.com\/termek\/lajver-kadarka-2020-szekszard-palackban\/"},"modified":"2023-03-29T13:31:23","modified_gmt":"2023-03-29T12:31:23","slug":"lajver-kadarka-2020-in-szekszard-bottle","status":"publish","type":"product","link":"https:\/\/lajverwine.com\/en\/termek\/lajver-kadarka-2020-in-szekszard-bottle\/","title":{"rendered":"Lajver Kadarka in Szeksz\u00e1rd bottle"},"content":{"rendered":"<div class=\"wpb-content-wrapper\"><p>[vc_row][vc_column][vc_column_text]<\/p>\n<h3><strong>ABOUT THIS WINE<\/strong><\/h3>\n<p>As a result of the common thinking, the Szeksz\u00e1rd Bottle was born, which can only be filled with the outstanding wines of the Szeksz\u00e1rd wine region, the Szeksz\u00e1rd bull&#8217;s blood, K\u00e9kfrankos and Kadarka. The wines are selected on the basis of blind tasting, thus ensuring that the wines with a characteristic varietal or wine-style character are produced.<\/p>\n<p>It brings the slightly astringent red berry notes and the spicy aroma of the variety in its scent. Lightness and elegance appear in it. Durable, virgonc acids dominate and make this red wine memorable.<\/p>\n<p><b><i>How it is made?<br \/>\n<\/i><\/b><\/p>\n<p>Hand-picked and then berry-picked. Alcoholic fermentation and malic acid decomposition in stainless steel tanks. It was matured in a tank for six months.[\/vc_column_text][\/vc_column][\/vc_row]<\/p>\n<\/div>","protected":false},"excerpt":{"rendered":"<p>DRY RED WINE\u00a0WITH A PROTECTED DENOMINATION OF ORIGIN<\/p>\n","protected":false},"featured_media":130867,"template":"","meta":{"_acf_changed":false},"product_brand":[],"product_cat":[252,158],"product_tag":[],"class_list":{"0":"post-132856","1":"product","2":"type-product","3":"status-publish","4":"has-post-thumbnail","6":"product_cat-kadarka-en","7":"product_cat-szaraz-voros-en","9":"first","10":"instock","11":"shipping-taxable","12":"purchasable","13":"product-type-simple"},"acf":[],"_links":{"self":[{"href":"https:\/\/lajverwine.com\/en\/wp-json\/wp\/v2\/product\/132856","targetHints":{"allow":["GET"]}}],"collection":[{"href":"https:\/\/lajverwine.com\/en\/wp-json\/wp\/v2\/product"}],"about":[{"href":"https:\/\/lajverwine.com\/en\/wp-json\/wp\/v2\/types\/product"}],"wp:featuredmedia":[{"embeddable":true,"href":"https:\/\/lajverwine.com\/en\/wp-json\/wp\/v2\/media\/130867"}],"wp:attachment":[{"href":"https:\/\/lajverwine.com\/en\/wp-json\/wp\/v2\/media?parent=132856"}],"wp:term":[{"taxonomy":"product_brand","embeddable":true,"href":"https:\/\/lajverwine.com\/en\/wp-json\/wp\/v2\/product_brand?post=132856"},{"taxonomy":"product_cat","embeddable":true,"href":"https:\/\/lajverwine.com\/en\/wp-json\/wp\/v2\/product_cat?post=132856"},{"taxonomy":"product_tag","embeddable":true,"href":"https:\/\/lajverwine.com\/en\/wp-json\/wp\/v2\/product_tag?post=132856"}],"curies":[{"name":"wp","href":"https:\/\/api.w.org\/{rel}","templated":true}]}}