{"id":132860,"date":"2022-03-31T09:51:52","date_gmt":"2022-03-31T08:51:52","guid":{"rendered":"https:\/\/lajverwine.com\/termek\/lajver-kekfrankos-2019-szekszard-palackban\/"},"modified":"2023-03-29T13:40:02","modified_gmt":"2023-03-29T12:40:02","slug":"lajver-kekfrankos-2019-in-szekszard-bottle","status":"publish","type":"product","link":"https:\/\/lajverwine.com\/en\/termek\/lajver-kekfrankos-2019-in-szekszard-bottle\/","title":{"rendered":"Lajver K\u00e9kfrankos in Szeksz\u00e1rd bottle"},"content":{"rendered":"<div class=\"wpb-content-wrapper\"><p>[vc_row][vc_column][vc_column_text]<\/p>\n<h3>ABOUT THIS WINE<\/h3>\n<p>As a result of the common thinking, the Szeksz\u00e1rd Bottle was born, which can only be filled with the outstanding wines of the Szeksz\u00e1rd wine region, the Szeksz\u00e1rd bull&#8217;s blood, K\u00e9kfrankos and Kadarka. The wines are selected on the basis of blind tasting, thus ensuring that the wines with a characteristic varietal or wine-style character are produced.<\/p>\n<p>The aroma is ripe forest fruit and some spiciness, sip-rounded tannins and an exciting acidity that simply make this wine great.<\/p>\n<h5>How it is made?<\/h5>\n<p>After thorough sorting and careful processing, the blue grape must must be fermented in a steel tank. Some of it was aged in Hungarian oak barrels for 12 months.<\/p>\n<p>We are proud that our Lajver K\u00e9kfrankos \u00a0won a gold medal at the Berliner Wine Trophy international wine competition in 2022.[\/vc_column_text][\/vc_column][\/vc_row]<\/p>\n<\/div>","protected":false},"excerpt":{"rendered":"<p>DRY RED WINE\u00a0WITH A PROTECTED DENOMINATION OF ORIGIN<\/p>\n","protected":false},"featured_media":132558,"template":"","meta":{"_acf_changed":false},"product_brand":[],"product_cat":[158,128],"product_tag":[],"class_list":{"0":"post-132860","1":"product","2":"type-product","3":"status-publish","4":"has-post-thumbnail","6":"product_cat-szaraz-voros-en","7":"product_cat-dijnyertes-borok-en","9":"first","10":"instock","11":"shipping-taxable","12":"purchasable","13":"product-type-simple"},"acf":[],"_links":{"self":[{"href":"https:\/\/lajverwine.com\/en\/wp-json\/wp\/v2\/product\/132860","targetHints":{"allow":["GET"]}}],"collection":[{"href":"https:\/\/lajverwine.com\/en\/wp-json\/wp\/v2\/product"}],"about":[{"href":"https:\/\/lajverwine.com\/en\/wp-json\/wp\/v2\/types\/product"}],"wp:featuredmedia":[{"embeddable":true,"href":"https:\/\/lajverwine.com\/en\/wp-json\/wp\/v2\/media\/132558"}],"wp:attachment":[{"href":"https:\/\/lajverwine.com\/en\/wp-json\/wp\/v2\/media?parent=132860"}],"wp:term":[{"taxonomy":"product_brand","embeddable":true,"href":"https:\/\/lajverwine.com\/en\/wp-json\/wp\/v2\/product_brand?post=132860"},{"taxonomy":"product_cat","embeddable":true,"href":"https:\/\/lajverwine.com\/en\/wp-json\/wp\/v2\/product_cat?post=132860"},{"taxonomy":"product_tag","embeddable":true,"href":"https:\/\/lajverwine.com\/en\/wp-json\/wp\/v2\/product_tag?post=132860"}],"curies":[{"name":"wp","href":"https:\/\/api.w.org\/{rel}","templated":true}]}}