{"id":132864,"date":"2022-05-10T09:06:34","date_gmt":"2022-05-10T08:06:34","guid":{"rendered":"https:\/\/lajverwine.com\/termek\/lajver-bikaver-2019-szekszard-palackban\/"},"modified":"2023-03-29T13:17:58","modified_gmt":"2023-03-29T12:17:58","slug":"lajver-bikaver-2019-in-szekszard-bottle","status":"publish","type":"product","link":"https:\/\/lajverwine.com\/en\/termek\/lajver-bikaver-2019-in-szekszard-bottle\/","title":{"rendered":"Lajver Bikav\u00e9r in Szeksz\u00e1rd bottle"},"content":{"rendered":"<div class=\"wpb-content-wrapper\"><p>[vc_row][vc_column][vc_column_text]<\/p>\n<h3>ABOUT THIS WINE<\/h3>\n<p>As a result of the common thinking, the Szeksz\u00e1rd Bottle was born, which can only be filled with the outstanding wines of the Szeksz\u00e1rd wine region, the Szeksz\u00e1rd bull&#8217;s blood, K\u00e9kfrankos and Kadarka. The wines are selected on the basis of blind tasting, thus ensuring that the wines with a characteristic varietal or wine-style character are produced.<\/p>\n<p>Due to the special microclimate of the Lajv\u00e9r stream valley, its unique loess-rich soils and its vineyards to the south it is also a curiosity within the Szeksz\u00e1rd Wine Region. We only had to add our maximalism to the excellent foundations to let this Bull&#8217;s Blood be born. The end result speaks for itself &#8211; scented with ripe red berries, cherries, hibiscus and sweet spiciness displayed. It is characterized by elegance, medium intensity, harmonious acid structure and round tannins.<\/p>\n<p><em><strong>How it is made?<br \/>\n<\/strong><\/em><\/p>\n<p>Hand-picked and then berry-picked. Alcoholic fermentation in a stainless steel tank in a reductive space by variety, followed by maturation in oak barrels for 12 months after fermentation. After separate maturation, we blend in to find the best harmony of taste and aroma.[\/vc_column_text][\/vc_column][\/vc_row]<\/p>\n<\/div>","protected":false},"excerpt":{"rendered":"<p>DRY RED WINE\u00a0WITH A PROTECTED DENOMINATION OF ORIGIN<\/p>\n","protected":false},"featured_media":132838,"template":"","meta":{"_acf_changed":false},"product_brand":[],"product_cat":[158,162],"product_tag":[],"class_list":{"0":"post-132864","1":"product","2":"type-product","3":"status-publish","4":"has-post-thumbnail","6":"product_cat-szaraz-voros-en","7":"product_cat-uncategorized-en","9":"first","10":"outofstock","11":"shipping-taxable","12":"purchasable","13":"product-type-simple"},"acf":[],"_links":{"self":[{"href":"https:\/\/lajverwine.com\/en\/wp-json\/wp\/v2\/product\/132864","targetHints":{"allow":["GET"]}}],"collection":[{"href":"https:\/\/lajverwine.com\/en\/wp-json\/wp\/v2\/product"}],"about":[{"href":"https:\/\/lajverwine.com\/en\/wp-json\/wp\/v2\/types\/product"}],"wp:featuredmedia":[{"embeddable":true,"href":"https:\/\/lajverwine.com\/en\/wp-json\/wp\/v2\/media\/132838"}],"wp:attachment":[{"href":"https:\/\/lajverwine.com\/en\/wp-json\/wp\/v2\/media?parent=132864"}],"wp:term":[{"taxonomy":"product_brand","embeddable":true,"href":"https:\/\/lajverwine.com\/en\/wp-json\/wp\/v2\/product_brand?post=132864"},{"taxonomy":"product_cat","embeddable":true,"href":"https:\/\/lajverwine.com\/en\/wp-json\/wp\/v2\/product_cat?post=132864"},{"taxonomy":"product_tag","embeddable":true,"href":"https:\/\/lajverwine.com\/en\/wp-json\/wp\/v2\/product_tag?post=132864"}],"curies":[{"name":"wp","href":"https:\/\/api.w.org\/{rel}","templated":true}]}}