{"id":127838,"date":"2019-08-15T07:17:37","date_gmt":"2019-08-15T06:17:37","guid":{"rendered":"https:\/\/lajverwine.com\/altalanos-szerzodesi-feltetelek\/"},"modified":"2022-12-01T09:50:42","modified_gmt":"2022-12-01T08:50:42","slug":"altalanos-szerzodesi-feltetelek","status":"publish","type":"page","link":"https:\/\/lajverwine.com\/fr\/altalanos-szerzodesi-feltetelek\/","title":{"rendered":"\u00c1ltal\u00e1nos szerz\u0151d\u00e9si felt\u00e9telek"},"content":{"rendered":"<div class=\"wpb-content-wrapper\"><p>[vc_row full_width=\u00a0\u00bbstretch_row_content_no_spaces\u00a0\u00bb luv_animation=\u00a0\u00bbc-animate-top\u00a0\u00bb css=\u00a0\u00bb.vc_custom_1573635742166{margin-top: 0px !important;margin-right: 0px !important;margin-bottom: 0px !important;margin-left: 0px !important;border-top-width: 0px !important;border-right-width: 0px !important;border-bottom-width: 0px !important;border-left-width: 0px !important;padding-top: 0px !important;padding-right: 0px !important;padding-bottom: 0px !important;padding-left: 0px !important;background-image: url(https:\/\/lajverwine.com\/wp-content\/uploads\/2019\/11\/lajver-31-1.jpg?id=2233) !important;}\u00a0\u00bb el_class=\u00a0\u00bbtop-image\u00a0\u00bb el_id=\u00a0\u00bbhead-img\u00a0\u00bb][vc_column css=\u00a0\u00bb.vc_custom_1565384926316{margin-top: 0px !important;margin-right: 0px !important;margin-bottom: 0px !important;margin-left: 0px !important;border-top-width: 0px !important;border-right-width: 0px !important;border-bottom-width: 0px !important;border-left-width: 0px !important;padding-top: 0px !important;padding-right: 0px !important;padding-bottom: 0px !important;padding-left: 0px !important;}\u00a0\u00bb][vc_single_image image=\u00a0\u00bb129539&Prime; add_caption=\u00a0\u00bbyes\u00a0\u00bb alignment=\u00a0\u00bbcenter\u00a0\u00bb css=\u00a0\u00bb.vc_custom_1573635713211{margin-top: 0px !important;margin-right: 0px !important;margin-bottom: 0px !important;margin-left: 0px !important;border-top-width: 0px !important;border-right-width: 0px !important;border-bottom-width: 0px !important;border-left-width: 0px !important;padding-top: 0px !important;padding-right: 0px !important;padding-bottom: 0px !important;padding-left: 0px !important;}\u00a0\u00bb][\/vc_column][\/vc_row][vc_row full_width=\u00a0\u00bbstretch_row\u00a0\u00bb][vc_column][vc_column_text]<\/p>\n<h2><a href=\"\/wp-content\/uploads\/2022\/12\/altalanos-szerzodesi-feltetelek.pdf\">\u00c1ltal\u00e1nos szerz\u0151d\u00e9si felt\u00e9telek<\/a><\/h2>\n<p>[\/vc_column_text][\/vc_column][\/vc_row]<\/p>\n<\/div>","protected":false},"excerpt":{"rendered":"<p>[vc_row full_width=\u00a0\u00bbstretch_row_content_no_spaces\u00a0\u00bb luv_animation=\u00a0\u00bbc-animate-top\u00a0\u00bb css=\u00a0\u00bb.vc_custom_1573635742166{margin-top: 0px !important;margin-right: 0px !important;margin-bottom: 0px !important;margin-left: 0px !important;border-top-width: 0px !important;border-right-width: 0px !important;border-bottom-width: 0px !important;border-left-width: 0px !important;padding-top: 0px !important;padding-right: 0px !important;padding-bottom: 0px !important;padding-left: 0px !important;background-image: url(https:\/\/lajverwine.com\/wp-content\/uploads\/2019\/11\/lajver-31-1.jpg?id=2233) !important;}\u00a0\u00bb el_class=\u00a0\u00bbtop-image\u00a0\u00bb el_id=\u00a0\u00bbhead-img\u00a0\u00bb][vc_column css=\u00a0\u00bb.vc_custom_1565384926316{margin-top: 0px !important;margin-right: 0px !important;margin-bottom: 0px !important;margin-left: 0px !important;border-top-width: 0px !important;border-right-width: 0px !important;border-bottom-width: 0px !important;border-left-width: 0px !important;padding-top: 0px !important;padding-right: 0px !important;padding-bottom: 0px !important;padding-left: [&hellip;]<\/p>\n","protected":false},"author":361,"featured_media":0,"parent":0,"menu_order":0,"comment_status":"closed","ping_status":"closed","template":"","meta":{"_acf_changed":false,"footnotes":""},"class_list":["post-127838","page","type-page","status-publish","hentry"],"acf":[],"_links":{"self":[{"href":"https:\/\/lajverwine.com\/fr\/wp-json\/wp\/v2\/pages\/127838","targetHints":{"allow":["GET"]}}],"collection":[{"href":"https:\/\/lajverwine.com\/fr\/wp-json\/wp\/v2\/pages"}],"about":[{"href":"https:\/\/lajverwine.com\/fr\/wp-json\/wp\/v2\/types\/page"}],"author":[{"embeddable":true,"href":"https:\/\/lajverwine.com\/fr\/wp-json\/wp\/v2\/users\/361"}],"replies":[{"embeddable":true,"href":"https:\/\/lajverwine.com\/fr\/wp-json\/wp\/v2\/comments?post=127838"}],"version-history":[{"count":7,"href":"https:\/\/lajverwine.com\/fr\/wp-json\/wp\/v2\/pages\/127838\/revisions"}],"predecessor-version":[{"id":134089,"href":"https:\/\/lajverwine.com\/fr\/wp-json\/wp\/v2\/pages\/127838\/revisions\/134089"}],"wp:attachment":[{"href":"https:\/\/lajverwine.com\/fr\/wp-json\/wp\/v2\/media?parent=127838"}],"curies":[{"name":"wp","href":"https:\/\/api.w.org\/{rel}","templated":true}]}}