{"id":131288,"date":"2021-11-04T18:07:07","date_gmt":"2021-11-04T16:07:07","guid":{"rendered":"https:\/\/lajverwine.com\/?page_id=131288"},"modified":"2022-03-16T22:16:59","modified_gmt":"2022-03-16T21:16:59","slug":"szalka","status":"publish","type":"page","link":"https:\/\/lajverwine.com\/fr\/szalka\/","title":{"rendered":"Sz\u00e1lka"},"content":{"rendered":"<div class=\"wpb-content-wrapper\"><p>[vc_row full_width=\u00a0\u00bbstretch_row_content_no_spaces\u00a0\u00bb css=\u00a0\u00bb.vc_custom_1569586321675{margin-top: 0px !important;margin-right: 0px !important;margin-bottom: 0px !important;margin-left: 0px !important;border-top-width: 0px !important;border-right-width: 0px !important;border-bottom-width: 0px !important;border-left-width: 0px !important;padding-top: 0px !important;padding-right: 0px !important;padding-bottom: 0px !important;padding-left: 0px !important;background-image: url(https:\/\/lajverwine.com\/wp-content\/uploads\/2019\/09\/lajverbirotk-legi.jpg?id=1494) !important;}\u00a0\u00bb el_class=\u00a0\u00bbtop-image\u00a0\u00bb el_id=\u00a0\u00bbhead-img\u00a0\u00bb][vc_column css=\u00a0\u00bb.vc_custom_1565384926316{margin-top: 0px !important;margin-right: 0px !important;margin-bottom: 0px !important;margin-left: 0px !important;border-top-width: 0px !important;border-right-width: 0px !important;border-bottom-width: 0px !important;border-left-width: 0px !important;padding-top: 0px !important;padding-right: 0px !important;padding-bottom: 0px !important;padding-left: 0px !important;}\u00a0\u00bb][vc_single_image image=\u00a0\u00bb131344&Prime; add_caption=\u00a0\u00bbyes\u00a0\u00bb alignment=\u00a0\u00bbcenter\u00a0\u00bb css=\u00a0\u00bb.vc_custom_1636041883156{margin-top: 0px !important;margin-right: 0px !important;margin-bottom: 0px !important;margin-left: 0px !important;border-top-width: 0px !important;border-right-width: 0px !important;border-bottom-width: 0px !important;border-left-width: 0px !important;padding-top: 0px !important;padding-right: 0px !important;padding-bottom: 0px !important;padding-left: 0px !important;}\u00a0\u00bb][\/vc_column][\/vc_row][vc_row luv_animation=\u00a0\u00bbc-animate-bottom\u00a0\u00bb el_id=\u00a0\u00bbboraszat\u00a0\u00bb css=\u00a0\u00bb.vc_custom_1636041061639{margin-top: -100px !important;margin-right: 0px !important;margin-bottom: 30px !important;margin-left: 0px !important;padding-right: 0px !important;padding-left: 0px !important;background-color: #231f20 !important;}\u00a0\u00bb][vc_column][vc_raw_html]JTNDaDIlMjBzdHlsZSUzRCUyMnRleHQtYWxpZ24lM0ElMjBjZW50ZXIlM0IlMjIlM0VTWiVDMyU4MUxLQSUzQyUyRmgyJTNF[\/vc_raw_html][vc_column_text css=\u00a0\u00bb.vc_custom_1636040748463{padding-top: 25px !important;padding-right: 35px !important;padding-bottom: 25px !important;padding-left: 35px !important;}\u00a0\u00bb]<\/p>\n<h4 style=\"text-align: center;\">Idilli \u00fcd\u00fcl\u0151hely a falusi turizmus kedvel\u0151inek<\/h4>\n<p style=\"text-align: center;\">A Szeksz\u00e1rdi-dombs\u00e1g fest\u0151i k\u00f6rnyezet\u00e9ben bukkan fel a l\u00e1togat\u00f3 el\u0151tt az apr\u00f3 sv\u00e1b telep\u00fcl\u00e9s, amely a vizet, a term\u00e9szetet, a kult\u00far\u00e1t \u00e9s a falusi vend\u00e9gl\u00e1t\u00e1st kedvel\u0151k \u00fcd\u00fcl\u0151helye.<\/p>\n<p>[\/vc_column_text][\/vc_column][\/vc_row][vc_row full_width=\u00a0\u00bbstretch_row\u00a0\u00bb content_placement=\u00a0\u00bbmiddle\u00a0\u00bb luv_text_alignment=\u00a0\u00bbcenter\u00a0\u00bb css=\u00a0\u00bb.vc_custom_1565539021466{margin-top: 0px !important;margin-right: 0px !important;margin-bottom: 0px !important;margin-left: 0px !important;background: #231f20 url(https:\/\/lajverwine.com\/wp-content\/uploads\/2019\/08\/alnyomat2.png?id=82) !important;background-position: center !important;background-repeat: no-repeat !important;background-size: contain !important;}\u00a0\u00bb el_class=\u00a0\u00bbpage-gray-separator\u00a0\u00bb][vc_column][vc_text_separator title=\u00a0\u00bbPROGRAMOK, L\u00c1TNIVAL\u00d3K\u00a0\u00bb color=\u00a0\u00bbcustom\u00a0\u00bb style=\u00a0\u00bbshadow\u00a0\u00bb css=\u00a0\u00bb.vc_custom_1636113157953{margin-top: 0px !important;margin-right: 0px !important;margin-bottom: 0px !important;margin-left: 0px !important;padding-top: 0px !important;padding-right: 30px !important;padding-bottom: 30px !important;padding-left: 30px !important;}\u00a0\u00bb accent_color=\u00a0\u00bb#ffffff\u00a0\u00bb el_class=\u00a0\u00bbwhitetext\u00a0\u00bb][\/vc_column][\/vc_row][vc_row full_width=\u00a0\u00bbstretch_row_content_no_spaces\u00a0\u00bb content_placement=\u00a0\u00bbmiddle\u00a0\u00bb luv_text_alignment=\u00a0\u00bbcenter\u00a0\u00bb css=\u00a0\u00bb.vc_custom_1636103768762{background-position: center !important;background-repeat: no-repeat !important;background-size: contain !important;}\u00a0\u00bb el_class=\u00a0\u00bbszalkaHorgaszto szalkaAlignRight\u00a0\u00bb el_id=\u00a0\u00bbszalkaHorgaszto\u00a0\u00bb][vc_column width=\u00a0\u00bb1\/2&Prime;][\/vc_column][vc_column width=\u00a0\u00bb1\/2&Prime; el_class=\u00a0\u00bbszalkaAlignRightText\u00a0\u00bb][vc_column_text]<\/p>\n<h4 style=\"text-align: left !important;\">SZ\u00c1LKAI HORG\u00c1SZT\u00d3 STRAND \u00c9S KEMPING<\/h4>\n<p style=\"text-align: left;\">A falu hat\u00e1r\u00e1ban, gy\u00f6ny\u00f6r\u0171 v\u00f6lgyben fekszik a t\u00f6bb, mint 2 kilom\u00e9ter hossz\u00fa, k\u00e9t r\u00e9szb\u0151l \u00e1ll\u00f3 sz\u00e1lkai t\u00f3.<br \/>\nAz els\u0151 t\u00f3 a horg\u00e1sz\u00e1s szerelmeseinek tartogathat kellemes id\u0151t\u00f6lt\u00e9st, a m\u00e1sodik t\u00f3 partj\u00e1n pedig strand \u00e9s kemping tal\u00e1lhat\u00f3. A v\u00edz min\u0151s\u00e9ge kiv\u00e1l\u00f3, az ide l\u00e1togat\u00f3k gy\u00f6ny\u00f6r\u0171, nyugodt k\u00f6rnyezetben \u00e9lvezhetik a strandol\u00e1s \u00f6r\u00f6meit.<\/p>\n<p style=\"text-align: left;\">A meder \u2013 ak\u00e1rcsak a tagolt part \u2013 v\u00e1ltozatos, a v\u00edzm\u00e9lys\u00e9gek azonban nagy \u00e1ltal\u00e1noss\u00e1gban a v\u00edzt\u00e1roz\u00f3kra jellemz\u0151en alakulnak. A t\u00e1roz\u00f3 als\u00f3 szakasz\u00e1n nem ritk\u00e1k a 6-9 m\u00e9teres m\u00e9ly r\u00e9szek sem. V\u00edzt\u00edpus: v\u00f6lgyz\u00e1r\u00f3g\u00e1tas dombvid\u00e9ki v\u00edzt\u00e1roz\u00f3 Ter\u00fclet: 57 ha<br \/>\nHalfajok: ponty, amur, csuka, s\u00fcll\u0151, harcsa, balin, keszegf\u00e9l\u00e9k, t\u00f6rpeharcsa, angolna, pisztr\u00e1ng<br \/>\nRekord: ponty 23 kg, harcsa 76 kg<\/p>\n<p style=\"text-align: left;\"><em><span style=\"color: #fb6e53;\">Igazi strand \u00e9s horg\u00e1sz \u00e9lm\u00e9ny!<\/span><\/em><\/p>\n<p>[\/vc_column_text][\/vc_column][\/vc_row][vc_row full_width=\u00a0\u00bbstretch_row_content_no_spaces\u00a0\u00bb content_placement=\u00a0\u00bbmiddle\u00a0\u00bb css=\u00a0\u00bb.vc_custom_1636104127922{margin-top: 40px !important;background-position: center !important;background-repeat: no-repeat !important;background-size: contain !important;}\u00a0\u00bb el_id=\u00a0\u00bbmauszKapolna\u00a0\u00bb el_class=\u00a0\u00bbmauszKapolna szalkaAlignLeft\u00a0\u00bb][vc_column width=\u00a0\u00bb1\/2&Prime; el_class=\u00a0\u00bbszalkaAlignLeftText\u00a0\u00bb][vc_column_text css=\u00a0\u00bb.vc_custom_1636114325430{padding-top: 50px !important;padding-right: 50px !important;padding-bottom: 50px !important;}\u00a0\u00bb]<\/p>\n<h4 style=\"color: white; text-align: left;\"><strong>MAUSZ K\u00c1POLNA \u2013 SZ\u00c1LKA \u00c9KK\u00d6VE<\/strong><\/h4>\n<p style=\"text-align: left;\">Legend\u00e1s k\u00e9k sz\u00edne meghat\u00e1roz\u00f3 eleme lett a t\u00e1jnak, a k\u00e1poln\u00e1t\u00f3l pazar kil\u00e1t\u00e1s t\u00e1rul el\u00e9nk: S\u00e1rk\u00f6zre, Szeksz\u00e1rdra, Decsre, B\u00e1tasz\u00e9kre, sz\u00e9p id\u0151ben ak\u00e1r a Dun\u00e1ra is r\u00e1l\u00e1thatunk a hegytet\u0151r\u0151l.<\/p>\n<p style=\"text-align: left;\">1891-ben emelt\u00e9k historiz\u00e1l\u00f3 st\u00edlusban. \u00c9p\u00edttet\u0151i a sz\u00e1lkai Michael \u00e9s Anna Mayer voltak. Nev\u00e9t a h\u00fasv\u00e9ti Emmausz-j\u00e1r\u00e1s szok\u00e1s\u00e1r\u00f3l kapta.<\/p>\n<p style=\"text-align: left;\"><em><span style=\"color: #fb6e53;\">Kihagyhatatlan!<\/span><\/em><\/p>\n<p>[\/vc_column_text][\/vc_column][vc_column width=\u00a0\u00bb1\/2&Prime;][\/vc_column][\/vc_row][vc_row full_width=\u00a0\u00bbstretch_row_content_no_spaces\u00a0\u00bb content_placement=\u00a0\u00bbmiddle\u00a0\u00bb luv_text_alignment=\u00a0\u00bbcenter\u00a0\u00bb css=\u00a0\u00bb.vc_custom_1636104136678{margin-top: 40px !important;background-position: center !important;background-repeat: no-repeat !important;background-size: contain !important;}\u00a0\u00bb el_class=\u00a0\u00bbortodoxKolostor szalkaAlignRight\u00a0\u00bb el_id=\u00a0\u00bbortodoxKolostor\u00a0\u00bb][vc_column width=\u00a0\u00bb1\/2&Prime;][\/vc_column][vc_column width=\u00a0\u00bb1\/2&Prime; el_class=\u00a0\u00bbszalkaAlignRightText\u00a0\u00bb][vc_column_text]<\/p>\n<h4 style=\"text-align: left !important;\">SZERB ORTODOX KOLOSTOR \u00c9S TEMPLOM, GR\u00c1B\u00d3C<\/h4>\n<p style=\"text-align: left;\">A gr\u00e1b\u00f3ci szerb ortodox kolostor \u00e9s templom (szerb\u00fcl: Manastir Grabovac) a Tolna megyei V\u00f6lgys\u00e9g egyik \u201evil\u00e1gt\u00f3l elz\u00e1rt\u201d, erd\u0151vel bor\u00edtott dombok k\u00f6z\u00f6tt megb\u00faj\u00f3 kisk\u00f6zs\u00e9g\u00e9ben Gr\u00e1b\u00f3con tal\u00e1lhat\u00f3, ahov\u00e1 1580-ban \u00e9rkeztek ortodox szerb szerzetesek a dalm\u00e1ciai szerb Dragovity kolostorb\u00f3l. A faluban akkoriban m\u00e1r \u00e9ltek a t\u00f6r\u00f6k\u00f6k el\u0151l kor\u00e1bban ide v\u00e1ndorolt szerb csal\u00e1dok. A kolostor \u00f6sszes \u00e9p\u00fclete 1994 \u00f3ta ism\u00e9t a magyarorsz\u00e1gi szerb ortodox egyh\u00e1z tulajdon\u00e1ban van. A hely t\u00f6bb \u00e9vsz\u00e1zadon \u00e1t a \u201emagyarorsz\u00e1gi szerb kult\u00fara Ath\u00e9nje\u201d, a magyarorsz\u00e1gi szerb ortodox papk\u00e9pz\u00e9s k\u00f6zpontja volt.<\/p>\n<p style=\"text-align: left;\"><em><span style=\"color: #fb6e53;\">\u00d6r\u00f6k eml\u00e9k!<\/span><\/em><\/p>\n<p>[\/vc_column_text][\/vc_column][\/vc_row][vc_row full_width=\u00a0\u00bbstretch_row_content_no_spaces\u00a0\u00bb content_placement=\u00a0\u00bbmiddle\u00a0\u00bb css=\u00a0\u00bb.vc_custom_1636104217864{margin-top: 40px !important;background-position: center !important;background-repeat: no-repeat !important;background-size: contain !important;}\u00a0\u00bb el_id=\u00a0\u00bbsotetvolgy\u00a0\u00bb el_class=\u00a0\u00bbsotetvolgy szalkaAlignLeft\u00a0\u00bb][vc_column width=\u00a0\u00bb1\/2&Prime; el_class=\u00a0\u00bbszalkaAlignLeftText\u00a0\u00bb][vc_column_text css=\u00a0\u00bb.vc_custom_1636114339431{padding-top: 50px !important;padding-right: 50px !important;padding-bottom: 50px !important;}\u00a0\u00bb]<\/p>\n<h4 style=\"color: white; text-align: left;\"><strong>S\u00d6T\u00c9TV\u00d6LGY<\/strong><\/h4>\n<p style=\"text-align: left;\">S\u00f6t\u00e9tv\u00f6lgy kedvelt kir\u00e1ndul\u00f3hely, amely Sz\u00e1lk\u00e1t\u00f3l nagyj\u00e1b\u00f3l 7km-re fekszik \u00e9s az oda vezet\u0151 \u00fat kit\u0171n\u0151 gyalogt\u00fara az erre v\u00e1gy\u00f3knak. Bonyh\u00e1d fel\u00e9, a 6-os \u00fatr\u00f3l k\u00f6zel\u00edthet\u0151 meg. A gy\u00f6ny\u00f6r\u0171 erd\u0151s k\u00f6rnyezetben horg\u00e1szt\u00f3, pihen\u0151- \u00e9s t\u0171zrak\u00f3helyek, tan\u00f6sv\u00e9ny \u00e9s j\u00e1tsz\u00f3t\u00e9r v\u00e1rja a t\u00far\u00e1z\u00f3kat.<\/p>\n<p style=\"text-align: left;\"><em><span style=\"color: #fb6e53;\">Akt\u00edv pihen\u00e9s!<\/span><\/em><\/p>\n<p>[\/vc_column_text][\/vc_column][vc_column width=\u00a0\u00bb1\/2&Prime;][\/vc_column][\/vc_row][vc_row full_width=\u00a0\u00bbstretch_row_content_no_spaces\u00a0\u00bb content_placement=\u00a0\u00bbmiddle\u00a0\u00bb luv_text_alignment=\u00a0\u00bbcenter\u00a0\u00bb css=\u00a0\u00bb.vc_custom_1636104613458{margin-top: 40px !important;background-position: center !important;background-repeat: no-repeat !important;background-size: contain !important;}\u00a0\u00bb el_class=\u00a0\u00bbbatiKereszt szalkaAlignRight\u00a0\u00bb el_id=\u00a0\u00bbbatiKereszt\u00a0\u00bb][vc_column width=\u00a0\u00bb1\/2&Prime;][\/vc_column][vc_column width=\u00a0\u00bb1\/2&Prime; el_class=\u00a0\u00bbszalkaAlignRightText\u00a0\u00bb][vc_column_text]<\/p>\n<h4 style=\"text-align: left !important;\">BATI KERESZT \u00c9S KIL\u00c1T\u00d3<\/h4>\n<p style=\"text-align: left;\">Szeksz\u00e1rd mellett, a k\u00f6rny\u00e9k egyik legmagasabb pontj\u00e1n \u00e1ll a 2015-ben \u00e9p\u00edtett kil\u00e1t\u00f3. A kil\u00e1t\u00f3 a Szeksz\u00e1rdi-dombs\u00e1g \u00e9szaki r\u00e9sz\u00e9nek egyik legmagasabb pontj\u00e1n, egy 280 m\u00e9ter magas dombon \u00e1ll.\u00a0A f\u00e1b\u00f3l k\u00e9sz\u00fclt, 20 m\u00e9ter magas (a kil\u00e1t\u00f3szint 15 m\u00e9teren van) \u00e9p\u00edtm\u00e9nyr\u0151l teljes k\u00f6rpanor\u00e1ma t\u00e1rul a l\u00e1togat\u00f3 szeme el\u00e9. R\u00e1l\u00e1tunk Szeksz\u00e1rd sz\u0151l\u0151ire, a v\u00e1ros dombra felk\u00fasz\u00f3 sz\u00e9l\u00e9re, a gemenci erd\u0151re, valamint ellenkez\u0151 ir\u00e1nyban a v\u00e9gtelen d\u00e9l-dun\u00e1nt\u00fali dombvid\u00e9kekre, a Tolnai-hegyh\u00e1t \u00e9s a D\u00e9l-Mez\u0151f\u00f6ld telep\u00fcl\u00e9seire. D\u00e9li ir\u00e1nyban a h\u00e1tt\u00e9rben ott magasodik a k\u00e9tosztat\u00fa Mecsek teljes gerince, az alacsonyabb, ink\u00e1bb dombs\u00e1gi jelleg\u0171 nyugati, illetve a tekint\u00e9lyesebb keleti r\u00e9sz. A D\u00e9l-dun\u00e1nt\u00fali K\u00e9kt\u00fara, a M\u00e1ria \u00fat \u00e9s a Magyar Zar\u00e1ndok\u00fat k\u00f6zvetlen k\u00f6zel\u00e9ben tal\u00e1lhat\u00f3 kil\u00e1t\u00f3 mellett es\u0151be\u00e1ll\u00f3t \u00e9s\u00a0piknikez\u0151helyet is tal\u00e1lunk. A turista\u00fatr\u00f3l val\u00f3 le\u00e1gaz\u00e1st az 1887-ben \u00e1ll\u00edtott homokk\u0151 kereszt, azaz a Bati-kereszt jelzi.<\/p>\n<p style=\"text-align: left;\"><em><span style=\"color: #fb6e53;\">Pazar panor\u00e1ma!<\/span><\/em><\/p>\n<p>[\/vc_column_text][\/vc_column][\/vc_row][vc_row full_width=\u00a0\u00bbstretch_row_content_no_spaces\u00a0\u00bb content_placement=\u00a0\u00bbmiddle\u00a0\u00bb css=\u00a0\u00bb.vc_custom_1636104752462{margin-top: 40px !important;background-position: center !important;background-repeat: no-repeat !important;background-size: contain !important;}\u00a0\u00bb el_id=\u00a0\u00bbmezeskalacsMuzeum\u00a0\u00bb el_class=\u00a0\u00bbmezeskalacsMuzeum szalkaAlignLeft\u00a0\u00bb][vc_column width=\u00a0\u00bb1\/2&Prime; el_class=\u00a0\u00bbszalkaAlignLeftText\u00a0\u00bb][vc_column_text css=\u00a0\u00bb.vc_custom_1636114346072{padding-top: 50px !important;padding-right: 50px !important;padding-bottom: 50px !important;}\u00a0\u00bb]<\/p>\n<h4 style=\"color: white; text-align: left;\"><strong>M\u00c9ZESKAL\u00c1CS M\u00daZEUM SZEKSZ\u00c1RD<\/strong><\/h4>\n<p style=\"text-align: left;\">A Petrits csal\u00e1dban k\u00e9t \u00e9vsz\u00e1zada \u00f6r\u00f6kl\u0151dik ap\u00e1r\u00f3l fi\u00fara a m\u00e9zeskal\u00e1csk\u00e9sz\u00edt\u0151 \u00e9s gyertya\u00f6nt\u0151 mesters\u00e9g. A M\u00e9zeskal\u00e1cs m\u00fazeumban a csal\u00e1di v\u00e1llalkoz\u00e1s eszk\u00f6zei, azok haszn\u00e1lat\u00e1t bemutat\u00f3 film, valamint sz\u00e1mtalan szebbn\u00e9l szebb m\u00e9zeskal\u00e1cs \u00e9s gyertya ad \u00f6r\u00f6k \u00e9lm\u00e9nyt a l\u00e1togat\u00f3knak. D\u00edsz\u00edthet saj\u00e1t kez\u0171leg m\u00e9zeskal\u00e1csot, a m\u00fazeum melletti mintaboltban aj\u00e1nd\u00e9kt\u00e1rgyakat, finoms\u00e1gokat v\u00e1s\u00e1rolhat.<\/p>\n<p style=\"text-align: left;\"><em><span style=\"color: #fb6e53;\">\u00c9des \u00e9lm\u00e9nyek!<\/span><\/em><\/p>\n<p>[\/vc_column_text][\/vc_column][vc_column width=\u00a0\u00bb1\/2&Prime;][\/vc_column][\/vc_row][vc_row full_width=\u00a0\u00bbstretch_row_content_no_spaces\u00a0\u00bb content_placement=\u00a0\u00bbmiddle\u00a0\u00bb luv_text_alignment=\u00a0\u00bbcenter\u00a0\u00bb css=\u00a0\u00bb.vc_custom_1636104910034{margin-top: 40px !important;background-position: center !important;background-repeat: no-repeat !important;background-size: contain !important;}\u00a0\u00bb el_class=\u00a0\u00bbporbolyiOkoturisztikaiCentrum szalkaAlignRight\u00a0\u00bb el_id=\u00a0\u00bbporbolyiOkoturisztikaiCentrum\u00a0\u00bb][vc_column width=\u00a0\u00bb1\/2&Prime;][\/vc_column][vc_column width=\u00a0\u00bb1\/2&Prime; el_class=\u00a0\u00bbszalkaAlignRightText\u00a0\u00bb][vc_column_text]<\/p>\n<h4 style=\"text-align: left !important;\">A P\u00d6RB\u00d6LYI \u00d6KOTURISZTIKAI K\u00d6ZPONT &#8211; GEMENC D\u00c9LI KAPUJA<\/h4>\n<p style=\"text-align: left;\">Az erd\u0151gazdas\u00e1g \u00d6koturisztikai K\u00f6zpontja olyan komplex szolg\u00e1ltat\u00e1st ny\u00fajt, amely a bakancsos, a ker\u00e9kp\u00e1ros, valamint a v\u00edzi turist\u00e1knak \u00e9s az erdei vas\u00fat szerelmeseinek egyar\u00e1nt izgalmas \u00e9lm\u00e9nyeket \u00edg\u00e9r.\u00a0Egy \u00f6koturisztikai kalandoz\u00e1s a Gemenci erd\u0151ben nem is kezd\u0151dhet m\u00e1sk\u00e9pp, mint a P\u00f6rb\u00f6ly telep\u00fcl\u00e9s hat\u00e1r\u00e1ban tal\u00e1lhat\u00f3 \u00d6koturisztikai K\u00f6zpontban. A turist\u00e1t a fogad\u00f3\u00e9p\u00fclet v\u00e1rja b\u00fcf\u00e9vel \u00e9s aj\u00e1nd\u00e9kbolttal, jegyp\u00e9nzt\u00e1rral, de itt tal\u00e1lhat\u00f3 az\u00a0<a href=\"http:\/\/turizmus.gemenczrt.hu\/gemenci-erdei-vasut\/menetrend\/\"><span style=\"text-decoration: underline; color: #5d5d5d;\">erdei vas\u00fat<\/span><\/a>\u00a0v\u00e9g\u00e1llom\u00e1sa, a\u00a0<a href=\"https:\/\/turizmus.gemenczrt.hu\/fedezz-fel\/egyeb-latnivalok\/gemenc-kincsei-kiallitas\/\"><span style=\"text-decoration: underline; color: #5d5d5d;\">\u201eGemenc kincsei \u2013 \u00e9let az \u00e1rt\u00e9ri erd\u0151ben\u201d<\/span><\/a>\u00a0c\u00edm\u0171 interakt\u00edv ki\u00e1ll\u00edt\u00e1s \u00e9s a Gemenc Erd\u00e9szeti Erdei Iskola is.<\/p>\n<p style=\"text-align: left;\"><em><span style=\"color: #fb6e53;\">Izgalmas kalandoz\u00e1sok!<\/span><\/em><\/p>\n<p>[\/vc_column_text][\/vc_column][\/vc_row][vc_row full_width=\u00a0\u00bbstretch_row_content_no_spaces\u00a0\u00bb content_placement=\u00a0\u00bbmiddle\u00a0\u00bb css=\u00a0\u00bb.vc_custom_1636114154128{margin-top: 40px !important;margin-bottom: 100px !important;background-position: center !important;background-repeat: no-repeat !important;background-size: contain !important;}\u00a0\u00bb el_id=\u00a0\u00bbturazas\u00a0\u00bb el_class=\u00a0\u00bbturazas szalkaAlignLeft\u00a0\u00bb][vc_column width=\u00a0\u00bb1\/2&Prime; el_class=\u00a0\u00bbszalkaAlignLeftText\u00a0\u00bb][vc_column_text css=\u00a0\u00bb.vc_custom_1636114353855{padding-top: 50px !important;padding-right: 50px !important;padding-bottom: 50px !important;}\u00a0\u00bb]<\/p>\n<h4 style=\"color: white; text-align: left;\"><strong>T\u00daR\u00c1Z\u00c1S<\/strong><\/h4>\n<p style=\"text-align: left;\">Sz\u00e1lka k\u00f6rny\u00e9k\u00e9n sz\u00e1mos t\u00far\u00e1z\u00e1sra alkalmas \u00fatvonal tal\u00e1lhat\u00f3. A v\u00e1ltozatos neh\u00e9zs\u00e9g\u0171 \u00e9s hossz\u00fas\u00e1g\u00fa \u2013 erd\u0151kkel, v\u00f6lgyekkel, fenns\u00edkokkal, patakokkal \u00e9s tavakkal tagolt \u2013 turista utakon gy\u00f6ny\u00f6r\u0171 k\u00f6rnyezetben id\u0151sek \u00e9s fiatalok egyar\u00e1nt h\u00f3dolhatnak a term\u00e9szetj\u00e1r\u00e1s \u00f6r\u00f6meinek. Tiszta leveg\u0151, forr\u00e1sok, gazdag \u00e9l\u0151vil\u00e1g, ami jellemzi ezt a t\u00e1jat, ahol \u0151sszel, p\u00e1rz\u00e1si id\u0151szakban Gemenchez hasonl\u00f3an itt is j\u00f3l hallhat\u00f3 a szarvasbik\u00e1k b\u0151g\u00e9se.<\/p>\n<p>[\/vc_column_text][\/vc_column][vc_column width=\u00a0\u00bb1\/2&Prime;][\/vc_column][\/vc_row][vc_row full_width=\u00a0\u00bbstretch_row_content_no_spaces\u00a0\u00bb content_placement=\u00a0\u00bbmiddle\u00a0\u00bb luv_text_alignment=\u00a0\u00bbcenter\u00a0\u00bb css=\u00a0\u00bb.vc_custom_1647461601146{margin-top: 40px !important;background-position: center !important;background-repeat: no-repeat !important;background-size: contain !important;}\u00a0\u00bb el_class=\u00a0\u00bbporbolyiOkoturisztikaiCentrum szalkaAlignRight\u00a0\u00bb el_id=\u00a0\u00bbkekfesto\u00a0\u00bb][vc_column width=\u00a0\u00bb1\/2&Prime;][\/vc_column][vc_column width=\u00a0\u00bb1\/2&Prime; el_class=\u00a0\u00bbszalkaAlignRightText\u00a0\u00bb][vc_column_text]<\/p>\n<h4 style=\"text-align: left !important;\">Tolnai K\u00e9kfest\u0151 m\u0171hely<\/h4>\n<p>A Tolnai K\u00e9kfest\u0151 M\u0171hely t\u00f6bb mint 200 \u00e9ve foglalkozik k\u00e9kfest\u0151 anyagok k\u00e9sz\u00edt\u00e9s\u00e9vel \u00e9s feldolgoz\u00e1s\u00e1val! Jelenleg a hatodik \u00e9s hetedik gener\u00e1ci\u00f3 dolgozik az eredeti g\u00e9pekkel \u00e9s mint\u00e1kkal. \u00dczlet\u00fckben \u00e9s web\u00e1ruh\u00e1zukban megtal\u00e1lhat\u00f3 term\u00e9kek: m\u00e9ter\u00e1ru, ter\u00edt\u0151, szalv\u00e9ta, k\u00f6t\u00e9ny, konyhai kieg\u00e9sz\u00edt\u0151k, ruha, szoknya, t\u00e1ska, p\u00e1rna, k\u00fcl\u00f6nb\u00f6z\u0151 k\u00e9zm\u0171ves aj\u00e1nd\u00e9kt\u00e1rgyak. A K\u00e9kfest\u0151 bolt EL\u0150ZETES BEJELENTKEZ\u00c9S alapj\u00e1n tart nyitva.<\/p>\n<p style=\"text-align: left !important;\"><strong>C\u00edm: 7130 Tolna, Kossuth L. u. 21. Tel.: +36 (30) 628-4014 E-mail: <a href=\"mailto:kekfesto@gmail.com\">kekfesto@gmail.com<\/a><\/strong><\/p>\n<p>[\/vc_column_text][\/vc_column][\/vc_row][vc_row full_width=\u00a0\u00bbstretch_row_content_no_spaces\u00a0\u00bb content_placement=\u00a0\u00bbmiddle\u00a0\u00bb css=\u00a0\u00bb.vc_custom_1647461612422{margin-top: 40px !important;margin-bottom: 100px !important;background-position: center !important;background-repeat: no-repeat !important;background-size: contain !important;}\u00a0\u00bb el_id=\u00a0\u00bbbormuzeum\u00a0\u00bb el_class=\u00a0\u00bbturazas szalkaAlignLeft\u00a0\u00bb][vc_column width=\u00a0\u00bb1\/2&Prime; el_class=\u00a0\u00bbszalkaAlignLeftText\u00a0\u00bb][vc_column_text css=\u00a0\u00bb.vc_custom_1647463114764{padding-top: 50px !important;padding-right: 50px !important;padding-bottom: 50px !important;}\u00a0\u00bb]<\/p>\n<h4 style=\"color: white; text-align: left;\">Borm\u00fazeum Szeksz\u00e1rd<\/h4>\n<p>A Borm\u00fazeum Szeksz\u00e1rd sz\u00edv\u00e9ben tal\u00e1lhat\u00f3, amely az egykori \u201et\u00f6r\u00f6k f\u00fcrd\u0151ben\u201d v\u00e1rja a l\u00e1togat\u00f3it. Az idel\u00e1togat\u00f3 turist\u00e1k megismerkedhetnek a borvid\u00e9k t\u00f6rt\u00e9nelm\u00e9vel, jellegzetess\u00e9g\u00e9vel \u00e9s kult\u00far\u00e1j\u00e1val is. Az 1850-ben \u00e9p\u00fclt \u00e9p\u00fcletben szem\u00e9lyes t\u00e1rlatvezet\u00e9s k\u00f6zben is k\u00f3stolhat\u00f3 szeksz\u00e1rdi Kadarka, K\u00e9kfrankos \u00e9s Bikav\u00e9r.<\/p>\n<p>NYITVATART\u00c1S BEJELENTKEZ\u00c9S ALAPJ\u00c1N! +36 20 269 9765 <a href=\"https:\/\/www.bormuzeumszekszard.hu\/\" class=\"broken_link\">https:\/\/www.bormuzeumszekszard.hu\/<\/a>[\/vc_column_text][\/vc_column][vc_column width=\u00a0\u00bb1\/2&Prime;][\/vc_column][\/vc_row]<\/p>\n<\/div>","protected":false},"excerpt":{"rendered":"<p>[vc_row full_width=\u00a0\u00bbstretch_row_content_no_spaces\u00a0\u00bb css=\u00a0\u00bb.vc_custom_1569586321675{margin-top: 0px !important;margin-right: 0px !important;margin-bottom: 0px !important;margin-left: 0px !important;border-top-width: 0px !important;border-right-width: 0px !important;border-bottom-width: 0px !important;border-left-width: 0px !important;padding-top: 0px !important;padding-right: 0px !important;padding-bottom: 0px !important;padding-left: 0px !important;background-image: url(https:\/\/lajverwine.com\/wp-content\/uploads\/2019\/09\/lajverbirotk-legi.jpg?id=1494) !important;}\u00a0\u00bb el_class=\u00a0\u00bbtop-image\u00a0\u00bb el_id=\u00a0\u00bbhead-img\u00a0\u00bb][vc_column css=\u00a0\u00bb.vc_custom_1565384926316{margin-top: 0px !important;margin-right: 0px !important;margin-bottom: 0px !important;margin-left: 0px !important;border-top-width: 0px !important;border-right-width: 0px !important;border-bottom-width: 0px !important;border-left-width: 0px !important;padding-top: 0px !important;padding-right: 0px !important;padding-bottom: 0px !important;padding-left: 0px [&hellip;]<\/p>\n","protected":false},"author":361,"featured_media":0,"parent":0,"menu_order":0,"comment_status":"closed","ping_status":"closed","template":"","meta":{"_acf_changed":false,"footnotes":""},"class_list":["post-131288","page","type-page","status-publish","hentry"],"acf":[],"_links":{"self":[{"href":"https:\/\/lajverwine.com\/fr\/wp-json\/wp\/v2\/pages\/131288","targetHints":{"allow":["GET"]}}],"collection":[{"href":"https:\/\/lajverwine.com\/fr\/wp-json\/wp\/v2\/pages"}],"about":[{"href":"https:\/\/lajverwine.com\/fr\/wp-json\/wp\/v2\/types\/page"}],"author":[{"embeddable":true,"href":"https:\/\/lajverwine.com\/fr\/wp-json\/wp\/v2\/users\/361"}],"replies":[{"embeddable":true,"href":"https:\/\/lajverwine.com\/fr\/wp-json\/wp\/v2\/comments?post=131288"}],"version-history":[{"count":31,"href":"https:\/\/lajverwine.com\/fr\/wp-json\/wp\/v2\/pages\/131288\/revisions"}],"predecessor-version":[{"id":131417,"href":"https:\/\/lajverwine.com\/fr\/wp-json\/wp\/v2\/pages\/131288\/revisions\/131417"}],"wp:attachment":[{"href":"https:\/\/lajverwine.com\/fr\/wp-json\/wp\/v2\/media?parent=131288"}],"curies":[{"name":"wp","href":"https:\/\/api.w.org\/{rel}","templated":true}]}}