{"id":132281,"date":"2022-03-10T05:17:54","date_gmt":"2022-03-10T04:17:54","guid":{"rendered":"https:\/\/lajverwine.com\/lajver-boraszat\/"},"modified":"2022-03-10T05:25:04","modified_gmt":"2022-03-10T04:25:04","slug":"lajver-boraszat","status":"publish","type":"page","link":"https:\/\/lajverwine.com\/fr\/lajver-boraszat\/","title":{"rendered":"DOMAINE"},"content":{"rendered":"<div class=\"wpb-content-wrapper\"><p>[vc_row full_width=\u00a0\u00bbstretch_row_content_no_spaces\u00a0\u00bb css=\u00a0\u00bb.vc_custom_1569586321675{margin-top: 0px !important;margin-right: 0px !important;margin-bottom: 0px !important;margin-left: 0px !important;border-top-width: 0px !important;border-right-width: 0px !important;border-bottom-width: 0px !important;border-left-width: 0px !important;padding-top: 0px !important;padding-right: 0px !important;padding-bottom: 0px !important;padding-left: 0px !important;background-image: url(https:\/\/lajverwine.com\/wp-content\/uploads\/2019\/09\/lajverbirotk-legi.jpg?id=1494) !important;}\u00a0\u00bb el_class=\u00a0\u00bbtop-image\u00a0\u00bb el_id=\u00a0\u00bbhead-img\u00a0\u00bb][vc_column css=\u00a0\u00bb.vc_custom_1565384926316{margin-top: 0px !important;margin-right: 0px !important;margin-bottom: 0px !important;margin-left: 0px !important;border-top-width: 0px !important;border-right-width: 0px !important;border-bottom-width: 0px !important;border-left-width: 0px !important;padding-top: 0px !important;padding-right: 0px !important;padding-bottom: 0px !important;padding-left: 0px !important;}\u00a0\u00bb][vc_single_image image=\u00a0\u00bb129422&Prime; add_caption=\u00a0\u00bbyes\u00a0\u00bb alignment=\u00a0\u00bbcenter\u00a0\u00bb css=\u00a0\u00bb.vc_custom_1573224905110{margin-top: 0px !important;margin-right: 0px !important;margin-bottom: 0px !important;margin-left: 0px !important;border-top-width: 0px !important;border-right-width: 0px !important;border-bottom-width: 0px !important;border-left-width: 0px !important;padding-top: 0px !important;padding-right: 0px !important;padding-bottom: 0px !important;padding-left: 0px !important;}\u00a0\u00bb][\/vc_column][\/vc_row][vc_row luv_animation=\u00a0\u00bbc-animate-bottom\u00a0\u00bb el_id=\u00a0\u00bbboraszat\u00a0\u00bb css=\u00a0\u00bb.vc_custom_1565536322583{margin-top: -100px !important;margin-right: 0px !important;margin-left: 0px !important;padding-right: 0px !important;padding-left: 0px !important;background-color: #231f20 !important;}\u00a0\u00bb][vc_column][vc_raw_html]JTNDaDIlMjBzdHlsZSUzRCUyMnRleHQtYWxpZ24lM0ElMjBjZW50ZXIlM0IlMjIlM0UyNiUyMEhFQ1RBUkVTJTIwJTNDc3BhbiUzRSU3QyUzQyUyRnNwYW4lM0UlMjA0JTIwUEFSQ0VMTEVTJTIwJTNDc3BhbiUzRSU3QyUzQyUyRnNwYW4lM0UlMjAzMCUyMFRFUlJBU1NFUyUzQyUyRmgyJTNF[\/vc_raw_html][vc_column_text css=\u00a0\u00bb.vc_custom_1621842402644{padding-top: 25px !important;padding-right: 35px !important;padding-bottom: 25px !important;padding-left: 35px !important;}\u00a0\u00bb]<\/p>\n<h4 style=\"text-align: center;\">LORS DE LA PLANIFICATION DU DOMAINE ET DU VIGNOBLE, UN ASPECT IMPORTANT \u00c9TAIT LE RESPECT DES CARACT\u00c9RISTIQUES NATURELLES ET L\u2019ADAPTATION A CELLES-CI. AINSI LE FONCTIONNEMENT DU DOMAINE PEUT \u00caTRE EN HARMONIE AVEC SON ENTOURAGE.<\/h4>\n<p style=\"text-align: center;\">Les terrasses form\u00e9es sur les quatre parcelles s&rsquo;int\u00e8grent parfaitement dans la vall\u00e9e du ruisseau Lajv\u00e9r, qui offre un microclimat particulier au vignoble. Cela signifie non seulement qu&rsquo;il y a des diff\u00e9rences de temp\u00e9rature significatives entre les terrasses basses et hautes tout au long de l&rsquo;ann\u00e9e, mais aussi que la teneur en eau du sol est vari\u00e9e. La vall\u00e9e fonctionne en tant que soufflerie naturelle, ainsi a\u00e9rant le feuillage et les grappes des plantations, aidant notre pratique de viticulture durable. Cette diversit\u00e9 permet \u00e0 nos douze c\u00e9pages diff\u00e9rents de se sentir chez eux.<\/p>\n<p>[\/vc_column_text][\/vc_column][\/vc_row][vc_row luv_animation=\u00a0\u00bbc-animate-bottom\u00a0\u00bb css=\u00a0\u00bb.vc_custom_1565538729446{background-image: url(https:\/\/lajverwine.com\/wp-content\/uploads\/2019\/08\/funkcio-bg.png?id=137) !important;}\u00a0\u00bb el_id=\u00a0\u00bbboraszat-mini\u00a0\u00bb][vc_column width=\u00a0\u00bb5\/6&Prime; el_class=\u00a0\u00bbboraszat-mini-vontent\u00a0\u00bb][vc_row_inner][vc_column_inner el_class=\u00a0\u00bbboraszat-mini-content-left\u00a0\u00bb luv_animation=\u00a0\u00bbc-animate-left\u00a0\u00bb width=\u00a0\u00bb1\/4&Prime; css=\u00a0\u00bb.vc_custom_1565538914122{background-color: #f26c4f !important;}\u00a0\u00bb][vc_single_image image=\u00a0\u00bb129413&Prime; alignment=\u00a0\u00bbcenter\u00a0\u00bb][vc_column_text]<\/p>\n<h5 style=\"text-align: center;\"><strong>5 fonctions<br \/>\n3 ailes<\/strong><\/h5>\n<p>[\/vc_column_text][\/vc_column_inner][vc_column_inner width=\u00a0\u00bb3\/4&Prime;][vc_column_text]Le b\u00e2timent du domaine ultramoderne, aux lignes \u00e9pur\u00e9es est construit autour du concept d&rsquo;une vinification sans compromis. Notre objectif \u00e9tait de cr\u00e9er un domaine \u00e0 l&rsquo;architecture exceptionnelle qui s&rsquo;int\u00e8gre bien dans le paysage, dont une partie importante est souterraine. Lors de la construction, nous avons cherch\u00e9 \u00e0 utiliser des mat\u00e9riaux naturels tels que le bois, le b\u00e9ton, la pierre, le m\u00e9tal et le verre. En r\u00e9sultat, le domaine r\u00e9pond parfaitement \u00e0 toutes les fonctions n\u00e9cessaires : c\u2019est \u00e0 la fois un centre d&rsquo;accueil, un bistrot \u00e0 vins, un b\u00e2timent industriel, un entrep\u00f4t et une cave. L&rsquo;essence de la vinification responsable est le traitement doux des raisins bas\u00e9 sur la technologie moderne en utilisant la gravit\u00e9.[\/vc_column_text][\/vc_column_inner][\/vc_row_inner][\/vc_column][\/vc_row][vc_row full_width=\u00a0\u00bbstretch_row\u00a0\u00bb content_placement=\u00a0\u00bbmiddle\u00a0\u00bb luv_text_alignment=\u00a0\u00bbcenter\u00a0\u00bb css=\u00a0\u00bb.vc_custom_1565539021466{margin-top: 0px !important;margin-right: 0px !important;margin-bottom: 0px !important;margin-left: 0px !important;background: #231f20 url(https:\/\/lajverwine.com\/wp-content\/uploads\/2019\/08\/alnyomat2.png?id=82) !important;background-position: center !important;background-repeat: no-repeat !important;background-size: contain !important;}\u00a0\u00bb el_class=\u00a0\u00bbpage-gray-separator\u00a0\u00bb][vc_column][vc_text_separator title=\u00a0\u00bbLA ROUTE DES RAISINS\u00a0\u00bb color=\u00a0\u00bbcustom\u00a0\u00bb style=\u00a0\u00bbshadow\u00a0\u00bb css=\u00a0\u00bb.vc_custom_1621842469561{margin-top: 0px !important;margin-right: 0px !important;margin-bottom: 0px !important;margin-left: 0px !important;padding-top: 0px !important;padding-right: 30px !important;padding-bottom: 30px !important;padding-left: 30px !important;}\u00a0\u00bb accent_color=\u00a0\u00bb#ffffff\u00a0\u00bb el_class=\u00a0\u00bbwhitetext\u00a0\u00bb][\/vc_column][\/vc_row][vc_row full_width=\u00a0\u00bbstretch_row_content_no_spaces\u00a0\u00bb content_placement=\u00a0\u00bbmiddle\u00a0\u00bb luv_text_alignment=\u00a0\u00bbcenter\u00a0\u00bb css=\u00a0\u00bb.vc_custom_1565537756022{background-position: center !important;background-repeat: no-repeat !important;background-size: contain !important;}\u00a0\u00bb el_id=\u00a0\u00bbszolok-utja-row1&Prime;][vc_column width=\u00a0\u00bb1\/2&Prime;][\/vc_column][vc_column width=\u00a0\u00bb1\/2&Prime; el_class=\u00a0\u00bbszolok-utja-text\u00a0\u00bb][vc_column_text]Nous avons plant\u00e9 douze c\u00e9pages, mais nous ne faisons pas un vin s\u00e9par\u00e9 de chacun. Nous pr\u00e9f\u00e9rons certaines vari\u00e9t\u00e9s si elles ne sont pas embouteill\u00e9es seules. Souvent, avec des assemblages originaux, nous pouvons exprimer mieux ce que nous pensons de la viticulture et de la vinification.<\/p>\n<h4>48 PRIX<\/h4>\n<p>Lors du choix des c\u00e9pages plant\u00e9s, seule la qualit\u00e9 \u00e9tait prise en compte. Sur chaque terrasse, nous avons install\u00e9 la vari\u00e9t\u00e9 qui y exploite au mieux ses propri\u00e9t\u00e9s. Cette diversit\u00e9 nous permet d&rsquo;\u00e9laborer des vins d&rsquo;exception m\u00eame dans des mill\u00e9simes plus frais, mais nous pouvons \u00e9galement b\u00e9n\u00e9ficier des mill\u00e9simes chauds. Ceci est confirm\u00e9 par les nombreuses reconnaissances nationales et \u00e9trang\u00e8res remport\u00e9es par nos vins au cours des cinq derni\u00e8res ann\u00e9es.<\/p>\n<h4>12 C\u00c9PAGES<\/h4>\n<p>[\/vc_column_text][vc_raw_html]Umllc2xpbmclMjAlM0NzcGFuJTNFJTdDJTNDJTJGc3BhbiUzRSUyME9sYXN6cml6bGluZyUyMCUzQ3NwYW4lM0UlN0MlM0MlMkZzcGFuJTNFJTIwQ2hhcmRvbm5heSUyMCUzQ3NwYW4lM0UlN0MlM0MlMkZzcGFuJTNFJTIwU2F1dmlnbm9uJTIwYmxhbmMlMjAlM0NzcGFuJTNFJTdDJTNDJTJGc3BhbiUzRSUyMENzZXJzemVnaSUyMGYlQzUlQjFzemVyZXMlMjAlM0NzcGFuJTNFJTdDJTNDJTJGc3BhbiUzRSUyMCUyMEthZGFya2ElMjAlM0NzcGFuJTNFJTdDJTNDJTJGc3BhbiUzRSUyMEslQzMlQTlrZnJhbmtvcyUyMCUzQ3NwYW4lM0UlN0MlM0MlMkZzcGFuJTNFJTIwUGlub3QlMjBub2lyJTIwJTNDc3BhbiUzRSU3QyUzQyUyRnNwYW4lM0UlMjBNZXJsb3QlMjAlM0NzcGFuJTNFJTdDJTNDJTJGc3BhbiUzRSUyMCUyMENhYmVybmV0JTIwZnJhbmMlMjAlM0NzcGFuJTNFJTdDJTNDJTJGc3BhbiUzRSUyMENhYmVybmV0JTIwc2F1dmlnbm9uJTIwJTNDc3BhbiUzRSU3QyUzQyUyRnNwYW4lM0UlMjBTeXJhaA==[\/vc_raw_html][\/vc_column][\/vc_row][vc_row full_width=\u00a0\u00bbstretch_row_content_no_spaces\u00a0\u00bb content_placement=\u00a0\u00bbmiddle\u00a0\u00bb css=\u00a0\u00bb.vc_custom_1568983181044{background-position: center !important;background-repeat: no-repeat !important;background-size: contain !important;}\u00a0\u00bb el_id=\u00a0\u00bbszolok-utja-row2&Prime;][vc_column width=\u00a0\u00bb1\/2&Prime; el_class=\u00a0\u00bbszolok-utja-text\u00a0\u00bb][vc_column_text]Des experts hongrois et \u00e9trangers nous ont aid\u00e9s \u00e0 cr\u00e9er une cave qui utilise pleinement les possibilit\u00e9s offertes par la nature \u00e0 l&rsquo;aide de la technologie la plus moderne. La cave, creus\u00e9e \u00e0 une profondeur de trente m\u00e8tres, utilise l\u2019\u00e9nergie gravitationnelle de la Terre et la capacit\u00e9 de conservation de l\u2019\u00e9nergie thermique, ainsi assurant la vinification la plus douce possible.<\/p>\n<p>Apr\u00e8s un tri manuel, la vendange entre dans des caisses au plus haut point de la cave. Ici, les grappes sont plac\u00e9es sur une table de tri, o\u00f9 gr\u00e2ce \u00e0 la vibration douce, les grappes sont automatiquement nettoy\u00e9es de la plupart des mat\u00e9riaux ind\u00e9sirables. Le reste est \u00e9limin\u00e9 manuellement. C&rsquo;est \u00e0 ce moment que les baies vertes ou endommag\u00e9es sont \u00e9galement retir\u00e9es. Les baies sont ensuite envoy\u00e9es par gravit\u00e9 vers les cuves ou la presse.<\/p>\n<p>La fermentation alcoolique se d\u00e9roule sous conditions contr\u00f4l\u00e9es, avec surveillance de 24 heures. Nos f\u00fbts sont fabriqu\u00e9s de ch\u00eane hongrois et fran\u00e7ais de haute qualit\u00e9 dans des tailles de 225 et 500 litres, avec diff\u00e9rentes chauffes. De cette fa\u00e7on, tous nos vins obtiennent l\u2019\u00e9levage le plus appropri\u00e9.[\/vc_column_text][\/vc_column][vc_column width=\u00a0\u00bb1\/2&Prime;][\/vc_column][\/vc_row][vc_row full_width=\u00a0\u00bbstretch_row\u00a0\u00bb css=\u00a0\u00bb.vc_custom_1569330932524{background-image: url(https:\/\/lajverwine.com\/wp-content\/uploads\/2019\/08\/sikereink.png?id=167) !important;background-position: center !important;background-repeat: no-repeat !important;background-size: cover !important;}\u00a0\u00bb el_id=\u00a0\u00bbsikereink\u00a0\u00bb font_color=\u00a0\u00bb#5d5d5d\u00a0\u00bb][vc_column][vc_column_text]<\/p>\n<h2 style=\"text-align: left;\"><strong>NOS SUCC\u00c8S<\/strong><\/h2>\n<p>[\/vc_column_text]<div class=\"luv-tabs \"><ul class=\"luv-tabs-nav\"><\/ul><\/div>\t[\/vc_column][\/vc_row]<\/p>\n<\/div>","protected":false},"excerpt":{"rendered":"<p>[vc_row full_width=\u00a0\u00bbstretch_row_content_no_spaces\u00a0\u00bb css=\u00a0\u00bb.vc_custom_1569586321675{margin-top: 0px !important;margin-right: 0px !important;margin-bottom: 0px !important;margin-left: 0px !important;border-top-width: 0px !important;border-right-width: 0px !important;border-bottom-width: 0px !important;border-left-width: 0px !important;padding-top: 0px !important;padding-right: 0px !important;padding-bottom: 0px !important;padding-left: 0px !important;background-image: url(https:\/\/lajverwine.com\/wp-content\/uploads\/2019\/09\/lajverbirotk-legi.jpg?id=1494) !important;}\u00a0\u00bb el_class=\u00a0\u00bbtop-image\u00a0\u00bb el_id=\u00a0\u00bbhead-img\u00a0\u00bb][vc_column css=\u00a0\u00bb.vc_custom_1565384926316{margin-top: 0px !important;margin-right: 0px !important;margin-bottom: 0px !important;margin-left: 0px !important;border-top-width: 0px !important;border-right-width: 0px !important;border-bottom-width: 0px !important;border-left-width: 0px !important;padding-top: 0px !important;padding-right: 0px !important;padding-bottom: 0px !important;padding-left: 0px [&hellip;]<\/p>\n","protected":false},"author":361,"featured_media":0,"parent":0,"menu_order":0,"comment_status":"closed","ping_status":"closed","template":"","meta":{"_acf_changed":false,"footnotes":""},"class_list":["post-132281","page","type-page","status-publish","hentry"],"acf":[],"_links":{"self":[{"href":"https:\/\/lajverwine.com\/fr\/wp-json\/wp\/v2\/pages\/132281","targetHints":{"allow":["GET"]}}],"collection":[{"href":"https:\/\/lajverwine.com\/fr\/wp-json\/wp\/v2\/pages"}],"about":[{"href":"https:\/\/lajverwine.com\/fr\/wp-json\/wp\/v2\/types\/page"}],"author":[{"embeddable":true,"href":"https:\/\/lajverwine.com\/fr\/wp-json\/wp\/v2\/users\/361"}],"replies":[{"embeddable":true,"href":"https:\/\/lajverwine.com\/fr\/wp-json\/wp\/v2\/comments?post=132281"}],"version-history":[{"count":5,"href":"https:\/\/lajverwine.com\/fr\/wp-json\/wp\/v2\/pages\/132281\/revisions"}],"predecessor-version":[{"id":132302,"href":"https:\/\/lajverwine.com\/fr\/wp-json\/wp\/v2\/pages\/132281\/revisions\/132302"}],"wp:attachment":[{"href":"https:\/\/lajverwine.com\/fr\/wp-json\/wp\/v2\/media?parent=132281"}],"curies":[{"name":"wp","href":"https:\/\/api.w.org\/{rel}","templated":true}]}}