{"id":129912,"date":"2021-03-23T11:43:03","date_gmt":"2021-03-23T10:43:03","guid":{"rendered":"https:\/\/lajverwine.com\/termek\/l-3\/"},"modified":"2021-11-27T00:00:17","modified_gmt":"2021-11-26T22:00:17","slug":"lajver-signum-2019","status":"publish","type":"product","link":"https:\/\/lajverwine.com\/fr\/termek\/lajver-signum-2019\/","title":{"rendered":"LAJVER SIGNUM 2020"},"content":{"rendered":"<p>\u00c0 PROPOS DU VIN<\/p>\n<p>Vin d\u2019une couleur rouge grenat. Au nez, nous trouvons des fruits rouges m\u00fbrs, des \u00e9pices exotiques et un peu d\u2019animalit\u00e9. En bouche, ce vin nous rappelle la confiture de prunes, mais \u00e9galement les notes de la feuille de laurier apparaissent. Le go\u00fbt est riche et fruit\u00e9, l\u2019acidit\u00e9 et les tanins sont en \u00e9quilibre, le corps est moyen.<br \/>\nComment c\u2019est fait\u00a0?<br \/>\nTri manuel de la vendange. Fermentations alcoolique et malolactique sous conditions contr\u00f4l\u00e9es en cuves inox. L\u2019assemblage final est fait apr\u00e8s un \u00e9levage de 12 mois en f\u00fbts de ch\u00eane hongrois.<\/p>\n<p>Quels sont les c\u00e9pages\u00a0?<\/p>\n<p>K\u00e9kfrankos, Cabernet franc, Merlot, Kadarka, Cabernet franc<\/p>\n<p>Alcool : 14%, acidit\u00e9 :\u00a05,1\u00a0g\/l<\/p>\n","protected":false},"excerpt":{"rendered":"<p>VIN ROUGE SEC, AOP SZEKSZ\u00c1RD<\/p>\n","protected":false},"featured_media":129885,"template":"","meta":{"_acf_changed":false},"product_brand":[],"product_cat":[144],"product_tag":[],"class_list":{"0":"post-129912","1":"product","2":"type-product","3":"status-publish","4":"has-post-thumbnail","6":"product_cat-premium-fr","8":"first","9":"instock","10":"shipping-taxable","11":"purchasable","12":"product-type-simple"},"acf":[],"_links":{"self":[{"href":"https:\/\/lajverwine.com\/fr\/wp-json\/wp\/v2\/product\/129912","targetHints":{"allow":["GET"]}}],"collection":[{"href":"https:\/\/lajverwine.com\/fr\/wp-json\/wp\/v2\/product"}],"about":[{"href":"https:\/\/lajverwine.com\/fr\/wp-json\/wp\/v2\/types\/product"}],"wp:featuredmedia":[{"embeddable":true,"href":"https:\/\/lajverwine.com\/fr\/wp-json\/wp\/v2\/media\/129885"}],"wp:attachment":[{"href":"https:\/\/lajverwine.com\/fr\/wp-json\/wp\/v2\/media?parent=129912"}],"wp:term":[{"taxonomy":"product_brand","embeddable":true,"href":"https:\/\/lajverwine.com\/fr\/wp-json\/wp\/v2\/product_brand?post=129912"},{"taxonomy":"product_cat","embeddable":true,"href":"https:\/\/lajverwine.com\/fr\/wp-json\/wp\/v2\/product_cat?post=129912"},{"taxonomy":"product_tag","embeddable":true,"href":"https:\/\/lajverwine.com\/fr\/wp-json\/wp\/v2\/product_tag?post=129912"}],"curies":[{"name":"wp","href":"https:\/\/api.w.org\/{rel}","templated":true}]}}