{"id":129925,"date":"2021-03-18T09:40:48","date_gmt":"2021-03-18T08:40:48","guid":{"rendered":"https:\/\/lajverwine.com\/termek\/l-5\/"},"modified":"2021-11-27T00:00:17","modified_gmt":"2021-11-26T22:00:17","slug":"lajver-batonnage-chardonnay-2019","status":"publish","type":"product","link":"https:\/\/lajverwine.com\/fr\/termek\/lajver-batonnage-chardonnay-2019\/","title":{"rendered":"Lajver Batonnage Chardonnay 2019"},"content":{"rendered":"<h4>\u00c0 PROPOS DU VIN<\/h4>\n<p>Nez marqu\u00e9 d\u2019ar\u00f4mes de caramel et de noix de coco, qui viennent de l\u2019\u00e9levage sur lies. Le vin s\u2019ouvre petit \u00e0 petit et nous d\u00e9couvrons les notes d\u2019ananas, d\u2019agrumes et d\u2019amande. En bouche, acidit\u00e9 \u00e9quilibr\u00e9e, fruits jaunes m\u00fbrs et \u00e9pices, accompagn\u00e9s par une mi-longue persistance des notes de bois.<\/p>\n<p><em><strong>Comment c\u2019est fait\u00a0?<\/strong><\/em><\/p>\n<p>Vendange manuelle, mi-septembre. Fermentation contr\u00f4l\u00e9e en cuve inox, sous conditions r\u00e9ductrices. Pas de fermentation malolactique. \u00c9levage sur lies pendant 4 mois avec b\u00e2tonnage deux fois par semaine. Apr\u00e8s l\u2019embouteillage, le vin est vieilli pendant 12 mois en cave.<\/p>\n<p><em><strong>Quels sont les c\u00e9pages\u00a0?<\/strong><\/em><\/p>\n<p>Chardonnay<\/p>\n<p>Alcool : 12%, acidit\u00e9 : 5,2 g\/l<\/p>\n<p>&nbsp;<\/p>\n","protected":false},"excerpt":{"rendered":"<p>VIN BLANC SEC, AOP SZEKSZ\u00c1RD<\/p>\n","protected":false},"featured_media":129928,"template":"","meta":{"_acf_changed":false},"product_brand":[],"product_cat":[150],"product_tag":[],"class_list":{"0":"post-129925","1":"product","2":"type-product","3":"status-publish","4":"has-post-thumbnail","6":"product_cat-szaraz-feher-fr","8":"first","9":"instock","10":"shipping-taxable","11":"purchasable","12":"product-type-simple"},"acf":[],"_links":{"self":[{"href":"https:\/\/lajverwine.com\/fr\/wp-json\/wp\/v2\/product\/129925","targetHints":{"allow":["GET"]}}],"collection":[{"href":"https:\/\/lajverwine.com\/fr\/wp-json\/wp\/v2\/product"}],"about":[{"href":"https:\/\/lajverwine.com\/fr\/wp-json\/wp\/v2\/types\/product"}],"wp:featuredmedia":[{"embeddable":true,"href":"https:\/\/lajverwine.com\/fr\/wp-json\/wp\/v2\/media\/129928"}],"wp:attachment":[{"href":"https:\/\/lajverwine.com\/fr\/wp-json\/wp\/v2\/media?parent=129925"}],"wp:term":[{"taxonomy":"product_brand","embeddable":true,"href":"https:\/\/lajverwine.com\/fr\/wp-json\/wp\/v2\/product_brand?post=129925"},{"taxonomy":"product_cat","embeddable":true,"href":"https:\/\/lajverwine.com\/fr\/wp-json\/wp\/v2\/product_cat?post=129925"},{"taxonomy":"product_tag","embeddable":true,"href":"https:\/\/lajverwine.com\/fr\/wp-json\/wp\/v2\/product_tag?post=129925"}],"curies":[{"name":"wp","href":"https:\/\/api.w.org\/{rel}","templated":true}]}}