{"id":129933,"date":"2021-02-19T10:38:53","date_gmt":"2021-02-19T09:38:53","guid":{"rendered":"https:\/\/lajverwine.com\/termek\/l-6\/"},"modified":"2021-11-27T00:00:13","modified_gmt":"2021-11-26T22:00:13","slug":"lajver-cuvee-blanc-2020","status":"publish","type":"product","link":"https:\/\/lajverwine.com\/fr\/termek\/lajver-cuvee-blanc-2020\/","title":{"rendered":"Lajver Cuv\u00e9e Blanc 2020"},"content":{"rendered":"<h4>\u00c0 PROPOS DU VIN<\/h4>\n<p>Au nez, le vin exprime un parfum intensif de la fleur de sureau et d&rsquo;herbe fra\u00eechement coup\u00e9e. En bouche, il est \u00e0 la fois vert et fruit\u00e9, avec une acidit\u00e9 croquante. Les notes d\u2019agrumes et de la p\u00eache blanche apparaissent \u00e9galement. Un vin d&rsquo;\u00e9t\u00e9 chaleureux et invitant qui n\u00e9cessite une terrasse, une chaise confortable et de la bonne compagnie.<\/p>\n<p><strong><em>Comment c\u2019est fait ?<\/em>\u00a0<\/strong><\/p>\n<p>Tri manuel de la vendange. Fermentation contr\u00f4l\u00e9e en cuves inox, sous conditions r\u00e9ductrices. L\u2019assemblage final est fait apr\u00e8s un court \u00e9levage de 2-3 mois.<\/p>\n<p><em><strong>Quels sont les c\u00e9pages ?\u00a0<\/strong><\/em><\/p>\n<p>Sauvignon\u00a0blanc, Cserszegi\u00a0f\u0171szeres<\/p>\n<p>Alcool : 12,5%, acidit\u00e9 : 6,5 g\/l<\/p>\n","protected":false},"excerpt":{"rendered":"<p>VIN BLANC SEC, AOP SZEKSZ\u00c1RD<\/p>\n","protected":false},"featured_media":134219,"template":"","meta":{"_acf_changed":false},"product_brand":[],"product_cat":[240,150,129],"product_tag":[],"class_list":{"0":"post-129933","1":"product","2":"type-product","3":"status-publish","4":"has-post-thumbnail","6":"product_cat-kiemelt-termekek-fr","7":"product_cat-szaraz-feher-fr","8":"product_cat-dijnyertes-borok-fr","10":"first","11":"instock","12":"shipping-taxable","13":"purchasable","14":"product-type-simple"},"acf":[],"_links":{"self":[{"href":"https:\/\/lajverwine.com\/fr\/wp-json\/wp\/v2\/product\/129933","targetHints":{"allow":["GET"]}}],"collection":[{"href":"https:\/\/lajverwine.com\/fr\/wp-json\/wp\/v2\/product"}],"about":[{"href":"https:\/\/lajverwine.com\/fr\/wp-json\/wp\/v2\/types\/product"}],"wp:featuredmedia":[{"embeddable":true,"href":"https:\/\/lajverwine.com\/fr\/wp-json\/wp\/v2\/media\/134219"}],"wp:attachment":[{"href":"https:\/\/lajverwine.com\/fr\/wp-json\/wp\/v2\/media?parent=129933"}],"wp:term":[{"taxonomy":"product_brand","embeddable":true,"href":"https:\/\/lajverwine.com\/fr\/wp-json\/wp\/v2\/product_brand?post=129933"},{"taxonomy":"product_cat","embeddable":true,"href":"https:\/\/lajverwine.com\/fr\/wp-json\/wp\/v2\/product_cat?post=129933"},{"taxonomy":"product_tag","embeddable":true,"href":"https:\/\/lajverwine.com\/fr\/wp-json\/wp\/v2\/product_tag?post=129933"}],"curies":[{"name":"wp","href":"https:\/\/api.w.org\/{rel}","templated":true}]}}