{"id":129940,"date":"2021-02-19T10:27:05","date_gmt":"2021-02-19T09:27:05","guid":{"rendered":"https:\/\/lajverwine.com\/termek\/l-7\/"},"modified":"2021-11-27T00:00:17","modified_gmt":"2021-11-26T22:00:17","slug":"lajver-incognito-2020","status":"publish","type":"product","link":"https:\/\/lajverwine.com\/fr\/termek\/lajver-incognito-2020\/","title":{"rendered":"LAJVER INCOGNITO 2020"},"content":{"rendered":"<p>K\u00e9kfrankos est la vari\u00e9t\u00e9 la plus diversifi\u00e9e, la plus puissante et la moins reconnue du bassin des Carpates.<\/p>\n<p>Un blanc de noir. Au nez, il est presque comme un ros\u00e9 l\u00e9ger et a\u00e9rien, mais pourrait aussi bien \u00eatre un Riesling frais, parfum\u00e9 avec un soup\u00e7on de Cserszegi f\u0171szeres. En bouche, apparaissent les notes des framboises fra\u00eeches et croquantes, des p\u00eaches, des m\u00fbres blanches et une sensation cr\u00e9meuse. Des cerises fra\u00eeches aux fruits exotiques, il d\u00e9crit une large gamme de saveurs et d&rsquo;ar\u00f4mes. Vin propre, agr\u00e9able et flatteur. Il a de l&rsquo;\u00e9nergie, de la puret\u00e9, de la gentillesse et de la finesse. De cela, nous savons qu&rsquo;il s\u2019agit vraiment d\u2019un K\u00e9kfrankos.<\/p>\n<p><strong>Comment c\u2019est fait\u00a0?<\/strong><\/p>\n<p>Tri manuel de la vendange. Durant le remplissage du pressoir, le jus de goutte quasi-incolore est retir\u00e9 et d\u00e9bourb\u00e9 \u00e0 froid. Fermentation contr\u00f4l\u00e9e en cuves inox, sous conditions r\u00e9ductrices. Apr\u00e8s une clarification sp\u00e9ciale, le vin obtenu ne contient plus de couleur rose.<\/p>\n<p>Alcool : 12,5%<\/p>\n","protected":false},"excerpt":{"rendered":"<p>K\u00c9KFRANKOS EN BLANC<\/p>\n","protected":false},"featured_media":131518,"template":"","meta":{"_acf_changed":false},"product_brand":[],"product_cat":[150],"product_tag":[],"class_list":{"0":"post-129940","1":"product","2":"type-product","3":"status-publish","4":"has-post-thumbnail","6":"product_cat-szaraz-feher-fr","8":"first","9":"instock","10":"shipping-taxable","11":"purchasable","12":"product-type-simple"},"acf":[],"_links":{"self":[{"href":"https:\/\/lajverwine.com\/fr\/wp-json\/wp\/v2\/product\/129940","targetHints":{"allow":["GET"]}}],"collection":[{"href":"https:\/\/lajverwine.com\/fr\/wp-json\/wp\/v2\/product"}],"about":[{"href":"https:\/\/lajverwine.com\/fr\/wp-json\/wp\/v2\/types\/product"}],"wp:featuredmedia":[{"embeddable":true,"href":"https:\/\/lajverwine.com\/fr\/wp-json\/wp\/v2\/media\/131518"}],"wp:attachment":[{"href":"https:\/\/lajverwine.com\/fr\/wp-json\/wp\/v2\/media?parent=129940"}],"wp:term":[{"taxonomy":"product_brand","embeddable":true,"href":"https:\/\/lajverwine.com\/fr\/wp-json\/wp\/v2\/product_brand?post=129940"},{"taxonomy":"product_cat","embeddable":true,"href":"https:\/\/lajverwine.com\/fr\/wp-json\/wp\/v2\/product_cat?post=129940"},{"taxonomy":"product_tag","embeddable":true,"href":"https:\/\/lajverwine.com\/fr\/wp-json\/wp\/v2\/product_tag?post=129940"}],"curies":[{"name":"wp","href":"https:\/\/api.w.org\/{rel}","templated":true}]}}