{"id":129954,"date":"2021-02-01T09:07:42","date_gmt":"2021-02-01T08:07:42","guid":{"rendered":"https:\/\/lajverwine.com\/termek\/l-9\/"},"modified":"2025-05-18T00:01:20","modified_gmt":"2025-05-17T23:01:20","slug":"lajver-rose-2020","status":"publish","type":"product","link":"https:\/\/lajverwine.com\/fr\/termek\/lajver-rose-2020\/","title":{"rendered":"LAJVER ROS\u00c9 2020"},"content":{"rendered":"<p>\u00c0 PROPOS DU VIN<\/p>\n<p>Sa couleur est comme un sirop de framboise en \u00e9t\u00e9. Nous retrouvons cette fra\u00eecheur a\u00e9rienne \u00e9galement au nez, avec des ar\u00f4mes de framboises m\u00fbres et un petit parfum de sucre torr\u00e9fi\u00e9. En bouche, l\u2019acidit\u00e9 dynamique, le sentiment d\u2019alcool cr\u00e9meux et les fruits de bois se m\u00ealent en douceur, de mani\u00e8re ludique. Il y a un peu d\u2019effervescence qui rend la deuxi\u00e8me gorg\u00e9e aussi croquante que la premi\u00e8re.<\/p>\n<p>Comment c\u2019est fait\u00a0?<\/p>\n<p>Tri manuel de la vendange. Fermentation contr\u00f4l\u00e9e en cuves inox, sous conditions r\u00e9ductrices. L\u2019assemblage final est fait apr\u00e8s un court \u00e9levage de 2-3 mois. Un peu de dioxyde de carbone est ajout\u00e9 pendant l\u2019embouteillage.<\/p>\n<p>Quels sont les c\u00e9pages\u00a0?<\/p>\n<p>K\u00e9kfrankos, Zweigelt, Merlot<\/p>\n<p>Alcool : 12,5%, acidit\u00e9 :\u00a05,4 g\/l<\/p>\n","protected":false},"excerpt":{"rendered":"<p>VIN ROS\u00c9 SEC, AOP SZEKSZ\u00c1RD<\/p>\n","protected":false},"featured_media":137263,"template":"","meta":{"_acf_changed":false},"product_brand":[],"product_cat":[154],"product_tag":[],"class_list":{"0":"post-129954","1":"product","2":"type-product","3":"status-publish","4":"has-post-thumbnail","6":"product_cat-szaraz-rose-fr","8":"first","9":"instock","10":"shipping-taxable","11":"purchasable","12":"product-type-simple"},"acf":[],"_links":{"self":[{"href":"https:\/\/lajverwine.com\/fr\/wp-json\/wp\/v2\/product\/129954","targetHints":{"allow":["GET"]}}],"collection":[{"href":"https:\/\/lajverwine.com\/fr\/wp-json\/wp\/v2\/product"}],"about":[{"href":"https:\/\/lajverwine.com\/fr\/wp-json\/wp\/v2\/types\/product"}],"wp:featuredmedia":[{"embeddable":true,"href":"https:\/\/lajverwine.com\/fr\/wp-json\/wp\/v2\/media\/137263"}],"wp:attachment":[{"href":"https:\/\/lajverwine.com\/fr\/wp-json\/wp\/v2\/media?parent=129954"}],"wp:term":[{"taxonomy":"product_brand","embeddable":true,"href":"https:\/\/lajverwine.com\/fr\/wp-json\/wp\/v2\/product_brand?post=129954"},{"taxonomy":"product_cat","embeddable":true,"href":"https:\/\/lajverwine.com\/fr\/wp-json\/wp\/v2\/product_cat?post=129954"},{"taxonomy":"product_tag","embeddable":true,"href":"https:\/\/lajverwine.com\/fr\/wp-json\/wp\/v2\/product_tag?post=129954"}],"curies":[{"name":"wp","href":"https:\/\/api.w.org\/{rel}","templated":true}]}}