{"id":129970,"date":"2020-12-14T14:37:27","date_gmt":"2020-12-14T13:37:27","guid":{"rendered":"https:\/\/lajverwine.com\/termek\/l-11\/"},"modified":"2021-11-27T00:00:19","modified_gmt":"2021-11-26T22:00:19","slug":"lajver-palinka-de-raisin-cserszegi-fuszeres","status":"publish","type":"product","link":"https:\/\/lajverwine.com\/fr\/termek\/lajver-palinka-de-raisin-cserszegi-fuszeres\/","title":{"rendered":"LAJVER PALINKA DE RAISIN CSERSZEGI F\u0170SZERES"},"content":{"rendered":"<p>P\u00e1linka de raisin Cserszegi f\u0171szeres<\/p>\n<p>Les caract\u00e9ristiques vari\u00e9tales du raisin Cserszegi f\u0171szeres apparaissent joliment dans le verre. Ar\u00f4mes caract\u00e9ristiques de muscadelle, finement fruit\u00e9s, aux \u00e9pices, agrumes et herbes. En bouche, il est cors\u00e9 et complexe, les notes typiquement florales du c\u00e9page sont accompagn\u00e9es d&rsquo;une agr\u00e9able astringence des agrumes. P\u00e1linka (eau-de-vie) de raisin jeune et vibrant, une vraie boisson d&rsquo;\u00e9t\u00e9.<\/p>\n<p>Degr\u00e9 : 43\u00b0<br \/>\nVolume : 0,5 l<br \/>\nMill\u00e9sime : 2020<\/p>\n","protected":false},"excerpt":{"rendered":"<p>Alcool : 43\u00b0<br \/>\nContenance : 0,5 l<br \/>\nMill\u00e9sime : 2020<\/p>\n","protected":false},"featured_media":129971,"template":"","meta":{"_acf_changed":false},"product_brand":[],"product_cat":[240,139],"product_tag":[],"class_list":{"0":"post-129970","1":"product","2":"type-product","3":"status-publish","4":"has-post-thumbnail","6":"product_cat-kiemelt-termekek-fr","7":"product_cat-limited-fr","9":"first","10":"instock","11":"shipping-taxable","12":"purchasable","13":"product-type-simple"},"acf":[],"_links":{"self":[{"href":"https:\/\/lajverwine.com\/fr\/wp-json\/wp\/v2\/product\/129970","targetHints":{"allow":["GET"]}}],"collection":[{"href":"https:\/\/lajverwine.com\/fr\/wp-json\/wp\/v2\/product"}],"about":[{"href":"https:\/\/lajverwine.com\/fr\/wp-json\/wp\/v2\/types\/product"}],"wp:featuredmedia":[{"embeddable":true,"href":"https:\/\/lajverwine.com\/fr\/wp-json\/wp\/v2\/media\/129971"}],"wp:attachment":[{"href":"https:\/\/lajverwine.com\/fr\/wp-json\/wp\/v2\/media?parent=129970"}],"wp:term":[{"taxonomy":"product_brand","embeddable":true,"href":"https:\/\/lajverwine.com\/fr\/wp-json\/wp\/v2\/product_brand?post=129970"},{"taxonomy":"product_cat","embeddable":true,"href":"https:\/\/lajverwine.com\/fr\/wp-json\/wp\/v2\/product_cat?post=129970"},{"taxonomy":"product_tag","embeddable":true,"href":"https:\/\/lajverwine.com\/fr\/wp-json\/wp\/v2\/product_tag?post=129970"}],"curies":[{"name":"wp","href":"https:\/\/api.w.org\/{rel}","templated":true}]}}