{"id":130063,"date":"2020-05-14T10:48:39","date_gmt":"2020-05-14T09:48:39","guid":{"rendered":"https:\/\/lajverwine.com\/termek\/l-24\/"},"modified":"2021-11-27T00:00:18","modified_gmt":"2021-11-26T22:00:18","slug":"lajver-bikaver-limited-2012","status":"publish","type":"product","link":"https:\/\/lajverwine.com\/fr\/termek\/lajver-bikaver-limited-2012\/","title":{"rendered":"LAJVER BIKAV\u00c9R LIMITED 2012"},"content":{"rendered":"<h3>\u00c0 PROPOS DU VIN<\/h3>\n<p>Dans la bouteille se r\u00e9unisse tout ce qui caract\u00e9rise la r\u00e9gion de Szeksz\u00e1rd, car en 2012, tout s&rsquo;\u00e9tait r\u00e9uni pour cr\u00e9er des vins fantastiques. En d\u00e9but d\u2019ann\u00e9e 2020, nous avons r\u00e9ouvert les anciennes bouteilles et les avons d\u00e9gust\u00e9es une par une pour ensuite leur donner un nouvel emballage. Vin Lajver limit\u00e9 et num\u00e9rot\u00e9 de mani\u00e8re unique, pour les vrais connaisseurs !<\/p>\n<p>Un Bikav\u00e9r (ou sang de taureau) assembl\u00e9 des vins \u00e9labor\u00e9s des vignes de K\u00e9kfrankos,\u00a0Merlot, Cabernet sauvignon et Kadarka \u00e0 faible rendement. Vin rouge cors\u00e9, couleur tuil\u00e9e, avec dominance des ar\u00f4mes de fruits conf\u00eets et d\u2019\u00e9pices.<\/p>\n<p><em><strong>Comment c\u2019est fait\u00a0?\u00a0<\/strong><\/em><\/p>\n<p>Fermentations alcoolique et malolactique sous conditions contr\u00f4l\u00e9es en cuves en acier inox, suivies par un \u00e9levage de 12 mois en f\u00fbts de ch\u00eane am\u00e9ricain. Assemblage des c\u00e9pages apr\u00e8s \u00e9levage, puis maturation en bouteille durant 20 mois.<\/p>\n<p>Alcool : 13,5%<\/p>\n","protected":false},"excerpt":{"rendered":"<p>VIN ROUGE SEC, AOP SZEKSZ\u00c1RD<\/p>\n","protected":false},"featured_media":130064,"template":"","meta":{"_acf_changed":false},"product_brand":[],"product_cat":[139],"product_tag":[],"class_list":{"0":"post-130063","1":"product","2":"type-product","3":"status-publish","4":"has-post-thumbnail","6":"product_cat-limited-fr","8":"first","9":"outofstock","10":"shipping-taxable","11":"purchasable","12":"product-type-simple"},"acf":[],"_links":{"self":[{"href":"https:\/\/lajverwine.com\/fr\/wp-json\/wp\/v2\/product\/130063","targetHints":{"allow":["GET"]}}],"collection":[{"href":"https:\/\/lajverwine.com\/fr\/wp-json\/wp\/v2\/product"}],"about":[{"href":"https:\/\/lajverwine.com\/fr\/wp-json\/wp\/v2\/types\/product"}],"wp:featuredmedia":[{"embeddable":true,"href":"https:\/\/lajverwine.com\/fr\/wp-json\/wp\/v2\/media\/130064"}],"wp:attachment":[{"href":"https:\/\/lajverwine.com\/fr\/wp-json\/wp\/v2\/media?parent=130063"}],"wp:term":[{"taxonomy":"product_brand","embeddable":true,"href":"https:\/\/lajverwine.com\/fr\/wp-json\/wp\/v2\/product_brand?post=130063"},{"taxonomy":"product_cat","embeddable":true,"href":"https:\/\/lajverwine.com\/fr\/wp-json\/wp\/v2\/product_cat?post=130063"},{"taxonomy":"product_tag","embeddable":true,"href":"https:\/\/lajverwine.com\/fr\/wp-json\/wp\/v2\/product_tag?post=130063"}],"curies":[{"name":"wp","href":"https:\/\/api.w.org\/{rel}","templated":true}]}}