{"id":130066,"date":"2020-10-07T11:23:29","date_gmt":"2020-10-07T10:23:29","guid":{"rendered":"https:\/\/lajverwine.com\/termek\/l-25\/"},"modified":"2021-11-27T00:00:18","modified_gmt":"2021-11-26T22:00:18","slug":"lajver-cabernet-sauvignon-limited-2017","status":"publish","type":"product","link":"https:\/\/lajverwine.com\/fr\/termek\/lajver-cabernet-sauvignon-limited-2017\/","title":{"rendered":"LAJVER CABERNET SAUVIGNON LIMITED 2017"},"content":{"rendered":"<h3>\u00c0 PROPOS DU VIN<\/h3>\n<p>Un Cabernet sauvignon aux tanins marqu\u00e9s et une caract\u00e9ristique intense. Vin tr\u00e8s cors\u00e9 avec une couleur bordeaux profonde. Nous retrouvons des ar\u00f4mes juteux des fruits noirs et des \u00e9pices douces. Vin \u00e9l\u00e9gant et riche avec un grand potentiel de maturation.<\/p>\n<p>Un vin de petit lot, avec un num\u00e9ro de s\u00e9rie unique. Seulement 1179 bouteilles ont \u00e9t\u00e9 produites. Uniquement disponible au Lajver Bistrot et dans notre boutique en ligne.<\/p>\n<p><em><strong>Comment c\u2019est fait\u00a0?<\/strong><\/em><\/p>\n<p>Tri manuel de la vendange. Fermentations alcoolique et malolactique sous conditions contr\u00f4l\u00e9es en cuve inox, suivies par un \u00e9levage de 12 mois en f\u00fbts de ch\u00eane hongrois et fran\u00e7ais.<\/p>\n<p><strong><em>Quels sont les c\u00e9pages\u00a0?<\/em><br \/>\n<\/strong>Cabernet sauvignon<\/p>\n<p>Alcool : 14%, acidit\u00e9 : 5,4 g\/l<\/p>\n","protected":false},"excerpt":{"rendered":"<p>VIN ROUGE SEC, AOP SZEKSZ\u00c1RD<\/p>\n","protected":false},"featured_media":130068,"template":"","meta":{"_acf_changed":false},"product_brand":[],"product_cat":[139],"product_tag":[],"class_list":{"0":"post-130066","1":"product","2":"type-product","3":"status-publish","4":"has-post-thumbnail","6":"product_cat-limited-fr","8":"first","9":"instock","10":"shipping-taxable","11":"purchasable","12":"product-type-simple"},"acf":[],"_links":{"self":[{"href":"https:\/\/lajverwine.com\/fr\/wp-json\/wp\/v2\/product\/130066","targetHints":{"allow":["GET"]}}],"collection":[{"href":"https:\/\/lajverwine.com\/fr\/wp-json\/wp\/v2\/product"}],"about":[{"href":"https:\/\/lajverwine.com\/fr\/wp-json\/wp\/v2\/types\/product"}],"wp:featuredmedia":[{"embeddable":true,"href":"https:\/\/lajverwine.com\/fr\/wp-json\/wp\/v2\/media\/130068"}],"wp:attachment":[{"href":"https:\/\/lajverwine.com\/fr\/wp-json\/wp\/v2\/media?parent=130066"}],"wp:term":[{"taxonomy":"product_brand","embeddable":true,"href":"https:\/\/lajverwine.com\/fr\/wp-json\/wp\/v2\/product_brand?post=130066"},{"taxonomy":"product_cat","embeddable":true,"href":"https:\/\/lajverwine.com\/fr\/wp-json\/wp\/v2\/product_cat?post=130066"},{"taxonomy":"product_tag","embeddable":true,"href":"https:\/\/lajverwine.com\/fr\/wp-json\/wp\/v2\/product_tag?post=130066"}],"curies":[{"name":"wp","href":"https:\/\/api.w.org\/{rel}","templated":true}]}}