{"id":130116,"date":"2020-05-27T10:26:31","date_gmt":"2020-05-27T09:26:31","guid":{"rendered":"https:\/\/lajverwine.com\/termek\/l-28\/"},"modified":"2021-11-27T00:00:16","modified_gmt":"2021-11-26T22:00:16","slug":"lajver-cabernet-franc-frank-2017","status":"publish","type":"product","link":"https:\/\/lajverwine.com\/fr\/termek\/lajver-cabernet-franc-frank-2017\/","title":{"rendered":"LAJVER CABERNET FRANC \u2013 FRANK 2017"},"content":{"rendered":"<h5>\u00c0 PROPOS DU VIN<\/h5>\n<p>Un Cabernet franc bien masculin avec de la force et une vraie personnalit\u00e9. Au nez, nous trouvons les fruits rouges m\u00fbrs, le poivre et le jus de viande. En bouche ce vin est dur, mais \u00e9l\u00e9gant. L\u2019\u00e9quilibre entre l\u2019acidit\u00e9 et les tanins caressants nous forcent \u00e0 remplir notre verre encore et encore.<\/p>\n<p><em>Comment c\u2019est fait\u00a0?<\/em><\/p>\n<p>Tri manuel de la vendange. Fermentations alcoolique et malolactique sous conditions contr\u00f4l\u00e9es en cuves inox, suivies par un \u00e9levage de 12 mois en f\u00fbts de ch\u00eane hongrois.<\/p>\n<p><em>Quels sont les c\u00e9pages\u00a0? <\/em><\/p>\n<p>Cabernet franc<\/p>\n<p>Alcool : 13,5%, acidit\u00e9\u00a0: 5,1 g\/l<\/p>\n","protected":false},"excerpt":{"rendered":"<p>VIN ROUGE SEC, AOP SZEKSZ\u00c1RD<\/p>\n","protected":false},"featured_media":130118,"template":"","meta":{"_acf_changed":false},"product_brand":[],"product_cat":[159],"product_tag":[],"class_list":{"0":"post-130116","1":"product","2":"type-product","3":"status-publish","4":"has-post-thumbnail","6":"product_cat-szaraz-voros-fr","8":"first","9":"instock","10":"shipping-taxable","11":"purchasable","12":"product-type-simple"},"acf":[],"_links":{"self":[{"href":"https:\/\/lajverwine.com\/fr\/wp-json\/wp\/v2\/product\/130116","targetHints":{"allow":["GET"]}}],"collection":[{"href":"https:\/\/lajverwine.com\/fr\/wp-json\/wp\/v2\/product"}],"about":[{"href":"https:\/\/lajverwine.com\/fr\/wp-json\/wp\/v2\/types\/product"}],"wp:featuredmedia":[{"embeddable":true,"href":"https:\/\/lajverwine.com\/fr\/wp-json\/wp\/v2\/media\/130118"}],"wp:attachment":[{"href":"https:\/\/lajverwine.com\/fr\/wp-json\/wp\/v2\/media?parent=130116"}],"wp:term":[{"taxonomy":"product_brand","embeddable":true,"href":"https:\/\/lajverwine.com\/fr\/wp-json\/wp\/v2\/product_brand?post=130116"},{"taxonomy":"product_cat","embeddable":true,"href":"https:\/\/lajverwine.com\/fr\/wp-json\/wp\/v2\/product_cat?post=130116"},{"taxonomy":"product_tag","embeddable":true,"href":"https:\/\/lajverwine.com\/fr\/wp-json\/wp\/v2\/product_tag?post=130116"}],"curies":[{"name":"wp","href":"https:\/\/api.w.org\/{rel}","templated":true}]}}