{"id":130218,"date":"2020-01-10T13:15:24","date_gmt":"2020-01-10T12:15:24","guid":{"rendered":"https:\/\/lajverwine.com\/termek\/l-37\/"},"modified":"2021-11-27T00:00:19","modified_gmt":"2021-11-26T22:00:19","slug":"lajver-kekfrankos-limited-2015","status":"publish","type":"product","link":"https:\/\/lajverwine.com\/fr\/termek\/lajver-kekfrankos-limited-2015\/","title":{"rendered":"LAJVER K\u00c9KFRANKOS LIMITED 2015"},"content":{"rendered":"<p><strong>\u00c0 PROPOS DU VIN<\/strong><br \/>\nK\u00e9kfrankos vendang\u00e9 \u00e0 partir des vignes \u00e0 faible charge, mais \u00e0 maturit\u00e9 parfaite. Corps moyen avec une saveur bien sp\u00e9cifique. Un v\u00e9ritable vin d&rsquo;exp\u00e9rience dans lequel les notes de barrique donnent de l\u2019harmonie et de la rondeur.<\/p>\n<p>Un vin de petit lot, avec un num\u00e9ro de s\u00e9rie unique. Seulement 696 bouteilles ont \u00e9t\u00e9 produites. Uniquement disponible au Lajver Bistrot et dans notre boutique en ligne.<\/p>\n<p><strong><em>Comment c\u2019est fait\u00a0?<\/em><br \/>\n<\/strong>Tri manuel de la vendange et traitement d\u00e9licat. Fermentations alcoolique et malolactique en cuves ouvertes avec pigeage manuel, suivies par un \u00e9levage de 18 mois en f\u00fbts de ch\u00eane hongrois.<\/p>\n<p>Alcool : 12,5%, acidit\u00e9 : 5,5 g\/l<\/p>\n","protected":false},"excerpt":{"rendered":"<p>VIN ROUGE SEC, AOP PANNON<\/p>\n","protected":false},"featured_media":130219,"template":"","meta":{"_acf_changed":false},"product_brand":[],"product_cat":[139],"product_tag":[],"class_list":{"0":"post-130218","1":"product","2":"type-product","3":"status-publish","4":"has-post-thumbnail","6":"product_cat-limited-fr","8":"first","9":"instock","10":"shipping-taxable","11":"purchasable","12":"product-type-simple"},"acf":[],"_links":{"self":[{"href":"https:\/\/lajverwine.com\/fr\/wp-json\/wp\/v2\/product\/130218","targetHints":{"allow":["GET"]}}],"collection":[{"href":"https:\/\/lajverwine.com\/fr\/wp-json\/wp\/v2\/product"}],"about":[{"href":"https:\/\/lajverwine.com\/fr\/wp-json\/wp\/v2\/types\/product"}],"wp:featuredmedia":[{"embeddable":true,"href":"https:\/\/lajverwine.com\/fr\/wp-json\/wp\/v2\/media\/130219"}],"wp:attachment":[{"href":"https:\/\/lajverwine.com\/fr\/wp-json\/wp\/v2\/media?parent=130218"}],"wp:term":[{"taxonomy":"product_brand","embeddable":true,"href":"https:\/\/lajverwine.com\/fr\/wp-json\/wp\/v2\/product_brand?post=130218"},{"taxonomy":"product_cat","embeddable":true,"href":"https:\/\/lajverwine.com\/fr\/wp-json\/wp\/v2\/product_cat?post=130218"},{"taxonomy":"product_tag","embeddable":true,"href":"https:\/\/lajverwine.com\/fr\/wp-json\/wp\/v2\/product_tag?post=130218"}],"curies":[{"name":"wp","href":"https:\/\/api.w.org\/{rel}","templated":true}]}}