{"id":130352,"date":"2019-08-22T10:15:01","date_gmt":"2019-08-22T09:15:01","guid":{"rendered":"https:\/\/lajverwine.com\/termek\/l-53\/"},"modified":"2021-11-27T00:00:16","modified_gmt":"2021-11-26T22:00:16","slug":"lajver-cabernet-sauvignon-2018","status":"publish","type":"product","link":"https:\/\/lajverwine.com\/fr\/termek\/lajver-cabernet-sauvignon-2018\/","title":{"rendered":"LAJVER CABERNET SAUVIGNON 2018"},"content":{"rendered":"<h3>\u00c0 PROPOS DU VIN<\/h3>\n<p>Des myrtilles, du cassis, de la menthe et du poivre vert que nous retrouvons en premier lieu dans ce Cabernet sauvignon. Avec des tanins un peu crus et les ar\u00f4mes de truffe, ce vin est \u00e0 consommer lentement en lui laissant du temps pour s\u2019ouvrir.<\/p>\n<p><strong><em>Comment c\u2019est fait\u00a0?<\/em><br \/>\n<\/strong>Tri manuel de la vendange. Fermentations alcoolique et malolactique sous conditions contr\u00f4l\u00e9es en cuves inox, suivies par un \u00e9levage de 12 mois en f\u00fbts de ch\u00eane hongrois.<\/p>\n<p><em><strong>Quels sont les c\u00e9pages\u00a0? <\/strong><\/em><\/p>\n<p>Cabernet\u00a0sauvignon<\/p>\n<p>Alcool : 13,5%, acidit\u00e9 : 5,5\u00a0g\/l<\/p>\n","protected":false},"excerpt":{"rendered":"<p>VIN ROUGE SEC, AOP SZEKSZ\u00c1RD<\/p>\n","protected":false},"featured_media":130356,"template":"","meta":{"_acf_changed":false},"product_brand":[],"product_cat":[240,159],"product_tag":[],"class_list":{"0":"post-130352","1":"product","2":"type-product","3":"status-publish","4":"has-post-thumbnail","6":"product_cat-kiemelt-termekek-fr","7":"product_cat-szaraz-voros-fr","9":"first","10":"instock","11":"shipping-taxable","12":"purchasable","13":"product-type-simple"},"acf":[],"_links":{"self":[{"href":"https:\/\/lajverwine.com\/fr\/wp-json\/wp\/v2\/product\/130352","targetHints":{"allow":["GET"]}}],"collection":[{"href":"https:\/\/lajverwine.com\/fr\/wp-json\/wp\/v2\/product"}],"about":[{"href":"https:\/\/lajverwine.com\/fr\/wp-json\/wp\/v2\/types\/product"}],"wp:featuredmedia":[{"embeddable":true,"href":"https:\/\/lajverwine.com\/fr\/wp-json\/wp\/v2\/media\/130356"}],"wp:attachment":[{"href":"https:\/\/lajverwine.com\/fr\/wp-json\/wp\/v2\/media?parent=130352"}],"wp:term":[{"taxonomy":"product_brand","embeddable":true,"href":"https:\/\/lajverwine.com\/fr\/wp-json\/wp\/v2\/product_brand?post=130352"},{"taxonomy":"product_cat","embeddable":true,"href":"https:\/\/lajverwine.com\/fr\/wp-json\/wp\/v2\/product_cat?post=130352"},{"taxonomy":"product_tag","embeddable":true,"href":"https:\/\/lajverwine.com\/fr\/wp-json\/wp\/v2\/product_tag?post=130352"}],"curies":[{"name":"wp","href":"https:\/\/api.w.org\/{rel}","templated":true}]}}