{"id":130362,"date":"2019-08-22T10:15:00","date_gmt":"2019-08-22T09:15:00","guid":{"rendered":"https:\/\/lajverwine.com\/termek\/l-54\/"},"modified":"2021-11-27T00:00:16","modified_gmt":"2021-11-26T22:00:16","slug":"lajver-kekfrankos-2018","status":"publish","type":"product","link":"https:\/\/lajverwine.com\/fr\/termek\/lajver-kekfrankos-2018\/","title":{"rendered":"LAJVER K\u00c9KFRANKOS 2018"},"content":{"rendered":"<h3>\u00c0 PROPOS DU VIN<\/h3>\n<p>Le K\u00e9kfrankos est l\u2019un des c\u00e9pages principaux de la r\u00e9gion de Szeksz\u00e1rd. Ce vin de c\u00e9page est caract\u00e9ris\u00e9 par une complexit\u00e9 et des ar\u00f4mes intensifs de cerise noire et d\u2019\u00e9pices. En bouche, les notes de bois sont plus marqu\u00e9es, mais toutefois restent \u00e9l\u00e9gantes. Les acides et les tanins sont en \u00e9quilibre. Un vin fruit\u00e9 et juteux avec une finale moyennement longue.<\/p>\n<p><em><strong>Comment c\u2019est fait ?<\/strong><\/em><br \/>\nTri manuel de la vendange. Fermentations alcoolique et malolactique sous conditions contr\u00f4l\u00e9es en cuves inox, suivies par un \u00e9levage de 12 mois en f\u00fbts de ch\u00eane hongrois.<\/p>\n<p><em><strong>Quels sont les c\u00e9pages\u00a0? <\/strong><\/em><\/p>\n<p>K\u00e9kfrankos<\/p>\n<p>Alcool : 13%, acidit\u00e9 : 5,7\u00a0g\/l<\/p>\n","protected":false},"excerpt":{"rendered":"<p>VIN ROUGE SEC, AOP SZEKSZ\u00c1RD<\/p>\n","protected":false},"featured_media":131034,"template":"","meta":{"_acf_changed":false},"product_brand":[],"product_cat":[159],"product_tag":[],"class_list":{"0":"post-130362","1":"product","2":"type-product","3":"status-publish","4":"has-post-thumbnail","6":"product_cat-szaraz-voros-fr","8":"first","9":"instock","10":"shipping-taxable","11":"purchasable","12":"product-type-simple"},"acf":[],"_links":{"self":[{"href":"https:\/\/lajverwine.com\/fr\/wp-json\/wp\/v2\/product\/130362","targetHints":{"allow":["GET"]}}],"collection":[{"href":"https:\/\/lajverwine.com\/fr\/wp-json\/wp\/v2\/product"}],"about":[{"href":"https:\/\/lajverwine.com\/fr\/wp-json\/wp\/v2\/types\/product"}],"wp:featuredmedia":[{"embeddable":true,"href":"https:\/\/lajverwine.com\/fr\/wp-json\/wp\/v2\/media\/131034"}],"wp:attachment":[{"href":"https:\/\/lajverwine.com\/fr\/wp-json\/wp\/v2\/media?parent=130362"}],"wp:term":[{"taxonomy":"product_brand","embeddable":true,"href":"https:\/\/lajverwine.com\/fr\/wp-json\/wp\/v2\/product_brand?post=130362"},{"taxonomy":"product_cat","embeddable":true,"href":"https:\/\/lajverwine.com\/fr\/wp-json\/wp\/v2\/product_cat?post=130362"},{"taxonomy":"product_tag","embeddable":true,"href":"https:\/\/lajverwine.com\/fr\/wp-json\/wp\/v2\/product_tag?post=130362"}],"curies":[{"name":"wp","href":"https:\/\/api.w.org\/{rel}","templated":true}]}}