{"id":130384,"date":"2019-08-22T10:13:27","date_gmt":"2019-08-22T09:13:27","guid":{"rendered":"https:\/\/lajverwine.com\/termek\/l-56\/"},"modified":"2021-11-27T00:00:17","modified_gmt":"2021-11-26T22:00:17","slug":"lajver-sound-petillant-2018","status":"publish","type":"product","link":"https:\/\/lajverwine.com\/fr\/termek\/lajver-sound-petillant-2018\/","title":{"rendered":"LAJVER SOUND PETILLANT 2018"},"content":{"rendered":"<h3>\u00c0 PROPOS DU VIN<\/h3>\n<p>Vin p\u00e9tillant avec des ar\u00f4mes intensifs \u00e0 la fois floraux et fruit\u00e9s. En bouche, il montre une fra\u00eecheur croquante avec des notes d\u2019agrumes et du muscat. La teneur en dioxyde de carbone, l\u2019acidit\u00e9 et le sucre r\u00e9siduel sont en \u00e9quilibre. Vin palpitant, qui se consomme id\u00e9alement en \u00e9t\u00e9 et en bonne compagnie.<\/p>\n<p><em><strong>Comment c\u2019est fait\u00a0?<\/strong><\/em><\/p>\n<p>Tri manuel de la vendange. Fermentation contr\u00f4l\u00e9e en cuves inox, sous conditions r\u00e9ductrices. L\u2019assemblage final est fait apr\u00e8s un court \u00e9levage de 2-3 mois. Le dioxyde de carbone est ajout\u00e9 pendant l\u2019embouteillage.<\/p>\n<p><em><strong>Quels sont les c\u00e9pages\u00a0?<\/strong><\/em><\/p>\n<p>Cserszegi f\u0171szeres, Welschriesling, Chardonnay, Riesling<\/p>\n<p>Alcool\u00a0: 11,5%, acidit\u00e9\u00a0: 6,2 g\/l<\/p>\n","protected":false},"excerpt":{"rendered":"<p>VIN BLANC P\u00c9TILLANT DEMI-SEC, AOP PANNON<\/p>\n","protected":false},"featured_media":133188,"template":"","meta":{"_acf_changed":false},"product_brand":[],"product_cat":[150],"product_tag":[],"class_list":{"0":"post-130384","1":"product","2":"type-product","3":"status-publish","4":"has-post-thumbnail","6":"product_cat-szaraz-feher-fr","8":"first","9":"instock","10":"shipping-taxable","11":"purchasable","12":"product-type-simple"},"acf":[],"_links":{"self":[{"href":"https:\/\/lajverwine.com\/fr\/wp-json\/wp\/v2\/product\/130384","targetHints":{"allow":["GET"]}}],"collection":[{"href":"https:\/\/lajverwine.com\/fr\/wp-json\/wp\/v2\/product"}],"about":[{"href":"https:\/\/lajverwine.com\/fr\/wp-json\/wp\/v2\/types\/product"}],"wp:featuredmedia":[{"embeddable":true,"href":"https:\/\/lajverwine.com\/fr\/wp-json\/wp\/v2\/media\/133188"}],"wp:attachment":[{"href":"https:\/\/lajverwine.com\/fr\/wp-json\/wp\/v2\/media?parent=130384"}],"wp:term":[{"taxonomy":"product_brand","embeddable":true,"href":"https:\/\/lajverwine.com\/fr\/wp-json\/wp\/v2\/product_brand?post=130384"},{"taxonomy":"product_cat","embeddable":true,"href":"https:\/\/lajverwine.com\/fr\/wp-json\/wp\/v2\/product_cat?post=130384"},{"taxonomy":"product_tag","embeddable":true,"href":"https:\/\/lajverwine.com\/fr\/wp-json\/wp\/v2\/product_tag?post=130384"}],"curies":[{"name":"wp","href":"https:\/\/api.w.org\/{rel}","templated":true}]}}