{"id":130390,"date":"2019-08-22T10:14:59","date_gmt":"2019-08-22T09:14:59","guid":{"rendered":"https:\/\/lajverwine.com\/termek\/l-57\/"},"modified":"2021-11-27T00:00:17","modified_gmt":"2021-11-26T22:00:17","slug":"lajver-sound-2020","status":"publish","type":"product","link":"https:\/\/lajverwine.com\/fr\/termek\/lajver-sound-2020\/","title":{"rendered":"LAJVER SOUND 2020"},"content":{"rendered":"<h3>\u00c0 PROPOS DU VIN<\/h3>\n<p>Vin avec des ar\u00f4mes intensifs \u00e0 la fois floraux et fruit\u00e9s. En bouche, il montre une fra\u00eecheur croquante avec des notes de p\u00eache, de poivre et de la fleur de sureau. Nous sentons qu\u2019il est juteux et vigoureux, l\u2019acidit\u00e9 et le sucre r\u00e9siduel sont en \u00e9quilibre. Un vin d&rsquo;\u00e9t\u00e9 vif qui n\u00e9cessite une terrasse, une chaise confortable, de la bonne compagnie et une bouteille ne sera jamais assez.<\/p>\n<p><em><strong>Comment c\u2019est fait\u00a0?<\/strong><\/em><\/p>\n<p>Tri manuel de la vendange. Fermentation contr\u00f4l\u00e9e en cuves inox, sous conditions r\u00e9ductrices. L\u2019assemblage final est fait apr\u00e8s un court \u00e9levage de 2-3 mois.<\/p>\n<p><em><strong>Quels sont les c\u00e9pages\u00a0?<\/strong><\/em><\/p>\n<p>Riesling, Gr\u00fcner veltliner, Sauvignon blanc, Cserszegi f\u0171szeres, Chardonnay<\/p>\n<p>Alcool : 12,5%, acidit\u00e9\u00a0: 6,3 g\/l<\/p>\n","protected":false},"excerpt":{"rendered":"<p>VIN BLANC SEC, AOP PANNON<\/p>\n","protected":false},"featured_media":131744,"template":"","meta":{"_acf_changed":false},"product_brand":[],"product_cat":[240,150],"product_tag":[],"class_list":{"0":"post-130390","1":"product","2":"type-product","3":"status-publish","4":"has-post-thumbnail","6":"product_cat-kiemelt-termekek-fr","7":"product_cat-szaraz-feher-fr","9":"first","10":"instock","11":"shipping-taxable","12":"purchasable","13":"product-type-simple"},"acf":[],"_links":{"self":[{"href":"https:\/\/lajverwine.com\/fr\/wp-json\/wp\/v2\/product\/130390","targetHints":{"allow":["GET"]}}],"collection":[{"href":"https:\/\/lajverwine.com\/fr\/wp-json\/wp\/v2\/product"}],"about":[{"href":"https:\/\/lajverwine.com\/fr\/wp-json\/wp\/v2\/types\/product"}],"wp:featuredmedia":[{"embeddable":true,"href":"https:\/\/lajverwine.com\/fr\/wp-json\/wp\/v2\/media\/131744"}],"wp:attachment":[{"href":"https:\/\/lajverwine.com\/fr\/wp-json\/wp\/v2\/media?parent=130390"}],"wp:term":[{"taxonomy":"product_brand","embeddable":true,"href":"https:\/\/lajverwine.com\/fr\/wp-json\/wp\/v2\/product_brand?post=130390"},{"taxonomy":"product_cat","embeddable":true,"href":"https:\/\/lajverwine.com\/fr\/wp-json\/wp\/v2\/product_cat?post=130390"},{"taxonomy":"product_tag","embeddable":true,"href":"https:\/\/lajverwine.com\/fr\/wp-json\/wp\/v2\/product_tag?post=130390"}],"curies":[{"name":"wp","href":"https:\/\/api.w.org\/{rel}","templated":true}]}}