{"id":127634,"date":"2019-08-09T11:46:27","date_gmt":"2019-08-09T10:46:27","guid":{"rendered":"https:\/\/lajverwine.com\/%d0%ba%d0%be%d1%80%d0%b7%d0%b8%d0%bd%d0%b0\/"},"modified":"2022-11-24T14:58:29","modified_gmt":"2022-11-24T13:58:29","slug":"kosar","status":"publish","type":"page","link":"https:\/\/lajverwine.com\/ru\/kosar\/","title":{"rendered":"Kos\u00e1r"},"content":{"rendered":"<div class=\"wpb-content-wrapper\"><p>[vc_row][vc_column][vc_column_text][\/vc_column_text][\/vc_column][\/vc_row][vc_row][vc_column width=&#187;1\/3&#8243; offset=&#187;vc_col-lg-offset-8 vc_col-md-offset-8&#8243;][vc_column_text]<\/p>\r\n<p><strong>FIZET\u00c9SI LEHET\u0150S\u00c9GEK \/ SZ\u00c1LL\u00cdT\u00c1S \/ D\u00cdJAK<\/strong><\/p>\r\n<p>A webshopunkban k\u00e9t sz\u00e1ll\u00edt\u00e1si m\u00f3d k\u00f6z\u00fcl v\u00e1laszthat<\/p>\r\n<p>H\u00c1ZHOZSZ\u00c1LL\u00edT\u00c1S:<\/p>\r\n<ul>\r\n<li>Adja meg a kisz\u00e1ll\u00edt\u00e1si c\u00edmet \u00e9s rendelje meg a term\u00e9ket!<\/li>\r\n<li>Amikor \u00e1tadjuk csomagj\u00e1t a fut\u00e1rszolg\u00e1latnak, e-mail-es \u00e9rtes\u00edt\u00e9st k\u00fcld\u00fcnk \u00d6nnek a h\u00e1zhozsz\u00e1ll\u00edt\u00e1ssal kapcsolatban<\/li>\r\n<\/ul>\r\n<p>SZEM\u00c9LYES \u00c1TV\u00c9TEL A LAJVER BORBIRTOKON:<\/p>\r\n<ul>\r\n<li>A Borbirtokon is lehet\u0151s\u00e9g van \u00e1tvenni a rendel\u00e9st szem\u00e9lyesen. C\u00edm\u00fcnk: 7121 Sz\u00e1lka, 07\/28<\/li>\r\n<\/ul>\r\n<p>FIZET\u00c9SI LEHET\u0150S\u00c9GEK:<\/p>\r\n<ul>\r\n<li>Bankk\u00e1rty\u00e1s fizet\u00e9s<\/li>\r\n<li>K\u00f6zvetlen banki \u00e1tutal\u00e1s eset\u00e9n csak a megrendel\u00e9s ellen\u00e9rt\u00e9k\u00e9nek meg\u00e9rkez\u00e9se ut\u00e1n tudjuk a kisz\u00e1ll\u00edt\u00e1st megkezdeni.<\/li>\r\n<li>Ut\u00e1nv\u00e9tes fizet\u00e9s<\/li>\r\n<li>Paypal<\/li>\r\n<\/ul>\r\n<p>SZ\u00c1LL\u00cdT\u00c1SI D\u00cdJAK:<\/p>\r\n<ul>\r\n<li>H\u00e1zhozsz\u00e1ll\u00edt\u00e1s eset\u00e9n el\u0151re utal\u00e1ssal a sz\u00e1ll\u00edt\u00e1si d\u00edj <strong>2400 Ft.<\/strong> Ut\u00e1nv\u00e9ttel az \u00e1ru \u00e1tv\u00e9telekor k\u00e9szp\u00e9nzzel 3100 Ft.<br \/><strong>20000 Ft<\/strong>\u00a0feletti v\u00e1s\u00e1rl\u00e1s eset\u00e9n a kisz\u00e1ll\u00edt\u00e1s\u00a0<strong>ingyenes!<\/strong><br \/>A sz\u00e1ll\u00edt\u00e1si k\u00f6lts\u00e9gek Magyarorsz\u00e1g ter\u00fclet\u00e9re vonatkoznak, ellenkez\u0151 esetben egyedi aj\u00e1nlatk\u00e9r\u00e9s sz\u00fcks\u00e9ges!<\/li>\r\n<\/ul>\r\n<p>[\/vc_column_text][\/vc_column][\/vc_row]<\/p><\/div>","protected":false},"excerpt":{"rendered":"<p>[vc_row][vc_column][vc_column_text][\/vc_column_text][\/vc_column][\/vc_row][vc_row][vc_column width=&#187;1\/3&#8243; offset=&#187;vc_col-lg-offset-8 vc_col-md-offset-8&#8243;][vc_column_text] FIZET\u00c9SI LEHET\u0150S\u00c9GEK \/ SZ\u00c1LL\u00cdT\u00c1S \/ D\u00cdJAK A webshopunkban k\u00e9t sz\u00e1ll\u00edt\u00e1si m\u00f3d k\u00f6z\u00fcl v\u00e1laszthat H\u00c1ZHOZSZ\u00c1LL\u00edT\u00c1S: Adja meg a kisz\u00e1ll\u00edt\u00e1si c\u00edmet \u00e9s rendelje meg a term\u00e9ket! Amikor \u00e1tadjuk csomagj\u00e1t a fut\u00e1rszolg\u00e1latnak, e-mail-es \u00e9rtes\u00edt\u00e9st k\u00fcld\u00fcnk \u00d6nnek a h\u00e1zhozsz\u00e1ll\u00edt\u00e1ssal kapcsolatban SZEM\u00c9LYES \u00c1TV\u00c9TEL A LAJVER BORBIRTOKON: A Borbirtokon is lehet\u0151s\u00e9g van \u00e1tvenni a rendel\u00e9st szem\u00e9lyesen. C\u00edm\u00fcnk: [&hellip;]<\/p>\n","protected":false},"author":361,"featured_media":0,"parent":0,"menu_order":0,"comment_status":"closed","ping_status":"closed","template":"","meta":{"_acf_changed":false,"footnotes":""},"class_list":["post-127634","page","type-page","status-publish","hentry"],"acf":[],"_links":{"self":[{"href":"https:\/\/lajverwine.com\/ru\/wp-json\/wp\/v2\/pages\/127634","targetHints":{"allow":["GET"]}}],"collection":[{"href":"https:\/\/lajverwine.com\/ru\/wp-json\/wp\/v2\/pages"}],"about":[{"href":"https:\/\/lajverwine.com\/ru\/wp-json\/wp\/v2\/types\/page"}],"author":[{"embeddable":true,"href":"https:\/\/lajverwine.com\/ru\/wp-json\/wp\/v2\/users\/361"}],"replies":[{"embeddable":true,"href":"https:\/\/lajverwine.com\/ru\/wp-json\/wp\/v2\/comments?post=127634"}],"version-history":[{"count":4,"href":"https:\/\/lajverwine.com\/ru\/wp-json\/wp\/v2\/pages\/127634\/revisions"}],"predecessor-version":[{"id":133896,"href":"https:\/\/lajverwine.com\/ru\/wp-json\/wp\/v2\/pages\/127634\/revisions\/133896"}],"wp:attachment":[{"href":"https:\/\/lajverwine.com\/ru\/wp-json\/wp\/v2\/media?parent=127634"}],"curies":[{"name":"wp","href":"https:\/\/api.w.org\/{rel}","templated":true}]}}