{"id":132283,"date":"2022-03-10T05:17:54","date_gmt":"2022-03-10T04:17:54","guid":{"rendered":"https:\/\/lajverwine.com\/lajver-boraszat\/"},"modified":"2022-03-10T19:50:16","modified_gmt":"2022-03-10T18:50:16","slug":"lajver-boraszat","status":"publish","type":"page","link":"https:\/\/lajverwine.com\/ru\/lajver-boraszat\/","title":{"rendered":"\u0412\u0418\u041d\u041e\u0414\u0415\u041b\u042c\u041d\u042f"},"content":{"rendered":"<div class=\"wpb-content-wrapper\"><p>[vc_row full_width=&#187;stretch_row_content_no_spaces&#187; css=&#187;.vc_custom_1569586321675{margin-top: 0px !important;margin-right: 0px !important;margin-bottom: 0px !important;margin-left: 0px !important;border-top-width: 0px !important;border-right-width: 0px !important;border-bottom-width: 0px !important;border-left-width: 0px !important;padding-top: 0px !important;padding-right: 0px !important;padding-bottom: 0px !important;padding-left: 0px !important;background-image: url(https:\/\/lajverwine.com\/wp-content\/uploads\/2019\/09\/lajverbirotk-legi.jpg?id=1494) !important;}&#187; el_class=&#187;top-image&#187; el_id=&#187;head-img&#187;][vc_column css=&#187;.vc_custom_1565384926316{margin-top: 0px !important;margin-right: 0px !important;margin-bottom: 0px !important;margin-left: 0px !important;border-top-width: 0px !important;border-right-width: 0px !important;border-bottom-width: 0px !important;border-left-width: 0px !important;padding-top: 0px !important;padding-right: 0px !important;padding-bottom: 0px !important;padding-left: 0px !important;}&#187;][vc_single_image image=&#187;129444&#8243; add_caption=&#187;yes&#187; alignment=&#187;center&#187; css=&#187;.vc_custom_1573224905110{margin-top: 0px !important;margin-right: 0px !important;margin-bottom: 0px !important;margin-left: 0px !important;border-top-width: 0px !important;border-right-width: 0px !important;border-bottom-width: 0px !important;border-left-width: 0px !important;padding-top: 0px !important;padding-right: 0px !important;padding-bottom: 0px !important;padding-left: 0px !important;}&#187;][\/vc_column][\/vc_row][vc_row luv_animation=&#187;c-animate-bottom&#187; el_id=&#187;boraszat&#187; css=&#187;.vc_custom_1565536322583{margin-top: -100px !important;margin-right: 0px !important;margin-left: 0px !important;padding-right: 0px !important;padding-left: 0px !important;background-color: #231f20 !important;}&#187;][vc_column][vc_raw_html]JTNDaDIlMjBzdHlsZSUzRCUyMnRleHQtYWxpZ24lM0ElMjBjZW50ZXIlM0IlMjIlM0UyNiUyMGhla3QlQzMlQTFyJTIwJTNDc3BhbiUzRSU3QyUzQyUyRnNwYW4lM0UlMjA0JTIwdCVDMyVBMWJsYSUyMCUzQ3NwYW4lM0UlN0MlM0MlMkZzcGFuJTNFJTIwMzAlMjB0ZXJhc3olM0MlMkZoMiUzRQ==[\/vc_raw_html][vc_column_text css=&#187;.vc_custom_1568983035751{padding-top: 25px !important;padding-right: 35px !important;padding-bottom: 25px !important;padding-left: 35px !important;}&#187;]<\/p>\n<h4 style=\"text-align: center;\">A bor\u00e1szat tervez\u00e9s\u00e9n\u00e9l l\u00e9nyeges szempont volt, hogy tiszteletben tartsuk a term\u00e9szeti adotts\u00e1gokat \u00e9s alkalmazkodjunk hozz\u00e1juk, hogy ez\u00e1ltal a birtok min\u00e9l harmonikusabban illeszkedjen a k\u00f6rnyezetbe.<\/h4>\n<p style=\"text-align: center;\">A n\u00e9gy t\u00e1bl\u00e1n kialak\u00edtott harminc teraszos \u00fcltetv\u00e9ny t\u00f6k\u00e9letesen idomul a Lajv\u00e9r patak medr\u00e9hez, ami k\u00fcl\u00f6nleges \u00e9s term\u00e9szetes mikrokl\u00edm\u00e1t biztos\u00edt a birtoknak. Ez nem csak azt jelenti, hogy az als\u00f3 \u00e9s a fels\u0151 teraszok k\u00f6z\u00f6tt eg\u00e9sz \u00e9vben t\u00f6bb fokos h\u0151m\u00e9rs\u00e9kletk\u00fcl\u00f6nbs\u00e9g van, hanem azt is, hogy v\u00e1ltozatos a talaj v\u00edztartalma. A v\u00f6lgy term\u00e9szetes sz\u00e9lcsatornak\u00e9nt szell\u0151zteti \u00e1t az \u00fcltetv\u00e9nyek lombozat\u00e1t \u00e9s f\u00fcrtjeit, seg\u00edtve ezzel a k\u00f6rnyezettudatos sz\u0151l\u0151m\u0171vel\u00e9st. Ez a v\u00e1ltozatoss\u00e1g teszi lehet\u0151v\u00e9, hogy mind a tizenk\u00e9t sz\u0151l\u0151fajt\u00e1nk otthon \u00e9rezze mag\u00e1t.<\/p>\n<p>[\/vc_column_text][\/vc_column][\/vc_row][vc_row luv_animation=&#187;c-animate-bottom&#187; css=&#187;.vc_custom_1565538729446{background-image: url(https:\/\/lajverwine.com\/wp-content\/uploads\/2019\/08\/funkcio-bg.png?id=137) !important;}&#187; el_id=&#187;boraszat-mini&#187;][vc_column width=&#187;5\/6&#8243; el_class=&#187;boraszat-mini-vontent&#187;][vc_row_inner][vc_column_inner el_class=&#187;boraszat-mini-content-left&#187; luv_animation=&#187;c-animate-left&#187; width=&#187;1\/4&#8243; css=&#187;.vc_custom_1565538914122{background-color: #f26c4f !important;}&#187;][vc_single_image image=&#187;129435&#8243; alignment=&#187;center&#187;][vc_column_text]<\/p>\n<h5 style=\"text-align: center;\">5 Funkci\u00f3,<br \/>\n3 sz\u00e1rny<\/h5>\n<p>[\/vc_column_text][\/vc_column_inner][vc_column_inner width=&#187;3\/4&#8243;][vc_column_text]Az ultramodern, tiszta vonal\u00fa \u00e9p\u00fclet a kompromisszumokt\u00f3l mentes feldolgoz\u00e1s koncepci\u00f3ja k\u00f6r\u00e9 \u00e9p\u00fclt. C\u00e9lunk az volt, hogy a t\u00e1jba j\u00f3l illeszked\u0151, \u00e9p\u00edt\u00e9szetileg kiemelked\u0151 \u00e9p\u00fcletet hozzunk l\u00e9tre, amelynek a jelent\u0151s r\u00e9sze a f\u00f6ld alatt van. Az \u00e9p\u00edt\u00e9s sor\u00e1n az olyan term\u00e9szetes anyagok felhaszn\u00e1l\u00e1s\u00e1ra t\u00f6rekedt\u00fcnk, mint a fa, beton, k\u0151, f\u00e9m \u00e9s \u00fcveg. A l\u00e9tes\u00edtm\u00e9ny minden sz\u00fcks\u00e9ges funkci\u00f3nak t\u00f6k\u00e9letesen megfelel: egyszerre l\u00e1togat\u00f3k\u00f6zpont, borbisztr\u00f3, ipari \u00e9p\u00fclet, rakt\u00e1r \u00e9s pince. A term\u00e9szetes bork\u00e9sz\u00edt\u00e9s l\u00e9nyege a sz\u0151l\u0151 k\u00edm\u00e9letes feldolgoz\u00e1sa, amely a modern gravit\u00e1ci\u00f3s technol\u00f3gi\u00e1n alapul.<br \/>\n[\/vc_column_text][\/vc_column_inner][\/vc_row_inner][\/vc_column][vc_column luv_animation=&#187;c-animate-right&#187; width=&#187;1\/6&#8243; el_class=&#187;mini-button&#187;]<a href=\"https:\/\/lajverwine.com\/boraszatunk\/\" target=\"_self\" class=\"btn btn-shortcode luv_dynamic-f98833b1 btn-full btn-l btn-icon btn-icon-only luv_dynamic-735ce039 luv_dynamic-54f7c839\" ><span><\/span><i class=\"ion-chevron-right\"><\/i><\/a>[\/vc_column][\/vc_row][vc_row full_width=&#187;stretch_row&#187; content_placement=&#187;middle&#187; luv_text_alignment=&#187;center&#187; css=&#187;.vc_custom_1565539021466{margin-top: 0px !important;margin-right: 0px !important;margin-bottom: 0px !important;margin-left: 0px !important;background: #231f20 url(https:\/\/lajverwine.com\/wp-content\/uploads\/2019\/08\/alnyomat2.png?id=82) !important;background-position: center !important;background-repeat: no-repeat !important;background-size: contain !important;}&#187; el_class=&#187;page-gray-separator&#187;][vc_column][vc_text_separator title=&#187;A sz\u0151l\u0151k \u00fatja&#187; color=&#187;custom&#187; style=&#187;shadow&#187; css=&#187;.vc_custom_1565534385997{margin-top: 0px !important;margin-right: 0px !important;margin-bottom: 0px !important;margin-left: 0px !important;padding-top: 0px !important;padding-right: 30px !important;padding-bottom: 30px !important;padding-left: 30px !important;}&#187; accent_color=&#187;#ffffff&#187; el_class=&#187;whitetext&#187;][\/vc_column][\/vc_row][vc_row full_width=&#187;stretch_row_content_no_spaces&#187; content_placement=&#187;middle&#187; luv_text_alignment=&#187;center&#187; css=&#187;.vc_custom_1565537756022{background-position: center !important;background-repeat: no-repeat !important;background-size: contain !important;}&#187; el_id=&#187;szolok-utja-row1&#8243;][vc_column width=&#187;1\/2&#8243;][\/vc_column][vc_column width=&#187;1\/2&#8243; el_class=&#187;szolok-utja-text&#187;][vc_column_text]Tizenk\u00e9t sz\u0151l\u0151fajt\u00e1t telep\u00edtett\u00fcnk, m\u00e9gsem k\u00e9sz\u00edt\u00fcnk mindegyikb\u0151l \u00f6n\u00e1ll\u00f3 t\u00e9telt. Bizonyos fajt\u00e1k sz\u00e1munkra kedvesebbek, ha nem \u00f6nmagukban ker\u00fclnek palackba. Gyakran szokatlan, \u00fajszer\u0171 h\u00e1zas\u00edt\u00e1sokkal tudjuk a legjobban kifejezni azt, amit a sz\u0151l\u0151termeszt\u00e9sr\u0151l \u00e9s bork\u00e9sz\u00edt\u00e9sr\u0151l gondolunk.<\/p>\n<h4>48 d\u00edj<\/h4>\n<p>A fajtav\u00e1laszt\u00e1skor kiz\u00e1r\u00f3lag a min\u0151s\u00e9g volt a szempont. Minden egyes teraszra az annak adotts\u00e1gait legjobban hasznos\u00edt\u00f3 fajt\u00e1kat telep\u00edtett\u00fck, ami p\u00e1ratlan v\u00e1ltozatoss\u00e1got biztos\u00edt sz\u00e1munkra. Ez a soksz\u00edn\u0171s\u00e9g teszi lehet\u0151v\u00e9, hogy h\u0171v\u00f6sebb \u00e9vj\u00e1ratban is kiemelked\u0151 borokat k\u00e9sz\u00edts\u00fcnk, \u00e9s a forr\u00f3 \u00e9vj\u00e1ratokban rejl\u0151 potenci\u00e1lt is ki tudjuk haszn\u00e1lni. Ezt igazolja a Lajver borok \u00e1ltal, az ut\u00f3bbi \u00f6t \u00e9vben elnyert 48 hazai \u00e9s k\u00fclf\u00f6ldi elismer\u00e9s.<\/p>\n<h4>12 sz\u0151l\u0151fajta<\/h4>\n<p>[\/vc_column_text][vc_raw_html]UmFqbmFpJTIwcml6bGluZyUyMCUzQ3NwYW4lM0UlN0MlM0MlMkZzcGFuJTNFJTIwT2xhc3pyaXpsaW5nJTIwJTNDc3BhbiUzRSU3QyUzQyUyRnNwYW4lM0UlMjBDaGFyZG9ubmF5JTIwJTNDc3BhbiUzRSU3QyUzQyUyRnNwYW4lM0UlMjBTYXV2aWdub24lMjBibGFuYyUyMCUzQ3NwYW4lM0UlN0MlM0MlMkZzcGFuJTNFJTIwQ3NlcnN6ZWdpJTIwZiVDNSVCMXN6ZXJlcyUyMCUzQ3NwYW4lM0UlN0MlM0MlMkZzcGFuJTNFJTIwJTIwS2FkYXJrYSUyMCUzQ3NwYW4lM0UlN0MlM0MlMkZzcGFuJTNFJTIwSyVDMyVBOWtmcmFua29zJTIwJTNDc3BhbiUzRSU3QyUzQyUyRnNwYW4lM0UlMjBQaW5vdCUyMG5vaXIlMjAlM0NzcGFuJTNFJTdDJTNDJTJGc3BhbiUzRSUyME1lcmxvdCUyMCUzQ3NwYW4lM0UlN0MlM0MlMkZzcGFuJTNFJTIwJTIwQ2FiZXJuZXQlMjBmcmFuYyUyMCUzQ3NwYW4lM0UlN0MlM0MlMkZzcGFuJTNFJTIwQ2FiZXJuZXQlMjBzYXV2aWdub24lMjAlM0NzcGFuJTNFJTdDJTNDJTJGc3BhbiUzRSUyMFN5cmFo[\/vc_raw_html][\/vc_column][\/vc_row][vc_row full_width=&#187;stretch_row_content_no_spaces&#187; content_placement=&#187;middle&#187; css=&#187;.vc_custom_1568983181044{background-position: center !important;background-repeat: no-repeat !important;background-size: contain !important;}&#187; el_id=&#187;szolok-utja-row2&#8243;][vc_column width=&#187;1\/2&#8243; el_class=&#187;szolok-utja-text&#187;][vc_column_text]Elismert magyar \u00e9s k\u00fclf\u00f6ldi szakemberek seg\u00edtettek minket abban, hogy olyan bor\u00e1szatot hozhassunk l\u00e9tre a szeksz\u00e1rdi dombok k\u00f6z\u00f6tt, amely a legmodernebb technol\u00f3gia seg\u00edts\u00e9g\u00e9vel t\u00f6k\u00e9letesen kihaszn\u00e1lja a term\u00e9szet adta lehet\u0151s\u00e9geket. A harminc m\u00e9ter m\u00e9lyen a f\u00f6ldbe s\u00fcllyesztett feldolgoz\u00f3 \u00e9s pince hasznos\u00edtja a F\u00f6ld gravit\u00e1ci\u00f3s energi\u00e1j\u00e1t \u00e9s term\u00e9szetes h\u0151t\u00e1rol\u00f3 k\u00e9pess\u00e9g\u00e9t, \u00edgy biztos\u00edtva a lehet\u0151 legk\u00edm\u00e9letesebb feldolgoz\u00e1st.<\/p>\n<p>A t\u0151k\u00e9n gondosan v\u00e1logatott sz\u0151l\u0151 l\u00e1d\u00e1kban l\u00e9p be a feldolgoz\u00e1s folyamat\u00e1ba a bor\u00e1szat legmagasabb pontj\u00e1n. Itt az \u00e9p f\u00fcrt\u00f6k egy r\u00e1csos r\u00e1z\u00f3asztalra ker\u00fclnek, ahol a k\u00edm\u00e9letes vibr\u00e1ci\u00f3 sor\u00e1n a legt\u00f6bb szennyez\u0151anyagt\u00f3l mag\u00e1t\u00f3l megtisztul a sz\u0151l\u0151. A marad\u00e9kot k\u00e9zi v\u00e1logat\u00e1ssal t\u00e1vol\u00edtjuk el. Ekkor t\u00f6rt\u00e9nik a nem kell\u0151en \u00e9rett, vagy s\u00e9r\u00fclt bogy\u00f3k elt\u00e1vol\u00edt\u00e1sa is. Ezut\u00e1n gravit\u00e1ci\u00f3s \u00faton juttatjuk a bogy\u00f3kat a tart\u00e1lyokba, vagy a pr\u00e9sbe.<\/p>\n<p>Az erjeszt\u00e9st tizedfokra pontosan szab\u00e1lyozott h\u0151m\u00e9rs\u00e9kleten, 24 \u00f3r\u00e1s fel\u00fcgyelet mellett v\u00e9gezz\u00fck.<\/p>\n<p>Hord\u00f3ink kiv\u00e1l\u00f3 min\u0151s\u00e9g\u0171 magyar \u00e9s amerikai t\u00f6lgyb\u0151l k\u00e9sz\u00fcltek 225, 300, 500 literes m\u00e9retekben, k\u00fcl\u00f6nb\u00f6z\u0151 p\u00f6rk\u00f6l\u00e9ssel. \u00cdgy minden borunk a legink\u00e1bb megfelel\u0151 \u00e9rlel\u00e9st kapja, hogy mindig egy l\u00e9p\u00e9ssel k\u00f6zelebb jussunk a t\u00f6k\u00e9letes Lajv\u00e9r borhoz.[\/vc_column_text][\/vc_column][vc_column width=&#187;1\/2&#8243;][\/vc_column][\/vc_row][vc_row full_width=&#187;stretch_row&#187; css=&#187;.vc_custom_1569330932524{background-image: url(https:\/\/lajverwine.com\/wp-content\/uploads\/2019\/08\/sikereink.png?id=167) !important;background-position: center !important;background-repeat: no-repeat !important;background-size: cover !important;}&#187; el_id=&#187;sikereink&#187; font_color=&#187;#5d5d5d&#187;][vc_column][vc_column_text]<\/p>\n<h2 style=\"text-align: left;\">Sikereink<\/h2>\n<p>[\/vc_column_text]<div class=\"luv-tabs \"><ul class=\"luv-tabs-nav\"><\/ul><\/div>\t[\/vc_column][\/vc_row]<\/p>\n<\/div>","protected":false},"excerpt":{"rendered":"<p>[vc_row full_width=&#187;stretch_row_content_no_spaces&#187; css=&#187;.vc_custom_1569586321675{margin-top: 0px !important;margin-right: 0px !important;margin-bottom: 0px !important;margin-left: 0px !important;border-top-width: 0px !important;border-right-width: 0px !important;border-bottom-width: 0px !important;border-left-width: 0px !important;padding-top: 0px !important;padding-right: 0px !important;padding-bottom: 0px !important;padding-left: 0px !important;background-image: url(https:\/\/lajverwine.com\/wp-content\/uploads\/2019\/09\/lajverbirotk-legi.jpg?id=1494) !important;}&#187; el_class=&#187;top-image&#187; el_id=&#187;head-img&#187;][vc_column css=&#187;.vc_custom_1565384926316{margin-top: 0px !important;margin-right: 0px !important;margin-bottom: 0px !important;margin-left: 0px !important;border-top-width: 0px !important;border-right-width: 0px !important;border-bottom-width: 0px !important;border-left-width: 0px !important;padding-top: 0px !important;padding-right: 0px !important;padding-bottom: 0px !important;padding-left: 0px [&hellip;]<\/p>\n","protected":false},"author":361,"featured_media":0,"parent":0,"menu_order":0,"comment_status":"closed","ping_status":"closed","template":"","meta":{"_acf_changed":false,"footnotes":""},"class_list":["post-132283","page","type-page","status-publish","hentry"],"acf":[],"_links":{"self":[{"href":"https:\/\/lajverwine.com\/ru\/wp-json\/wp\/v2\/pages\/132283","targetHints":{"allow":["GET"]}}],"collection":[{"href":"https:\/\/lajverwine.com\/ru\/wp-json\/wp\/v2\/pages"}],"about":[{"href":"https:\/\/lajverwine.com\/ru\/wp-json\/wp\/v2\/types\/page"}],"author":[{"embeddable":true,"href":"https:\/\/lajverwine.com\/ru\/wp-json\/wp\/v2\/users\/361"}],"replies":[{"embeddable":true,"href":"https:\/\/lajverwine.com\/ru\/wp-json\/wp\/v2\/comments?post=132283"}],"version-history":[{"count":4,"href":"https:\/\/lajverwine.com\/ru\/wp-json\/wp\/v2\/pages\/132283\/revisions"}],"predecessor-version":[{"id":132393,"href":"https:\/\/lajverwine.com\/ru\/wp-json\/wp\/v2\/pages\/132283\/revisions\/132393"}],"wp:attachment":[{"href":"https:\/\/lajverwine.com\/ru\/wp-json\/wp\/v2\/media?parent=132283"}],"curies":[{"name":"wp","href":"https:\/\/api.w.org\/{rel}","templated":true}]}}