{"id":127841,"date":"2019-08-15T07:17:37","date_gmt":"2019-08-15T06:17:37","guid":{"rendered":"https:\/\/lajverwine.com\/altalanos-szerzodesi-feltetelek\/"},"modified":"2022-12-01T09:50:42","modified_gmt":"2022-12-01T08:50:42","slug":"altalanos-szerzodesi-feltetelek","status":"publish","type":"page","link":"https:\/\/lajverwine.com\/sr\/altalanos-szerzodesi-feltetelek\/","title":{"rendered":"\u00c1ltal\u00e1nos szerz\u0151d\u00e9si felt\u00e9telek"},"content":{"rendered":"<div class=\"wpb-content-wrapper\"><p>[vc_row full_width=&#8220;stretch_row_content_no_spaces&#8220; luv_animation=&#8220;c-animate-top&#8220; css=&#8220;.vc_custom_1573635742166{margin-top: 0px !important;margin-right: 0px !important;margin-bottom: 0px !important;margin-left: 0px !important;border-top-width: 0px !important;border-right-width: 0px !important;border-bottom-width: 0px !important;border-left-width: 0px !important;padding-top: 0px !important;padding-right: 0px !important;padding-bottom: 0px !important;padding-left: 0px !important;background-image: url(https:\/\/lajverwine.com\/wp-content\/uploads\/2019\/11\/lajver-31-1.jpg?id=2233) !important;}&#8220; el_class=&#8220;top-image&#8220; el_id=&#8220;head-img&#8220;][vc_column css=&#8220;.vc_custom_1565384926316{margin-top: 0px !important;margin-right: 0px !important;margin-bottom: 0px !important;margin-left: 0px !important;border-top-width: 0px !important;border-right-width: 0px !important;border-bottom-width: 0px !important;border-left-width: 0px !important;padding-top: 0px !important;padding-right: 0px !important;padding-bottom: 0px !important;padding-left: 0px !important;}&#8220;][vc_single_image image=&#8220;129545&#8243; add_caption=&#8220;yes&#8220; alignment=&#8220;center&#8220; css=&#8220;.vc_custom_1573635713211{margin-top: 0px !important;margin-right: 0px !important;margin-bottom: 0px !important;margin-left: 0px !important;border-top-width: 0px !important;border-right-width: 0px !important;border-bottom-width: 0px !important;border-left-width: 0px !important;padding-top: 0px !important;padding-right: 0px !important;padding-bottom: 0px !important;padding-left: 0px !important;}&#8220;][\/vc_column][\/vc_row][vc_row full_width=&#8220;stretch_row&#8220;][vc_column][vc_column_text]<\/p>\n<h2><a href=\"\/wp-content\/uploads\/2022\/12\/altalanos-szerzodesi-feltetelek.pdf\">\u00c1ltal\u00e1nos szerz\u0151d\u00e9si felt\u00e9telek<\/a><\/h2>\n<p>[\/vc_column_text][\/vc_column][\/vc_row]<\/p>\n<\/div>","protected":false},"excerpt":{"rendered":"<p>[vc_row full_width=&#8220;stretch_row_content_no_spaces&#8220; luv_animation=&#8220;c-animate-top&#8220; css=&#8220;.vc_custom_1573635742166{margin-top: 0px !important;margin-right: 0px !important;margin-bottom: 0px !important;margin-left: 0px !important;border-top-width: 0px !important;border-right-width: 0px !important;border-bottom-width: 0px !important;border-left-width: 0px !important;padding-top: 0px !important;padding-right: 0px !important;padding-bottom: 0px !important;padding-left: 0px !important;background-image: url(https:\/\/lajverwine.com\/wp-content\/uploads\/2019\/11\/lajver-31-1.jpg?id=2233) !important;}&#8220; el_class=&#8220;top-image&#8220; el_id=&#8220;head-img&#8220;][vc_column css=&#8220;.vc_custom_1565384926316{margin-top: 0px !important;margin-right: 0px !important;margin-bottom: 0px !important;margin-left: 0px !important;border-top-width: 0px !important;border-right-width: 0px !important;border-bottom-width: 0px !important;border-left-width: 0px !important;padding-top: 0px !important;padding-right: 0px !important;padding-bottom: 0px !important;padding-left: [&hellip;]<\/p>\n","protected":false},"author":361,"featured_media":0,"parent":0,"menu_order":0,"comment_status":"closed","ping_status":"closed","template":"","meta":{"_acf_changed":false,"footnotes":""},"class_list":["post-127841","page","type-page","status-publish","hentry"],"acf":[],"_links":{"self":[{"href":"https:\/\/lajverwine.com\/sr\/wp-json\/wp\/v2\/pages\/127841","targetHints":{"allow":["GET"]}}],"collection":[{"href":"https:\/\/lajverwine.com\/sr\/wp-json\/wp\/v2\/pages"}],"about":[{"href":"https:\/\/lajverwine.com\/sr\/wp-json\/wp\/v2\/types\/page"}],"author":[{"embeddable":true,"href":"https:\/\/lajverwine.com\/sr\/wp-json\/wp\/v2\/users\/361"}],"replies":[{"embeddable":true,"href":"https:\/\/lajverwine.com\/sr\/wp-json\/wp\/v2\/comments?post=127841"}],"version-history":[{"count":7,"href":"https:\/\/lajverwine.com\/sr\/wp-json\/wp\/v2\/pages\/127841\/revisions"}],"predecessor-version":[{"id":134092,"href":"https:\/\/lajverwine.com\/sr\/wp-json\/wp\/v2\/pages\/127841\/revisions\/134092"}],"wp:attachment":[{"href":"https:\/\/lajverwine.com\/sr\/wp-json\/wp\/v2\/media?parent=127841"}],"curies":[{"name":"wp","href":"https:\/\/api.w.org\/{rel}","templated":true}]}}