{"id":129554,"date":"2019-08-09T12:04:38","date_gmt":"2019-08-09T12:04:38","guid":{"rendered":"https:\/\/lajverwine.com\/kapcsolat-2\/"},"modified":"2023-07-07T08:37:45","modified_gmt":"2023-07-07T07:37:45","slug":"kapcsolat","status":"publish","type":"page","link":"https:\/\/lajverwine.com\/sr\/kapcsolat\/","title":{"rendered":"Kapcsolat"},"content":{"rendered":"<div class=\"wpb-content-wrapper\"><p>[vc_row full_width=&#8220;stretch_row_content_no_spaces&#8220; css=&#8220;.vc_custom_1567517260389{margin-top: 0px !important;margin-right: 0px !important;margin-bottom: 0px !important;margin-left: 0px !important;border-top-width: 0px !important;border-right-width: 0px !important;border-bottom-width: 0px !important;border-left-width: 0px !important;padding-top: 0px !important;padding-right: 0px !important;padding-bottom: 0px !important;padding-left: 0px !important;background-image: url(https:\/\/lajverwine.com\/wp-content\/uploads\/2019\/09\/VSZ_5928-e1567164801829.jpg?id=1172) !important;}&#8220; el_class=&#8220;top-image&#8220; el_id=&#8220;head-img&#8220;][vc_column css=&#8220;.vc_custom_1565384926316{margin-top: 0px !important;margin-right: 0px !important;margin-bottom: 0px !important;margin-left: 0px !important;border-top-width: 0px !important;border-right-width: 0px !important;border-bottom-width: 0px !important;border-left-width: 0px !important;padding-top: 0px !important;padding-right: 0px !important;padding-bottom: 0px !important;padding-left: 0px !important;}&#8220;][vc_single_image image=&#8220;1172&#8243; add_caption=&#8220;yes&#8220; alignment=&#8220;center&#8220; css=&#8220;.vc_custom_1573225091057{margin-top: 0px !important;margin-right: 0px !important;margin-bottom: 0px !important;margin-left: 0px !important;border-top-width: 0px !important;border-right-width: 0px !important;border-bottom-width: 0px !important;border-left-width: 0px !important;padding-top: 0px !important;padding-right: 0px !important;padding-bottom: 0px !important;padding-left: 0px !important;}&#8220;][\/vc_column][\/vc_row][vc_row equal_height=&#8220;yes&#8220; content_placement=&#8220;top&#8220; luv_animation=&#8220;c-animate-bottom&#8220; el_id=&#8220;contact-page&#8220;][vc_column width=&#8220;1\/3&#8243;][\/vc_column][vc_column width=&#8220;1\/3&#8243; el_class=&#8220;column_shadows&#8220;][vc_single_image image=&#8220;295&#8243; alignment=&#8220;center&#8220; luv_animation=&#8220;c-animate-top&#8220; luv_floating=&#8220;true&#8220;][vc_column_text luv_animation=&#8220;c-animate-bottom&#8220;]<\/p>\n<p class=\"weight-500\" style=\"text-align: center;\"><strong>C\u00cdM<br \/>\n<\/strong>7121 Sz\u00e1lka, 07\/28 HRSZ<\/p>\n<p style=\"text-align: center;\"><strong>GPS KOORDIN\u00c1T\u00c1K<\/strong><br \/>\n46.29\u00b0N, 18.66\u00b0E<\/p>\n<p style=\"text-align: center;\"><strong>Iroda<br \/>\n<\/strong><strong>H\u00e9tk\u00f6znapokon 07:00-15:30 k\u00f6z\u00f6tt<\/strong><br \/>\n<u><a tabindex=\"-1\" title=\"tel:+3674509524\" target=\"_blank\" rel=\"noreferrer noopener\">+36 74 509 524<\/a><\/u><br \/>\n<u><a tabindex=\"-1\" title=\"mailto:info@lajverwine.com\" href=\"mailto:info@lajverwine.com\" target=\"_blank\" rel=\"noreferrer noopener\">info@lajverwine.com<\/a><\/u><\/p>\n<div>\n<p style=\"text-align: center;\"><strong>SZ\u00c1LL\u00c1SFOGLAL\u00c1S \/ BOR \u00c9RT\u00c9KES\u00cdT\u00c9S \/ MARKETING\/ RENDEZV\u00c9NYEK<br \/>\n<\/strong><strong>T\u00d3TH T\u00cdMEA<br \/>\n<\/strong><strong>H\u00c9TK\u00d6ZNAPOKON 08:00-18:00 K\u00d6Z\u00d6TT<\/strong><br \/>\n<u><a tabindex=\"-1\" title=\"tel:+36203260163\" target=\"_blank\" rel=\"noreferrer noopener\">+36 20 326 0163<\/a><\/u><br \/>\n<a href=\"mailto:timea.toth@lajverwine.com\"><u>timea.toth@lajverwine.com<\/u><\/a><\/p>\n<p style=\"text-align: center;\">\n<\/div>\n<p>[\/vc_column_text][\/vc_column][vc_column width=&#8220;1\/3&#8243;][\/vc_column][\/vc_row]<\/p>\n<\/div>","protected":false},"excerpt":{"rendered":"<p>[vc_row full_width=&#8220;stretch_row_content_no_spaces&#8220; css=&#8220;.vc_custom_1567517260389{margin-top: 0px !important;margin-right: 0px !important;margin-bottom: 0px !important;margin-left: 0px !important;border-top-width: 0px !important;border-right-width: 0px !important;border-bottom-width: 0px !important;border-left-width: 0px !important;padding-top: 0px !important;padding-right: 0px !important;padding-bottom: 0px !important;padding-left: 0px !important;background-image: url(https:\/\/lajverwine.com\/wp-content\/uploads\/2019\/09\/VSZ_5928-e1567164801829.jpg?id=1172) !important;}&#8220; el_class=&#8220;top-image&#8220; el_id=&#8220;head-img&#8220;][vc_column css=&#8220;.vc_custom_1565384926316{margin-top: 0px !important;margin-right: 0px !important;margin-bottom: 0px !important;margin-left: 0px !important;border-top-width: 0px !important;border-right-width: 0px !important;border-bottom-width: 0px !important;border-left-width: 0px !important;padding-top: 0px !important;padding-right: 0px !important;padding-bottom: 0px !important;padding-left: 0px [&hellip;]<\/p>\n","protected":false},"author":361,"featured_media":0,"parent":0,"menu_order":0,"comment_status":"closed","ping_status":"closed","template":"","meta":{"_acf_changed":false,"footnotes":""},"class_list":["post-129554","page","type-page","status-publish","hentry"],"acf":[],"_links":{"self":[{"href":"https:\/\/lajverwine.com\/sr\/wp-json\/wp\/v2\/pages\/129554","targetHints":{"allow":["GET"]}}],"collection":[{"href":"https:\/\/lajverwine.com\/sr\/wp-json\/wp\/v2\/pages"}],"about":[{"href":"https:\/\/lajverwine.com\/sr\/wp-json\/wp\/v2\/types\/page"}],"author":[{"embeddable":true,"href":"https:\/\/lajverwine.com\/sr\/wp-json\/wp\/v2\/users\/361"}],"replies":[{"embeddable":true,"href":"https:\/\/lajverwine.com\/sr\/wp-json\/wp\/v2\/comments?post=129554"}],"version-history":[{"count":3,"href":"https:\/\/lajverwine.com\/sr\/wp-json\/wp\/v2\/pages\/129554\/revisions"}],"predecessor-version":[{"id":135723,"href":"https:\/\/lajverwine.com\/sr\/wp-json\/wp\/v2\/pages\/129554\/revisions\/135723"}],"wp:attachment":[{"href":"https:\/\/lajverwine.com\/sr\/wp-json\/wp\/v2\/media?parent=129554"}],"curies":[{"name":"wp","href":"https:\/\/api.w.org\/{rel}","templated":true}]}}