{"id":132284,"date":"2022-03-10T05:17:54","date_gmt":"2022-03-10T04:17:54","guid":{"rendered":"https:\/\/lajverwine.com\/lajver-boraszat\/"},"modified":"2022-03-10T05:23:21","modified_gmt":"2022-03-10T04:23:21","slug":"lajver-boraszat","status":"publish","type":"page","link":"https:\/\/lajverwine.com\/sr\/lajver-boraszat\/","title":{"rendered":"Vinarija"},"content":{"rendered":"<div class=\"wpb-content-wrapper\"><p>[vc_row full_width=&#8220;stretch_row_content_no_spaces&#8220; css=&#8220;.vc_custom_1569586321675{margin-top: 0px !important;margin-right: 0px !important;margin-bottom: 0px !important;margin-left: 0px !important;border-top-width: 0px !important;border-right-width: 0px !important;border-bottom-width: 0px !important;border-left-width: 0px !important;padding-top: 0px !important;padding-right: 0px !important;padding-bottom: 0px !important;padding-left: 0px !important;background-image: url(https:\/\/lajverwine.com\/wp-content\/uploads\/2019\/09\/lajverbirotk-legi.jpg?id=1494) !important;}&#8220; el_class=&#8220;top-image&#8220; el_id=&#8220;head-img&#8220;][vc_column css=&#8220;.vc_custom_1565384926316{margin-top: 0px !important;margin-right: 0px !important;margin-bottom: 0px !important;margin-left: 0px !important;border-top-width: 0px !important;border-right-width: 0px !important;border-bottom-width: 0px !important;border-left-width: 0px !important;padding-top: 0px !important;padding-right: 0px !important;padding-bottom: 0px !important;padding-left: 0px !important;}&#8220;][vc_single_image image=&#8220;129455&#8243; add_caption=&#8220;yes&#8220; alignment=&#8220;center&#8220; css=&#8220;.vc_custom_1573224905110{margin-top: 0px !important;margin-right: 0px !important;margin-bottom: 0px !important;margin-left: 0px !important;border-top-width: 0px !important;border-right-width: 0px !important;border-bottom-width: 0px !important;border-left-width: 0px !important;padding-top: 0px !important;padding-right: 0px !important;padding-bottom: 0px !important;padding-left: 0px !important;}&#8220;][\/vc_column][\/vc_row][vc_row luv_animation=&#8220;c-animate-bottom&#8220; el_id=&#8220;boraszat&#8220; css=&#8220;.vc_custom_1565536322583{margin-top: -100px !important;margin-right: 0px !important;margin-left: 0px !important;padding-right: 0px !important;padding-left: 0px !important;background-color: #231f20 !important;}&#8220;][vc_column][vc_raw_html]JTNDaDIlMjBzdHlsZSUzRCUyMnRleHQtYWxpZ24lM0ElMjBjZW50ZXIlM0IlMjIlM0UyNiUyMGhla3RhcmElMjAlM0NzcGFuJTNFJTdDJTNDJTJGc3BhbiUzRSUyMDQlMjB0YWJsZSUyMCUzQ3NwYW4lM0UlN0MlM0MlMkZzcGFuJTNFJTIwMzAlMjB0ZXJhc2ElM0MlMkZoMiUzRQ==[\/vc_raw_html][vc_column_text css=&#8220;.vc_custom_1621342790400{padding-top: 25px !important;padding-right: 35px !important;padding-bottom: 25px !important;padding-left: 35px !important;}&#8220;]<\/p>\n<h4 style=\"text-align: center;\">PRILIKOM PLANIRANJA VINARIJE BILO JE VA\u017dNO DA PO\u0160TUJEMO PRIRODNE KARAKTERISTIKE OKOLINE I DA IM SE PRILAGO\u0110AVAMO, DA BI SE IMANJE \u0160TO HARMONI\u010cNIJE UKLOPILO U OKOLINU<\/h4>\n<p style=\"text-align: center;\">Planta\u017ea od trideset terasa formirana na \u010detiri daske savr\u0161eno se prilago\u0111ava koritu potoka Lajver, \u0161to daje posebnu i prirodnu mikroklimu za imanje. To ne samo da zna\u010di da postoji nekoliko temperaturnih razlika izme\u0111u donje i gornje terase tokom cele godine, vec\u0301 i da je sadr\u017eaj vode u tlu razli\u010dit. Dolina, kao prirodni kanal za vetar, provetrava li\u0161c\u0301e i grozdove planta\u017ea, poma\u017euc\u0301i tako ekolo\u0161ki svesnom vinogradarstvu. Ova sorta omoguc\u0301ava svim na\u0161im dvanaest sorti gro\u017e\u0111a da se osec\u0301aju kao kod kuc\u0301e.<\/p>\n<p>[\/vc_column_text][\/vc_column][\/vc_row][vc_row luv_animation=&#8220;c-animate-bottom&#8220; css=&#8220;.vc_custom_1565538729446{background-image: url(https:\/\/lajverwine.com\/wp-content\/uploads\/2019\/08\/funkcio-bg.png?id=137) !important;}&#8220; el_id=&#8220;boraszat-mini&#8220;][vc_column width=&#8220;5\/6&#8243; el_class=&#8220;boraszat-mini-vontent&#8220;][vc_row_inner][vc_column_inner el_class=&#8220;boraszat-mini-content-left&#8220; luv_animation=&#8220;c-animate-left&#8220; width=&#8220;1\/4&#8243; css=&#8220;.vc_custom_1565538914122{background-color: #f26c4f !important;}&#8220;][vc_single_image image=&#8220;129446&#8243; alignment=&#8220;center&#8220;][vc_column_text]<\/p>\n<h5 style=\"text-align: center;\">5 Funkcija,<br \/>\n3 krila<\/h5>\n<p>[\/vc_column_text][\/vc_column_inner][vc_column_inner width=&#8220;3\/4&#8243;][vc_column_text]Vrhunska, ultramoderna zgrada pro\u010di\u0161\u0107enih linija izgra\u0111ena je oko koncepta beskompromisne obrade. Cilj je bio da napravimo arhitektonski izvanrednu zgradu koja se dobro uklapa u pejza\u017e, od koje je vec\u0301i deo pod zemljom. Tokom gra\u0111enja smo nastojali da koristimo prirodne materijale kao \u0161to su drvo, beton, kamen, metal i staklo. Objekat savr\u0161eno ispunjava sve potrebne funkcije: istovremeno je to centar za posetioce, vinski bistro, industrijska zgrada, skladi\u0161te i podrum. Su\u0161tina prirodnog vinarstva je ne\u017ena obrada gro\u017e\u0111a zasnovana na savremenoj gravitacionoj tehnologiji.[\/vc_column_text][\/vc_column_inner][\/vc_row_inner][\/vc_column][\/vc_row][vc_row full_width=&#8220;stretch_row&#8220; content_placement=&#8220;middle&#8220; luv_text_alignment=&#8220;center&#8220; css=&#8220;.vc_custom_1565539021466{margin-top: 0px !important;margin-right: 0px !important;margin-bottom: 0px !important;margin-left: 0px !important;background: #231f20 url(https:\/\/lajverwine.com\/wp-content\/uploads\/2019\/08\/alnyomat2.png?id=82) !important;background-position: center !important;background-repeat: no-repeat !important;background-size: contain !important;}&#8220; el_class=&#8220;page-gray-separator&#8220;][vc_column][vc_text_separator title=&#8220;PUT GRO\u017d\u0110A&#8220; color=&#8220;custom&#8220; style=&#8220;shadow&#8220; css=&#8220;.vc_custom_1621342888502{margin-top: 0px !important;margin-right: 0px !important;margin-bottom: 0px !important;margin-left: 0px !important;padding-top: 0px !important;padding-right: 30px !important;padding-bottom: 30px !important;padding-left: 30px !important;}&#8220; accent_color=&#8220;#ffffff&#8220; el_class=&#8220;whitetext&#8220;][\/vc_column][\/vc_row][vc_row full_width=&#8220;stretch_row_content_no_spaces&#8220; content_placement=&#8220;middle&#8220; luv_text_alignment=&#8220;center&#8220; css=&#8220;.vc_custom_1565537756022{background-position: center !important;background-repeat: no-repeat !important;background-size: contain !important;}&#8220; el_id=&#8220;szolok-utja-row1&#8243;][vc_column width=&#8220;1\/2&#8243;][\/vc_column][vc_column width=&#8220;1\/2&#8243; el_class=&#8220;szolok-utja-text&#8220;][vc_column_text]Zasadili smo dvanaest sorti gro\u017e\u0111a, ali ne pravimo zasebnu seriju od svake. Odre\u0111ene sorte su nam lep\u0161e ako se ne fla\u0161iraju same po sebi. \u010cesto uz neobi\u010dne, nove me\u0161avine najbolje mo\u017eemo da izrazimo ono \u0161to mislimo o vinogradarstvu i vinarstvu.<\/p>\n<h4>48 Nagrada<\/h4>\n<p>Kod biranja sorte, samo se oko kvaliteta vodilo ra\u010duna Na svakoj terasi smo postavili sorte koje najbolje koriste njena svojstva, \u0161to nam daje neuporedivu raznovrsnost. Ova raznolikost nam omoguc\u0301ava da napravimo izvanredna vina \u010dak i u hladnijim berbama, a tako\u0111e mo\u017eemo iskoristiti potencijal vruc\u0301ih berbi. To potvr\u0111uje i 48 domac\u0301ih i stranih priznanja koja su vina Lajver osvojila u poslednjih pet godina.<\/p>\n<h4>12 SORTI GRO\u017d\u0110A<\/h4>\n<p>[\/vc_column_text][vc_raw_html]UmFqbnNraSUyMHJpemxpbmclMjAlMjAlM0NzcGFuJTNFJTdDJTNDJTJGc3BhbiUzRSUyMEl0YWxpamFuc2tpJTIwcml6bGluZyUyMCUzQ3NwYW4lM0UlN0MlM0MlMkZzcGFuJTNFJTIwJUM1JUEwYXJkb25lJTIwJTNDc3BhbiUzRSU3QyUzQyUyRnNwYW4lM0UlMjBTb3ZpbmpvbiUyMGJsYW5rJTIwJTIwJTNDc3BhbiUzRSU3QyUzQyUyRnNwYW4lM0UlMjAlQzQlOENlcnNlZ2klMjBmaXNlcmUlQzUlQTElMjAlM0NzcGFuJTNFJTdDJTNDJTJGc3BhbiUzRSUyMCUyMEthZGFya2ElMjAlM0NzcGFuJTNFJTdDJTNDJTJGc3BhbiUzRSUyMEtpa2ZyYW5rbyVDNSVBMSUyMCUzQ3NwYW4lM0UlN0MlM0MlMkZzcGFuJTNFJTIwUGlubyUyMG5vYXIlMjAlM0NzcGFuJTNFJTdDJTNDJTJGc3BhbiUzRSUyME1lcmxvJTIwJTNDc3BhbiUzRSU3QyUzQyUyRnNwYW4lM0UlMjAlMjBLYWJlcm5lJTIwZnJhbmslMjAlMjAlM0NzcGFuJTNFJTdDJTNDJTJGc3BhbiUzRSUyMEthYmVybmUlMjBzb3ZpbmpvbiUyMCUyMCUzQ3NwYW4lM0UlN0MlM0MlMkZzcGFuJTNFJTIwJUM1JUEwaXJheg==[\/vc_raw_html][\/vc_column][\/vc_row][vc_row full_width=&#8220;stretch_row_content_no_spaces&#8220; content_placement=&#8220;middle&#8220; css=&#8220;.vc_custom_1568983181044{background-position: center !important;background-repeat: no-repeat !important;background-size: contain !important;}&#8220; el_id=&#8220;szolok-utja-row2&#8243;][vc_column width=&#8220;1\/2&#8243; el_class=&#8220;szolok-utja-text&#8220;][vc_column_text]<\/p>\n<p style=\"margin: 0cm; vertical-align: baseline;\"><span style=\"font-size: 10.5pt;\">Poznati ma\u0111arski i strani stru\u010dnjaci pomogli su nam da stvorimo vinariju izme\u0111u brda Seksarda koja u potpunosti koristi moguc\u0301nosti koje priroda nudi uz pomoc\u0301 najsavremenije tehnologije. Pogon za preradu i podrum ukopan na do trideset metara dubine koriste Zemljinu gravitacionu energiju i prirodni kapacitet skladi\u0161tenja toplote, obezbe\u0111ujuc\u0301i najne\u017eniju moguc\u0301u obradu.<\/span><\/p>\n<p>&nbsp;<\/p>\n<p style=\"margin: 0cm; vertical-align: baseline;\"><span style=\"font-size: 10.5pt;\">Gro\u017e\u0111e koje je bri\u017eno birano na lozi, preko gajbi ulazi u proces proizvodnje na najvi\u0161oj ta\u010dki vinarije Ovde se netaknuti grozdovi stavljaju na re\u0161etkasti sto za muc\u0301kanje, gde se gro\u017e\u0111e automatski \u010disti od vec\u0301ine zaga\u0111iva\u010da pomo\u0107u blagih vibracija. Ostatak se uklanja ru\u010dnim sortiranjem. Tada se uklanjaju i bobice koje nisu dovoljno zrele ili su o\u0161tec\u0301ene. Bobice se zatim gravitacijom dovode u kontejnere ili presu.<\/span><\/p>\n<p>&nbsp;<\/p>\n<p style=\"margin: 0cm; vertical-align: baseline;\"><span style=\"font-size: 10.5pt;\">Fermentacija se vr\u0161i na desetinku stepena ta\u010dno kontrolisanoj temperaturi pod nadzorom od 24 sata.<\/span><\/p>\n<p>&nbsp;<\/p>\n<p style=\"margin: 0cm; vertical-align: baseline;\"><span style=\"font-size: 10.5pt;\">Na\u0161a burad su izra\u0111ena od visokokvalitetnog ma\u0111arskog i ameri\u010dkog hrasta veli\u010dine 225, 300, 500 litara, sa razli\u010ditim pr\u017eenjem. Na ovaj na\u010din sva na\u0161a vina dobijaju najprikladnije zrenje, tako da smo uvek korak bli\u017ee savr\u0161enom vinu Lajver.<\/span><\/p>\n<p>[\/vc_column_text][\/vc_column][vc_column width=&#8220;1\/2&#8243;][\/vc_column][\/vc_row][vc_row full_width=&#8220;stretch_row&#8220; css=&#8220;.vc_custom_1569330932524{background-image: url(https:\/\/lajverwine.com\/wp-content\/uploads\/2019\/08\/sikereink.png?id=167) !important;background-position: center !important;background-repeat: no-repeat !important;background-size: cover !important;}&#8220; el_id=&#8220;sikereink&#8220; font_color=&#8220;#5d5d5d&#8220;][vc_column][vc_column_text]<strong>NA\u0160I USPESI<\/strong>[\/vc_column_text]<div class=\"luv-tabs \"><ul class=\"luv-tabs-nav\"><\/ul><\/div>\t[\/vc_column][\/vc_row]<\/p>\n<\/div>","protected":false},"excerpt":{"rendered":"<p>[vc_row full_width=&#8220;stretch_row_content_no_spaces&#8220; css=&#8220;.vc_custom_1569586321675{margin-top: 0px !important;margin-right: 0px !important;margin-bottom: 0px !important;margin-left: 0px !important;border-top-width: 0px !important;border-right-width: 0px !important;border-bottom-width: 0px !important;border-left-width: 0px !important;padding-top: 0px !important;padding-right: 0px !important;padding-bottom: 0px !important;padding-left: 0px !important;background-image: url(https:\/\/lajverwine.com\/wp-content\/uploads\/2019\/09\/lajverbirotk-legi.jpg?id=1494) !important;}&#8220; el_class=&#8220;top-image&#8220; el_id=&#8220;head-img&#8220;][vc_column css=&#8220;.vc_custom_1565384926316{margin-top: 0px !important;margin-right: 0px !important;margin-bottom: 0px !important;margin-left: 0px !important;border-top-width: 0px !important;border-right-width: 0px !important;border-bottom-width: 0px !important;border-left-width: 0px !important;padding-top: 0px !important;padding-right: 0px !important;padding-bottom: 0px !important;padding-left: 0px [&hellip;]<\/p>\n","protected":false},"author":361,"featured_media":0,"parent":0,"menu_order":0,"comment_status":"closed","ping_status":"closed","template":"","meta":{"_acf_changed":false,"footnotes":""},"class_list":["post-132284","page","type-page","status-publish","hentry"],"acf":[],"_links":{"self":[{"href":"https:\/\/lajverwine.com\/sr\/wp-json\/wp\/v2\/pages\/132284","targetHints":{"allow":["GET"]}}],"collection":[{"href":"https:\/\/lajverwine.com\/sr\/wp-json\/wp\/v2\/pages"}],"about":[{"href":"https:\/\/lajverwine.com\/sr\/wp-json\/wp\/v2\/types\/page"}],"author":[{"embeddable":true,"href":"https:\/\/lajverwine.com\/sr\/wp-json\/wp\/v2\/users\/361"}],"replies":[{"embeddable":true,"href":"https:\/\/lajverwine.com\/sr\/wp-json\/wp\/v2\/comments?post=132284"}],"version-history":[{"count":4,"href":"https:\/\/lajverwine.com\/sr\/wp-json\/wp\/v2\/pages\/132284\/revisions"}],"predecessor-version":[{"id":132300,"href":"https:\/\/lajverwine.com\/sr\/wp-json\/wp\/v2\/pages\/132284\/revisions\/132300"}],"wp:attachment":[{"href":"https:\/\/lajverwine.com\/sr\/wp-json\/wp\/v2\/media?parent=132284"}],"curies":[{"name":"wp","href":"https:\/\/api.w.org\/{rel}","templated":true}]}}