{"id":125879,"date":"2020-01-10T13:15:24","date_gmt":"2020-01-10T12:15:24","guid":{"rendered":"https:\/\/lajverwine.com\/webshop\/lajver-kikfrankos-limited-2015\/"},"modified":"2021-11-27T00:00:19","modified_gmt":"2021-11-26T22:00:19","slug":"lajver-kikfrankos-limited-2015","status":"publish","type":"product","link":"https:\/\/lajverwine.com\/sr\/termek\/lajver-kikfrankos-limited-2015\/","title":{"rendered":"Lajver Kikfranko\u0161 Limited 2015"},"content":{"rendered":"<p>Panonsko suvo crno vino sa oznakom geografske za\u0161tite porekla<\/p>\n<p>Kikfranko\u0161, napravljen od savr\u0161eno zreliih, odabranih sirovina ubranih sa loze koja je bila pod blagim optere\u0107enjem Srednje telo karakteristi\u010dnog ukusa. Vino pravog u\u017eitka, u kome note buradi daju skladnu dopunu i zaobljenost.<\/p>\n<p>Vino male serije sa jedinstvenim serijskim brojem, napravljeno je samo 696 fla\u0161a, a dostupno je isklju\u010divo u vinskom bistrou Lajver i u na\u0161oj veb prodavnici.<\/p>\n<p><em><strong>Kako se pravilo:<\/strong><\/em><br \/>\nPosle ne\u017ene obrade i ru\u010dnog gnje\u010denja, fermentirano je u kadi. Odle\u017ealo je 18 meseci u prvom i drugom punjenju ma\u0111arske barik ba\u010dve.<\/p>\n<p>Alkohol: 12,5%, kiselina: 5,5 g\/l<\/p>\n","protected":false},"excerpt":{"rendered":"<p>PANONSKO SUVO CRNO VINO SA OZNAKOM GEOGRAFSKE ZA\u0160TITE POREKLA<\/p>\n","protected":false},"featured_media":125880,"template":"","meta":{"_acf_changed":false},"product_brand":[],"product_cat":[140],"product_tag":[],"class_list":{"0":"post-125879","1":"product","2":"type-product","3":"status-publish","4":"has-post-thumbnail","6":"product_cat-limited-sr","8":"first","9":"instock","10":"shipping-taxable","11":"purchasable","12":"product-type-simple"},"acf":[],"_links":{"self":[{"href":"https:\/\/lajverwine.com\/sr\/wp-json\/wp\/v2\/product\/125879","targetHints":{"allow":["GET"]}}],"collection":[{"href":"https:\/\/lajverwine.com\/sr\/wp-json\/wp\/v2\/product"}],"about":[{"href":"https:\/\/lajverwine.com\/sr\/wp-json\/wp\/v2\/types\/product"}],"wp:featuredmedia":[{"embeddable":true,"href":"https:\/\/lajverwine.com\/sr\/wp-json\/wp\/v2\/media\/125880"}],"wp:attachment":[{"href":"https:\/\/lajverwine.com\/sr\/wp-json\/wp\/v2\/media?parent=125879"}],"wp:term":[{"taxonomy":"product_brand","embeddable":true,"href":"https:\/\/lajverwine.com\/sr\/wp-json\/wp\/v2\/product_brand?post=125879"},{"taxonomy":"product_cat","embeddable":true,"href":"https:\/\/lajverwine.com\/sr\/wp-json\/wp\/v2\/product_cat?post=125879"},{"taxonomy":"product_tag","embeddable":true,"href":"https:\/\/lajverwine.com\/sr\/wp-json\/wp\/v2\/product_tag?post=125879"}],"curies":[{"name":"wp","href":"https:\/\/api.w.org\/{rel}","templated":true}]}}