{"id":125907,"date":"2019-08-22T10:13:27","date_gmt":"2019-08-22T09:13:27","guid":{"rendered":"https:\/\/lajverwine.com\/webshop\/lajver-sound-penusavi-beli-cuvee-2018\/"},"modified":"2021-11-27T00:00:17","modified_gmt":"2021-11-26T22:00:17","slug":"lajver-sound-penusavi-beli-cuvee-2018","status":"publish","type":"product","link":"https:\/\/lajverwine.com\/sr\/termek\/lajver-sound-penusavi-beli-cuvee-2018\/","title":{"rendered":"Lajver Sound Penu\u0161avi Beli Cuvee 2018"},"content":{"rendered":"<h3>O VINU<\/h3>\n<p>Intenzivno penu\u0161avo vino, istovremeno zeleno, vo\u0107no, sve\u017ee i hrskavo, i koje prosto navodi da zagrizete ove zapanjuju\u0107e mirisne tonove sve\u017eine. U gutljaju cvetaju \u017eivahne, poletne kiseline, pored kojih se pojavljuje so\u010dnost. Dodavanjem ugljen-dioksida posigli smo da osec\u0301aj hrskave voc\u0301nosti bude jo\u0161 sve\u017eiji i uzbudljiviji. Pravo pulsiraju\u0107e \u017eivo vino, koje priziva leto, tra\u017ei terasu, udobnu stolicu i dobro dru\u0161tvo.<\/p>\n<p><em><strong>Kako se pravi?<\/strong><\/em><\/p>\n<p>Ru\u010dno biranje grozdova. U ner\u0111aju\u0107em rezervoaru, po sorti sa alkoholnom fermentacijom u reduktivnom prostoru. Posle odvojenog sazrevanja ukr\u0161tamo da bismo prona\u0161li najbolju harmoniju ukusa i aroma. Tokom fla\u0161iranja dodajemo ugljen-dioksid, da bi se pretvorilo u penu\u0161avo vino.<\/p>\n<p><em><strong>Od \u010dega se pravi?<\/strong><\/em><\/p>\n<ul>\n<li>90%\u00a0\u010cersegi Fisere\u0161<\/li>\n<li>4,5% Italijanski rizling (Gra\u0161evina)<\/li>\n<li>3,5% \u0160ardone<\/li>\n<li>2% Rajnski rizling<\/li>\n<\/ul>\n<p>Alkohol: 11,5%, Sav: 6,2g\/l<\/p>\n","protected":false},"excerpt":{"rendered":"<p>PANONSKO POLUSUVO BELO PENU\u0160AVO VINO SA OZNAKOM GEOGRAFSKE ZA\u0160TITE POREKLA, UZ DODATAK UGLJEN-DIOKSIDA<\/p>\n","protected":false},"featured_media":133191,"template":"","meta":{"_acf_changed":false},"product_brand":[],"product_cat":[152],"product_tag":[],"class_list":{"0":"post-125907","1":"product","2":"type-product","3":"status-publish","4":"has-post-thumbnail","6":"product_cat-szaraz-feher-sr","8":"first","9":"instock","10":"shipping-taxable","11":"purchasable","12":"product-type-simple"},"acf":[],"_links":{"self":[{"href":"https:\/\/lajverwine.com\/sr\/wp-json\/wp\/v2\/product\/125907","targetHints":{"allow":["GET"]}}],"collection":[{"href":"https:\/\/lajverwine.com\/sr\/wp-json\/wp\/v2\/product"}],"about":[{"href":"https:\/\/lajverwine.com\/sr\/wp-json\/wp\/v2\/types\/product"}],"wp:featuredmedia":[{"embeddable":true,"href":"https:\/\/lajverwine.com\/sr\/wp-json\/wp\/v2\/media\/133191"}],"wp:attachment":[{"href":"https:\/\/lajverwine.com\/sr\/wp-json\/wp\/v2\/media?parent=125907"}],"wp:term":[{"taxonomy":"product_brand","embeddable":true,"href":"https:\/\/lajverwine.com\/sr\/wp-json\/wp\/v2\/product_brand?post=125907"},{"taxonomy":"product_cat","embeddable":true,"href":"https:\/\/lajverwine.com\/sr\/wp-json\/wp\/v2\/product_cat?post=125907"},{"taxonomy":"product_tag","embeddable":true,"href":"https:\/\/lajverwine.com\/sr\/wp-json\/wp\/v2\/product_tag?post=125907"}],"curies":[{"name":"wp","href":"https:\/\/api.w.org\/{rel}","templated":true}]}}