{"id":125945,"date":"2020-12-08T09:34:17","date_gmt":"2020-12-08T08:34:17","guid":{"rendered":"https:\/\/lajverwine.com\/webshop\/lajver-szekszardi-merlot-2018\/"},"modified":"2021-11-27T00:00:16","modified_gmt":"2021-11-26T22:00:16","slug":"lajver-seksardi-merlo-2018","status":"publish","type":"product","link":"https:\/\/lajverwine.com\/sr\/termek\/lajver-seksardi-merlo-2018\/","title":{"rendered":"Lajver Seksardi Merlo 2018"},"content":{"rendered":"<h3>O VINU<\/h3>\n<p>Miri\u0161e kao da je ovaj merlot ne\u0161to, mogli bismo rec\u0301i sebi, malo \u0161umskog voc\u0301a, prstohvat cvec\u0301a, samo posuto za\u010dinima. Sve je proporcionalno, sve je na svom mestu. Ni u gutljaju nema preterivanja, voc\u0301nost \u0161ljive i kupine ne potiskuje slatko za\u010dinjeno bure, kiseline pumpaju dovoljno vitalnosti, osec\u0301am tanin, ali ceo gutljaj me tiho i bar\u0161unasto skida sa nogu. Na samom kraju, potez malo ironi\u010dno otpija &#8211; poslednji gutljaj vi\u0161nje-\u0161ljive, ali to me samo ohrabruje da po\u010dnem ponovo, jer gutljaj somota nikome jo\u0161 nije \u0161kodio.<\/p>\n<p><em><strong>Kako se pravi?\u00a0<\/strong><\/em><br \/>\nRu\u010dno biranje grozda, a zatim i bobica. U ner\u0111aju\u0107em rezervoaru, sa alkoholnom fermentacijom u reduktivnom prostoru. Sazrevanje u hrastovim buradima koje traje 12 meseci.<\/p>\n<p><em><strong>Od \u010dega se pravi?<\/strong><\/em><\/p>\n<ul>\n<li>100% Merlo<\/li>\n<\/ul>\n<p><em><strong>Nagrade, plakete:<\/strong><\/em><\/p>\n<ul>\n<li>Vinski trofej Berliner &#8211; Zlatna medalja 2018<\/li>\n<li>Takmi\u010denje vina regiona Seksard \u2013 zlatna medalja, 2018<\/li>\n<\/ul>\n<p>Alkohol: 13%, Kiselina: 5,1\u00a0g\/l<\/p>\n","protected":false},"excerpt":{"rendered":"<p>SUVO CRNO VINO SA OZNAKOM GEOGRAFSKE ZA\u0160TITE POREKLA<\/p>\n","protected":false},"featured_media":125946,"template":"","meta":{"_acf_changed":false},"product_brand":[],"product_cat":[163,166],"product_tag":[],"class_list":{"0":"post-125945","1":"product","2":"type-product","3":"status-publish","4":"has-post-thumbnail","6":"product_cat-szaraz-voros-sr","7":"product_cat-uncategorized-sr","9":"first","10":"instock","11":"shipping-taxable","12":"purchasable","13":"product-type-simple"},"acf":[],"_links":{"self":[{"href":"https:\/\/lajverwine.com\/sr\/wp-json\/wp\/v2\/product\/125945","targetHints":{"allow":["GET"]}}],"collection":[{"href":"https:\/\/lajverwine.com\/sr\/wp-json\/wp\/v2\/product"}],"about":[{"href":"https:\/\/lajverwine.com\/sr\/wp-json\/wp\/v2\/types\/product"}],"wp:featuredmedia":[{"embeddable":true,"href":"https:\/\/lajverwine.com\/sr\/wp-json\/wp\/v2\/media\/125946"}],"wp:attachment":[{"href":"https:\/\/lajverwine.com\/sr\/wp-json\/wp\/v2\/media?parent=125945"}],"wp:term":[{"taxonomy":"product_brand","embeddable":true,"href":"https:\/\/lajverwine.com\/sr\/wp-json\/wp\/v2\/product_brand?post=125945"},{"taxonomy":"product_cat","embeddable":true,"href":"https:\/\/lajverwine.com\/sr\/wp-json\/wp\/v2\/product_cat?post=125945"},{"taxonomy":"product_tag","embeddable":true,"href":"https:\/\/lajverwine.com\/sr\/wp-json\/wp\/v2\/product_tag?post=125945"}],"curies":[{"name":"wp","href":"https:\/\/api.w.org\/{rel}","templated":true}]}}