{"id":125953,"date":"2019-08-22T10:15:01","date_gmt":"2019-08-22T09:15:01","guid":{"rendered":"https:\/\/lajverwine.com\/webshop\/lajver-seksardi-kaberne-suvinjon-2018\/"},"modified":"2021-11-27T00:00:16","modified_gmt":"2021-11-26T22:00:16","slug":"lajver-seksardi-kaberne-suvinjon-2018","status":"publish","type":"product","link":"https:\/\/lajverwine.com\/sr\/termek\/lajver-seksardi-kaberne-suvinjon-2018\/","title":{"rendered":"Lajver Seksardi Kaberne Suvinjon 2018"},"content":{"rendered":"<h3>O VINU<\/h3>\n<p>Borovnica, crna ribizla, hladna nana i sve\u017ee mleveni biber se tako\u0111e pojavljuju u njegovom mirisu, a zatim u gutljaju ko\u017eastost dodaje jo\u0161 jednu nijansu, nenametljivo, tek toliko, da ga u\u010dini egzoti\u010dnijim. Tanin je ovde odlu\u010dan, aroma kakaa i pr\u017eenih semenki dodaje do\u017eivljaj ukusa, ne koncentrisan, ali ipak prili\u010dno intenzivan u ustima. To je trajno, \u017eivo vino koga jo\u0161 uvek ima dosta, dok ne sazre, ali nec\u0301emo pogre\u0161iti ako sada otpijemo gutljaj, tu je, pri samom vrhuncu.<\/p>\n<p><em><strong>Kako se pravi?<\/strong><\/em><br \/>\nPosle fermentacije u \u010deli\u010dnim rezervoarima odle\u017ealo je 12 meseci u buradiima od hrasta. Puno, tamno bordo vino u kome su dobro odabrani datum berbe, pa\u017eljiva obrada i izbor ba\u010dvi, zahvaljuju\u0107i \u010demu je nastalo zaista karakteristi\u010dno, zrelo vino.<\/p>\n<p><em><strong>Od \u010dega se pravi?<\/strong><\/em><\/p>\n<ul>\n<li>100% Kaberne suvinjon<\/li>\n<\/ul>\n<p>Alkohol: 13,5%, Kiselina: 5,5\u00a0g\/l<\/p>\n","protected":false},"excerpt":{"rendered":"<p>SUVO CRNO VINO SA OZNAKOM GEOGRAFSKE ZA\u0160TITE POREKLA<\/p>\n","protected":false},"featured_media":125957,"template":"","meta":{"_acf_changed":false},"product_brand":[],"product_cat":[163,137],"product_tag":[],"class_list":{"0":"post-125953","1":"product","2":"type-product","3":"status-publish","4":"has-post-thumbnail","6":"product_cat-szaraz-voros-sr","7":"product_cat-kiemelt-termekek-sr","9":"first","10":"instock","11":"shipping-taxable","12":"purchasable","13":"product-type-simple"},"acf":[],"_links":{"self":[{"href":"https:\/\/lajverwine.com\/sr\/wp-json\/wp\/v2\/product\/125953","targetHints":{"allow":["GET"]}}],"collection":[{"href":"https:\/\/lajverwine.com\/sr\/wp-json\/wp\/v2\/product"}],"about":[{"href":"https:\/\/lajverwine.com\/sr\/wp-json\/wp\/v2\/types\/product"}],"wp:featuredmedia":[{"embeddable":true,"href":"https:\/\/lajverwine.com\/sr\/wp-json\/wp\/v2\/media\/125957"}],"wp:attachment":[{"href":"https:\/\/lajverwine.com\/sr\/wp-json\/wp\/v2\/media?parent=125953"}],"wp:term":[{"taxonomy":"product_brand","embeddable":true,"href":"https:\/\/lajverwine.com\/sr\/wp-json\/wp\/v2\/product_brand?post=125953"},{"taxonomy":"product_cat","embeddable":true,"href":"https:\/\/lajverwine.com\/sr\/wp-json\/wp\/v2\/product_cat?post=125953"},{"taxonomy":"product_tag","embeddable":true,"href":"https:\/\/lajverwine.com\/sr\/wp-json\/wp\/v2\/product_tag?post=125953"}],"curies":[{"name":"wp","href":"https:\/\/api.w.org\/{rel}","templated":true}]}}